{"id":3757,"date":"2025-03-07T10:18:33","date_gmt":"2025-03-07T15:18:33","guid":{"rendered":"https:\/\/calfeutrage-elite.com\/elite-caulking-in-la-prairie\/"},"modified":"2025-04-24T12:05:02","modified_gmt":"2025-04-24T16:05:02","slug":"elite-caulking-in-la-prairie","status":"publish","type":"page","link":"https:\/\/calfeutrage-elite.com\/en\/elite-caulking-in-la-prairie\/","title":{"rendered":"Elite Caulking in La Prairie"},"content":{"rendered":"<p>[et_pb_section fb_built=&#8221;1&#8243; fullwidth=&#8221;on&#8221; _builder_version=&#8221;4.27.4&#8243; _module_preset=&#8221;default&#8221; global_colors_info=&#8221;{}&#8221;][et_pb_fullwidth_header title=&#8221;Elite Caulking in La Prairie&#8221; background_overlay_color=&#8221;rgba(0,0,0,0.42)&#8221; _builder_version=&#8221;4.27.4&#8243; _module_preset=&#8221;default&#8221; title_font=&#8221;&#8211;et_global_heading_font|700|||||||&#8221; title_text_color=&#8221;#FFFFFF&#8221; title_font_size=&#8221;64px&#8221; title_line_height=&#8221;1.5em&#8221; content_font=&#8221;&#8211;et_global_body_font|600|||||||&#8221; content_text_align=&#8221;left&#8221; content_text_color=&#8221;#FFFFFF&#8221; content_font_size=&#8221;20px&#8221; content_line_height=&#8221;1.8em&#8221; subhead_text_color=&#8221;#FFFFFF&#8221; subhead_font_size=&#8221;19px&#8221; background_enable_color=&#8221;off&#8221; use_background_color_gradient=&#8221;on&#8221; background_color_gradient_stops=&#8221;rgba(0,0,0,0.42) 0%|rgba(0,0,0,0.42) 100%&#8221; background_color_gradient_overlays_image=&#8221;on&#8221; background_image=&#8221;https:\/\/calfeutrage-elite.com\/wp-content\/uploads\/2025\/02\/Brossard-2_Grand_v3-scaled-1.jpg&#8221; background_position=&#8221;bottom_center&#8221; background_vertical_offset=&#8221;18%&#8221; background_enable_video_mp4=&#8221;off&#8221; custom_button_one=&#8221;on&#8221; button_one_text_color=&#8221;#FFFFFF&#8221; button_one_bg_color=&#8221;#0072FF&#8221; button_one_border_color=&#8221;#0072FF&#8221; button_one_use_icon=&#8221;off&#8221; button_one_custom_padding=&#8221;|30px||30px|false|true&#8221; custom_button_two=&#8221;on&#8221; button_two_text_color=&#8221;#FFFFFF&#8221; button_two_bg_color=&#8221;#00C6FF&#8221; button_two_border_color=&#8221;#00C6FF&#8221; button_two_use_icon=&#8221;off&#8221; button_two_custom_padding=&#8221;|30px||30px|false|true&#8221; custom_padding=&#8221;8%|0%|8%|0%|true|true&#8221; title_font_size_tablet=&#8221;64px&#8221; title_font_size_phone=&#8221;40px&#8221; title_font_size_last_edited=&#8221;on|phone&#8221; content_font_size_tablet=&#8221;20px&#8221; content_font_size_phone=&#8221;18px&#8221; content_font_size_last_edited=&#8221;on|phone&#8221; button_one_text_size_tablet=&#8221;&#8221; button_one_text_size_phone=&#8221;18px&#8221; button_one_text_size_last_edited=&#8221;on|phone&#8221; button_two_text_size_tablet=&#8221;&#8221; button_two_text_size_phone=&#8221;18px&#8221; button_two_text_size_last_edited=&#8221;on|phone&#8221; global_colors_info=&#8221;{}&#8221; button_one_bg_color__hover_enabled=&#8221;on|hover&#8221; button_one_bg_color__hover=&#8221;#00C6FF&#8221; button_one_bg_enable_color__hover=&#8221;on&#8221; button_one_border_color__hover_enabled=&#8221;on|hover&#8221; button_one_border_color__hover=&#8221;#00C6FF&#8221; button_two_bg_color__hover_enabled=&#8221;on|hover&#8221; button_two_bg_color__hover=&#8221;#0072FF&#8221; button_two_bg_enable_color__hover=&#8221;on&#8221; button_two_border_color__hover_enabled=&#8221;on|hover&#8221; button_two_border_color__hover=&#8221;#0072FF&#8221;][\/et_pb_fullwidth_header][\/et_pb_section][et_pb_section fb_built=&#8221;1&#8243; _builder_version=&#8221;4.27.4&#8243; _module_preset=&#8221;default&#8221; background_color=&#8221;#F6F8FA&#8221; locked=&#8221;off&#8221; global_colors_info=&#8221;{}&#8221;][et_pb_row _builder_version=&#8221;4.27.4&#8243; _module_preset=&#8221;default&#8221; background_color=&#8221;#FFFFFF&#8221; background_enable_image=&#8221;off&#8221; z_index=&#8221;2&#8243; width=&#8221;85%&#8221; max_width=&#8221;1290px&#8221; custom_margin=&#8221;-80px|auto|0px|auto|false|true&#8221; custom_margin_tablet=&#8221;-80px|auto|0px|auto|false|true&#8221; custom_margin_phone=&#8221;|0px||0px|false|true&#8221; custom_margin_last_edited=&#8221;on|phone&#8221; custom_padding=&#8221;0px||0px||true|false&#8221; global_colors_info=&#8221;{}&#8221;][et_pb_column type=&#8221;4_4&#8243; _builder_version=&#8221;4.27.4&#8243; _module_preset=&#8221;default&#8221; background_image=&#8221;https:\/\/calfeutrage-elite.com\/wp-content\/uploads\/2024\/07\/pattern.webp&#8221; custom_padding=&#8221;98px|30px|50px|120px|false|false&#8221; custom_padding_tablet=&#8221;98px|100px|50px|120px|false|false&#8221; custom_padding_phone=&#8221;98px|50px|50px|50px|false|false&#8221; custom_padding_last_edited=&#8221;on|phone&#8221; global_colors_info=&#8221;{}&#8221;][et_pb_image src=&#8221;https:\/\/calfeutrage-elite.com\/wp-content\/uploads\/2025\/02\/Banniere-home.jpg&#8221; title_text=&#8221;Banniere-home&#8221; _builder_version=&#8221;4.27.4&#8243; _module_preset=&#8221;default&#8221; global_colors_info=&#8221;{}&#8221;][\/et_pb_image][et_pb_button button_url=&#8221;tel:450-473-3548&#8243; button_text=&#8221;Contact us now for an estimate of your needs&#8221; button_alignment=&#8221;center&#8221; _builder_version=&#8221;4.27.4&#8243; _module_preset=&#8221;default&#8221; global_colors_info=&#8221;{}&#8221;][\/et_pb_button][et_pb_text _builder_version=&#8221;4.27.4&#8243; _module_preset=&#8221;default&#8221; text_text_color=&#8221;#000000&#8243; text_font_size=&#8221;18px&#8221; global_colors_info=&#8221;{}&#8221;]To make the energy performance of an apartment optimal, there are a number of inspections that must be carried out. The purpose of this inspection is actually to determine all the flaws in the house. To this end, when these are detected and rectified, the owner of the house benefits from an improvement in his living comfort and also a reduction in the cost of his heating bills, for example.  <\/p>\n<p>Caulking Elite provides the inhabitants of La Prairie with its services and expertise in caulking windows, doors and repairing the seals of all the faults in your home.[\/et_pb_text][et_pb_text _builder_version=&#8221;4.27.4&#8243; _module_preset=&#8221;default&#8221; header_2_font=&#8221;&#8211;et_global_heading_font|700|||||||&#8221; header_2_text_color=&#8221;#000000&#8243; header_2_font_size=&#8221;50px&#8221; header_2_letter_spacing=&#8221;-1px&#8221; header_3_font=&#8221;|700|||||||&#8221; header_3_text_color=&#8221;#000000&#8243; header_3_font_size=&#8221;34px&#8221; locked=&#8221;off&#8221; global_colors_info=&#8221;{}&#8221;]<\/p>\n<h3>Causes of air infiltration in your home<br \/>\n<\/h3>\n<p>[\/et_pb_text][et_pb_text _builder_version=&#8221;4.27.4&#8243; _module_preset=&#8221;default&#8221; text_text_color=&#8221;#000000&#8243; text_font_size=&#8221;18px&#8221; global_colors_info=&#8221;{}&#8221;]<\/p>\n<p>Primarily, the dilapidated caulking that is already cracked, dried out and peeled off is the source of air penetration into your cabin, particularly through the contours of windows and doors. Apart from this source of infiltration, several other elements can be the cause of air infiltration in a building. <\/p>\n<p>When the components of doors and windows are no longer in good condition, it can cause air to infiltrate a home. These components include frames, weatherstripping, and gaskets around thermos windows. <\/p>\n<p>When the roof is defective or the seals around the brick, aluminum or vinyl siding are already old, your home is also exposed to air infiltration. So to determine which of these causes is the one that lets air infiltrate your home, it is advisable to proceed by elimination. <\/p>\n<p>[\/et_pb_text][et_pb_button button_url=&#8221;tel:450-473-3548&#8243; button_text=&#8221;Call us now for an estimate of your needs&#8221; button_alignment=&#8221;center&#8221; _builder_version=&#8221;4.27.4&#8243; _module_preset=&#8221;default&#8221; locked=&#8221;off&#8221; global_colors_info=&#8221;{}&#8221;][\/et_pb_button][et_pb_text _builder_version=&#8221;4.27.4&#8243; _module_preset=&#8221;default&#8221; header_2_font=&#8221;&#8211;et_global_heading_font|700|||||||&#8221; header_2_text_color=&#8221;#000000&#8243; header_2_font_size=&#8221;50px&#8221; header_2_letter_spacing=&#8221;-1px&#8221; header_3_font=&#8221;|700|||||||&#8221; header_3_text_color=&#8221;#000000&#8243; header_3_font_size=&#8221;34px&#8221; locked=&#8221;off&#8221; global_colors_info=&#8221;{}&#8221;]<\/p>\n<h3>The advantages of caulking your home<br \/>\n<\/h3>\n<p>[\/et_pb_text][et_pb_text _builder_version=&#8221;4.27.4&#8243; _module_preset=&#8221;default&#8221; text_text_color=&#8221;#000000&#8243; text_font_size=&#8221;18px&#8221; global_colors_info=&#8221;{}&#8221;]<img loading=\"lazy\" decoding=\"async\" class=\"size-full alignright \" src=\"https:\/\/calfeutrage-elite.com\/wp-content\/uploads\/2025\/02\/calfeutrage-fenetres-mtl-600x380-1.jpg\" alt=\"caulking windows\" width=\"600\" height=\"400\"><br \/>\nWhen the caulking of your doors, windows, or gasket repair work is done regularly, several advantages follow. These advantages can be seen both financially and in terms of living comfort. First of all, caulking your home generally has a positive impact on the environment. In other words, it allows you to make a   <span> <\/span><strong>Energy saving<\/strong><span> <\/span>considerable; which is part of the<span> <\/span><strong>ecological protection<\/strong>.<\/p>\n<p>Secondly, caulking the house optimizes its lifespan. To do this, the house must benefit from quality caulking both outside and inside. In addition to helping to keep caulked materials in good condition, it effectively reduces the risk  <span> <\/span><strong>air infiltration<\/strong>,<span> <\/span><strong>water<\/strong><span> <\/span>or insect infestations.[\/et_pb_text][et_pb_text _builder_version=&#8221;4.27.4&#8243; _module_preset=&#8221;default&#8221; header_2_font=&#8221;&#8211;et_global_heading_font|700|||||||&#8221; header_2_text_color=&#8221;#000000&#8243; header_2_font_size=&#8221;50px&#8221; header_2_letter_spacing=&#8221;-1px&#8221; header_3_font=&#8221;|700|||||||&#8221; header_3_text_color=&#8221;#000000&#8243; header_3_font_size=&#8221;34px&#8221; locked=&#8221;off&#8221; global_colors_info=&#8221;{}&#8221;]<\/p>\n<h3>What should be done when the thermos window is defective to the point of being fogged up and dirty?<br \/>\n<\/h3>\n<p>[\/et_pb_text][et_pb_text _builder_version=&#8221;4.27.4&#8243; _module_preset=&#8221;default&#8221; text_text_color=&#8221;#000000&#8243; text_font_size=&#8221;18px&#8221; global_colors_info=&#8221;{}&#8221;]Also called glass, tile or glazing, the thermos is a set of several panes of glass sealed together that is installed in the frame of a window. Indeed, when you notice the presence of fog between the sealed panes of glass or stains between them, it is clear that the thermos window either needs to be changed or the double glazing needs to be renovated. <\/p>\n<p>In this regard, Calfeutrage Elite has a team of professionals (artisans-glaziers) with more than fifteen years of experience in this field. Whether it is the repair, renovation, or aluminum insertion of wooden windows, we offer you a quality service to the inhabitants of La Prairie with a guarantee depending on the work carried out.[\/et_pb_text][et_pb_text _builder_version=&#8221;4.27.4&#8243; _module_preset=&#8221;default&#8221; header_2_font=&#8221;&#8211;et_global_heading_font|700|||||||&#8221; header_2_text_color=&#8221;#000000&#8243; header_2_font_size=&#8221;50px&#8221; header_2_letter_spacing=&#8221;-1px&#8221; locked=&#8221;off&#8221; global_colors_info=&#8221;{}&#8221;]<\/p>\n<h2>Contact us now!<br \/>\n<\/h2>\n<p>[\/et_pb_text][et_pb_text _builder_version=&#8221;4.27.4&#8243; _module_preset=&#8221;default&#8221; text_text_color=&#8221;#000000&#8243; text_font_size=&#8221;18px&#8221; custom_margin=&#8221;||||false|false&#8221; custom_padding=&#8221;1px||||false|false&#8221; locked=&#8221;off&#8221; global_colors_info=&#8221;{}&#8221;]To request a quote, use the contact form below or call<span> <\/span><strong><a href=\"tel:56149103548\">514 910 ELIT (3548).<\/a><\/strong>[\/et_pb_text][et_pb_text _builder_version=&#8221;4.27.4&#8243; _module_preset=&#8221;default&#8221; text_text_color=&#8221;#000000&#8243; text_font_size=&#8221;18px&#8221; custom_margin=&#8221;||||false|false&#8221; custom_padding=&#8221;||||false|false&#8221; locked=&#8221;off&#8221; global_colors_info=&#8221;{}&#8221;]<\/p>\n<p><a href=\"https:\/\/calfeutrage-elite.com\/soumission\/\"><strong>Here is the Contact Form<\/strong><\/a><\/p>\n<p>[\/et_pb_text][\/et_pb_column][\/et_pb_row][\/et_pb_section][et_pb_section fb_built=&#8221;1&#8243; module_class=&#8221;bg-attachment-fixed &#8221; _builder_version=&#8221;4.27.2&#8243; _module_preset=&#8221;default&#8221; use_background_color_gradient=&#8221;on&#8221; background_color_gradient_stops=&#8221;rgba(0,114,255,0.66) 0%|rgba(0,198,255,0.64) 100%&#8221; background_color_gradient_overlays_image=&#8221;on&#8221; background_image=&#8221;https:\/\/calfeutrage-elite.com\/wp-content\/uploads\/2024\/10\/Calfeutrage-4-scaled.jpg&#8221; background_position=&#8221;bottom_center&#8221; custom_padding=&#8221;100px||100px||true|false&#8221; locked=&#8221;off&#8221; global_colors_info=&#8221;{}&#8221;][et_pb_row _builder_version=&#8221;4.27.4&#8243; _module_preset=&#8221;default&#8221; width=&#8221;100%&#8221; max_width=&#8221;1310px&#8221; custom_padding=&#8221;|100px||100px|false|true&#8221; global_colors_info=&#8221;{}&#8221;][et_pb_column type=&#8221;4_4&#8243; module_class=&#8221;btn-line&#8221; _builder_version=&#8221;4.27.0&#8243; _module_preset=&#8221;default&#8221; global_colors_info=&#8221;{}&#8221;][et_pb_text _builder_version=&#8221;4.27.4&#8243; _module_preset=&#8221;default&#8221; header_3_font=&#8221;&#8211;et_global_heading_font|800||on|||||&#8221; header_3_text_align=&#8221;left&#8221; header_3_text_color=&#8221;#FFFFFF&#8221; header_3_font_size=&#8221;25px&#8221; header_3_line_height=&#8221;1.2em&#8221; text_orientation=&#8221;center&#8221; locked=&#8221;off&#8221; global_colors_info=&#8221;{}&#8221;]<\/p>\n<h3>Do you need to renovate your caulking?<\/h3>\n<p>[\/et_pb_text][et_pb_text _builder_version=&#8221;4.27.4&#8243; _module_preset=&#8221;default&#8221; text_font=&#8221;|600|||||||&#8221; text_text_color=&#8221;#FFFFFF&#8221; text_font_size=&#8221;18px&#8221; global_colors_info=&#8221;{}&#8221;]<\/p>\n<p>Request a quote, it&#8217;s fast and free.<\/p>\n<p>[\/et_pb_text][et_pb_button button_url=&#8221;@ET-DC@eyJkeW5hbWljIjp0cnVlLCJjb250ZW50IjoicG9zdF9saW5rX3VybF9wYWdlIiwic2V0dGluZ3MiOnsicG9zdF9pZCI6IjI2IiwiZW5hYmxlX2h0bWwiOiJvZmYifX0=@&#8221; button_text=&#8221;Contact&#8221; button_alignment=&#8221;left&#8221; _builder_version=&#8221;4.27.4&#8243; _dynamic_attributes=&#8221;button_url&#8221; _module_preset=&#8221;default&#8221; custom_button=&#8221;on&#8221; button_text_color=&#8221;#FFFFFF&#8221; button_bg_color=&#8221;RGBA(255,255,255,0)&#8221; button_border_width=&#8221;0px&#8221; button_border_radius=&#8221;0px&#8221; button_font=&#8221;&#8211;et_global_body_font|800||on|||||&#8221; button_use_icon=&#8221;off&#8221; custom_padding=&#8221;|0px||0px|false|true&#8221; locked=&#8221;off&#8221; global_colors_info=&#8221;{}&#8221; button_bg_color__hover_enabled=&#8221;on|desktop&#8221; button_bg_color__hover=&#8221;RGBA(255,255,255,0)&#8221;][\/et_pb_button][\/et_pb_column][\/et_pb_row][\/et_pb_section]<\/p>\n","protected":false},"excerpt":{"rendered":"<p>To make the energy performance of an apartment optimal, there are a number of inspections that must be carried out. The purpose of this inspection is actually to determine all the flaws in the house. To this end, when these are detected and rectified, the owner of the house benefits from an improvement in his [&hellip;]<\/p>\n","protected":false},"author":1,"featured_media":0,"parent":0,"menu_order":0,"comment_status":"closed","ping_status":"closed","template":"","meta":{"_et_pb_use_builder":"on","_et_pb_old_content":"","_et_gb_content_width":"","footnotes":""},"class_list":["post-3757","page","type-page","status-publish","hentry"],"yoast_head":"<!-- This site is optimized with the Yoast SEO plugin v26.3 - https:\/\/yoast.com\/wordpress\/plugins\/seo\/ -->\n<title>Professional caulking company in Two Mountains<\/title>\n<meta name=\"description\" content=\"Caulking of the windows of houses, condos, high-rise buildings, trade... Our caulking company in Deux Montagnes responds quickly with specific equipment such as gondola, lift crane, quality sealant and performance. Contact our caulking service for a free quote.\" \/>\n<meta name=\"robots\" content=\"index, follow, max-snippet:-1, max-image-preview:large, max-video-preview:-1\" \/>\n<link rel=\"canonical\" href=\"https:\/\/calfeutrage-elite.com\/en\/elite-caulking-in-la-prairie\/\" \/>\n<meta property=\"og:locale\" content=\"en_US\" \/>\n<meta property=\"og:type\" content=\"article\" \/>\n<meta property=\"og:title\" content=\"Professional caulking company in Two Mountains\" \/>\n<meta property=\"og:description\" content=\"Caulking of the windows of houses, condos, high-rise buildings, trade... Our caulking company in Deux Montagnes responds quickly with specific equipment such as gondola, lift crane, quality sealant and performance. Contact our caulking service for a free quote.\" \/>\n<meta property=\"og:url\" content=\"https:\/\/calfeutrage-elite.com\/en\/elite-caulking-in-la-prairie\/\" \/>\n<meta property=\"og:site_name\" content=\"Calfeutrage elite\" \/>\n<meta property=\"article:modified_time\" content=\"2025-04-24T16:05:02+00:00\" \/>\n<meta property=\"og:image\" content=\"https:\/\/calfeutrage-elite.com\/wp-content\/uploads\/2025\/02\/calfeutrage-fenetres-mtl-600x380-1.jpg\" \/>\n<meta name=\"twitter:card\" content=\"summary_large_image\" \/>\n<meta name=\"twitter:label1\" content=\"Est. reading time\" \/>\n\t<meta name=\"twitter:data1\" content=\"8 minutes\" \/>\n<script type=\"application\/ld+json\" class=\"yoast-schema-graph\">{\"@context\":\"https:\/\/schema.org\",\"@graph\":[{\"@type\":\"WebPage\",\"@id\":\"https:\/\/calfeutrage-elite.com\/en\/elite-caulking-in-la-prairie\/\",\"url\":\"https:\/\/calfeutrage-elite.com\/en\/elite-caulking-in-la-prairie\/\",\"name\":\"Professional caulking company in Two Mountains\",\"isPartOf\":{\"@id\":\"https:\/\/calfeutrage-elite.com\/en\/#website\"},\"primaryImageOfPage\":{\"@id\":\"https:\/\/calfeutrage-elite.com\/en\/elite-caulking-in-la-prairie\/#primaryimage\"},\"image\":{\"@id\":\"https:\/\/calfeutrage-elite.com\/en\/elite-caulking-in-la-prairie\/#primaryimage\"},\"thumbnailUrl\":\"https:\/\/calfeutrage-elite.com\/wp-content\/uploads\/2025\/02\/calfeutrage-fenetres-mtl-600x380-1.jpg\",\"datePublished\":\"2025-03-07T15:18:33+00:00\",\"dateModified\":\"2025-04-24T16:05:02+00:00\",\"description\":\"Caulking of the windows of houses, condos, high-rise buildings, trade... Our caulking company in Deux Montagnes responds quickly with specific equipment such as gondola, lift crane, quality sealant and performance. Contact our caulking service for a free quote.\",\"breadcrumb\":{\"@id\":\"https:\/\/calfeutrage-elite.com\/en\/elite-caulking-in-la-prairie\/#breadcrumb\"},\"inLanguage\":\"en-CA\",\"potentialAction\":[{\"@type\":\"ReadAction\",\"target\":[\"https:\/\/calfeutrage-elite.com\/en\/elite-caulking-in-la-prairie\/\"]}]},{\"@type\":\"ImageObject\",\"inLanguage\":\"en-CA\",\"@id\":\"https:\/\/calfeutrage-elite.com\/en\/elite-caulking-in-la-prairie\/#primaryimage\",\"url\":\"https:\/\/calfeutrage-elite.com\/wp-content\/uploads\/2025\/02\/calfeutrage-fenetres-mtl-600x380-1.jpg\",\"contentUrl\":\"https:\/\/calfeutrage-elite.com\/wp-content\/uploads\/2025\/02\/calfeutrage-fenetres-mtl-600x380-1.jpg\"},{\"@type\":\"BreadcrumbList\",\"@id\":\"https:\/\/calfeutrage-elite.com\/en\/elite-caulking-in-la-prairie\/#breadcrumb\",\"itemListElement\":[{\"@type\":\"ListItem\",\"position\":1,\"name\":\"Home\",\"item\":\"https:\/\/calfeutrage-elite.com\/en\/\"},{\"@type\":\"ListItem\",\"position\":2,\"name\":\"Elite Caulking in La Prairie\"}]},{\"@type\":\"WebSite\",\"@id\":\"https:\/\/calfeutrage-elite.com\/en\/#website\",\"url\":\"https:\/\/calfeutrage-elite.com\/en\/\",\"name\":\"Calfeutrage elite\",\"description\":\"L&#039;\u00e9lite du calfeutrage \u00e0 Montr\u00e9al\",\"potentialAction\":[{\"@type\":\"SearchAction\",\"target\":{\"@type\":\"EntryPoint\",\"urlTemplate\":\"https:\/\/calfeutrage-elite.com\/en\/?s={search_term_string}\"},\"query-input\":{\"@type\":\"PropertyValueSpecification\",\"valueRequired\":true,\"valueName\":\"search_term_string\"}}],\"inLanguage\":\"en-CA\"}]}<\/script>\n<!-- \/ Yoast SEO plugin. -->","yoast_head_json":{"title":"Professional caulking company in Two Mountains","description":"Caulking of the windows of houses, condos, high-rise buildings, trade... Our caulking company in Deux Montagnes responds quickly with specific equipment such as gondola, lift crane, quality sealant and performance. Contact our caulking service for a free quote.","robots":{"index":"index","follow":"follow","max-snippet":"max-snippet:-1","max-image-preview":"max-image-preview:large","max-video-preview":"max-video-preview:-1"},"canonical":"https:\/\/calfeutrage-elite.com\/en\/elite-caulking-in-la-prairie\/","og_locale":"en_US","og_type":"article","og_title":"Professional caulking company in Two Mountains","og_description":"Caulking of the windows of houses, condos, high-rise buildings, trade... Our caulking company in Deux Montagnes responds quickly with specific equipment such as gondola, lift crane, quality sealant and performance. Contact our caulking service for a free quote.","og_url":"https:\/\/calfeutrage-elite.com\/en\/elite-caulking-in-la-prairie\/","og_site_name":"Calfeutrage elite","article_modified_time":"2025-04-24T16:05:02+00:00","og_image":[{"url":"https:\/\/calfeutrage-elite.com\/wp-content\/uploads\/2025\/02\/calfeutrage-fenetres-mtl-600x380-1.jpg","type":"","width":"","height":""}],"twitter_card":"summary_large_image","twitter_misc":{"Est. reading time":"8 minutes"},"schema":{"@context":"https:\/\/schema.org","@graph":[{"@type":"WebPage","@id":"https:\/\/calfeutrage-elite.com\/en\/elite-caulking-in-la-prairie\/","url":"https:\/\/calfeutrage-elite.com\/en\/elite-caulking-in-la-prairie\/","name":"Professional caulking company in Two Mountains","isPartOf":{"@id":"https:\/\/calfeutrage-elite.com\/en\/#website"},"primaryImageOfPage":{"@id":"https:\/\/calfeutrage-elite.com\/en\/elite-caulking-in-la-prairie\/#primaryimage"},"image":{"@id":"https:\/\/calfeutrage-elite.com\/en\/elite-caulking-in-la-prairie\/#primaryimage"},"thumbnailUrl":"https:\/\/calfeutrage-elite.com\/wp-content\/uploads\/2025\/02\/calfeutrage-fenetres-mtl-600x380-1.jpg","datePublished":"2025-03-07T15:18:33+00:00","dateModified":"2025-04-24T16:05:02+00:00","description":"Caulking of the windows of houses, condos, high-rise buildings, trade... Our caulking company in Deux Montagnes responds quickly with specific equipment such as gondola, lift crane, quality sealant and performance. Contact our caulking service for a free quote.","breadcrumb":{"@id":"https:\/\/calfeutrage-elite.com\/en\/elite-caulking-in-la-prairie\/#breadcrumb"},"inLanguage":"en-CA","potentialAction":[{"@type":"ReadAction","target":["https:\/\/calfeutrage-elite.com\/en\/elite-caulking-in-la-prairie\/"]}]},{"@type":"ImageObject","inLanguage":"en-CA","@id":"https:\/\/calfeutrage-elite.com\/en\/elite-caulking-in-la-prairie\/#primaryimage","url":"https:\/\/calfeutrage-elite.com\/wp-content\/uploads\/2025\/02\/calfeutrage-fenetres-mtl-600x380-1.jpg","contentUrl":"https:\/\/calfeutrage-elite.com\/wp-content\/uploads\/2025\/02\/calfeutrage-fenetres-mtl-600x380-1.jpg"},{"@type":"BreadcrumbList","@id":"https:\/\/calfeutrage-elite.com\/en\/elite-caulking-in-la-prairie\/#breadcrumb","itemListElement":[{"@type":"ListItem","position":1,"name":"Home","item":"https:\/\/calfeutrage-elite.com\/en\/"},{"@type":"ListItem","position":2,"name":"Elite Caulking in La Prairie"}]},{"@type":"WebSite","@id":"https:\/\/calfeutrage-elite.com\/en\/#website","url":"https:\/\/calfeutrage-elite.com\/en\/","name":"Calfeutrage elite","description":"L&#039;\u00e9lite du calfeutrage \u00e0 Montr\u00e9al","potentialAction":[{"@type":"SearchAction","target":{"@type":"EntryPoint","urlTemplate":"https:\/\/calfeutrage-elite.com\/en\/?s={search_term_string}"},"query-input":{"@type":"PropertyValueSpecification","valueRequired":true,"valueName":"search_term_string"}}],"inLanguage":"en-CA"}]}},"_links":{"self":[{"href":"https:\/\/calfeutrage-elite.com\/en\/wp-json\/wp\/v2\/pages\/3757","targetHints":{"allow":["GET"]}}],"collection":[{"href":"https:\/\/calfeutrage-elite.com\/en\/wp-json\/wp\/v2\/pages"}],"about":[{"href":"https:\/\/calfeutrage-elite.com\/en\/wp-json\/wp\/v2\/types\/page"}],"author":[{"embeddable":true,"href":"https:\/\/calfeutrage-elite.com\/en\/wp-json\/wp\/v2\/users\/1"}],"replies":[{"embeddable":true,"href":"https:\/\/calfeutrage-elite.com\/en\/wp-json\/wp\/v2\/comments?post=3757"}],"version-history":[{"count":4,"href":"https:\/\/calfeutrage-elite.com\/en\/wp-json\/wp\/v2\/pages\/3757\/revisions"}],"predecessor-version":[{"id":4988,"href":"https:\/\/calfeutrage-elite.com\/en\/wp-json\/wp\/v2\/pages\/3757\/revisions\/4988"}],"wp:attachment":[{"href":"https:\/\/calfeutrage-elite.com\/en\/wp-json\/wp\/v2\/media?parent=3757"}],"curies":[{"name":"wp","href":"https:\/\/api.w.org\/{rel}","templated":true}]}}