{"id":3758,"date":"2025-03-07T10:58:01","date_gmt":"2025-03-07T15:58:01","guid":{"rendered":"https:\/\/calfeutrage-elite.com\/caulking-st-therese-north-shore\/"},"modified":"2025-04-24T12:14:51","modified_gmt":"2025-04-24T16:14:51","slug":"caulking-st-therese-north-shore","status":"publish","type":"page","link":"https:\/\/calfeutrage-elite.com\/en\/caulking-st-therese-north-shore\/","title":{"rendered":"Caulking St. Therese, North Shore"},"content":{"rendered":"<p>[et_pb_section fb_built=&#8221;1&#8243; fullwidth=&#8221;on&#8221; _builder_version=&#8221;4.27.4&#8243; _module_preset=&#8221;default&#8221; global_colors_info=&#8221;{}&#8221;][et_pb_fullwidth_header title=&#8221;Caulking St. Therese, North Shore&#8221; background_overlay_color=&#8221;rgba(0,0,0,0.42)&#8221; _builder_version=&#8221;4.27.4&#8243; _module_preset=&#8221;default&#8221; title_font=&#8221;&#8211;et_global_heading_font|700|||||||&#8221; title_text_color=&#8221;#FFFFFF&#8221; title_font_size=&#8221;64px&#8221; title_line_height=&#8221;1.5em&#8221; content_font=&#8221;&#8211;et_global_body_font|600|||||||&#8221; content_text_align=&#8221;left&#8221; content_text_color=&#8221;#FFFFFF&#8221; content_font_size=&#8221;20px&#8221; content_line_height=&#8221;1.8em&#8221; subhead_text_color=&#8221;#FFFFFF&#8221; subhead_font_size=&#8221;19px&#8221; background_enable_color=&#8221;off&#8221; use_background_color_gradient=&#8221;on&#8221; background_color_gradient_stops=&#8221;rgba(0,0,0,0.42) 0%|rgba(0,0,0,0.42) 100%&#8221; background_color_gradient_overlays_image=&#8221;on&#8221; background_enable_image=&#8221;off&#8221; background_position=&#8221;bottom_center&#8221; background_vertical_offset=&#8221;18%&#8221; background_enable_video_mp4=&#8221;off&#8221; custom_button_one=&#8221;on&#8221; button_one_text_color=&#8221;#FFFFFF&#8221; button_one_bg_color=&#8221;#0072FF&#8221; button_one_border_color=&#8221;#0072FF&#8221; button_one_use_icon=&#8221;off&#8221; button_one_custom_padding=&#8221;|30px||30px|false|true&#8221; custom_button_two=&#8221;on&#8221; button_two_text_color=&#8221;#FFFFFF&#8221; button_two_bg_color=&#8221;#00C6FF&#8221; button_two_border_color=&#8221;#00C6FF&#8221; button_two_use_icon=&#8221;off&#8221; button_two_custom_padding=&#8221;|30px||30px|false|true&#8221; custom_padding=&#8221;8%|0%|8%|0%|true|true&#8221; title_font_size_tablet=&#8221;64px&#8221; title_font_size_phone=&#8221;40px&#8221; title_font_size_last_edited=&#8221;on|phone&#8221; content_font_size_tablet=&#8221;20px&#8221; content_font_size_phone=&#8221;18px&#8221; content_font_size_last_edited=&#8221;on|phone&#8221; button_one_text_size_tablet=&#8221;&#8221; button_one_text_size_phone=&#8221;18px&#8221; button_one_text_size_last_edited=&#8221;on|phone&#8221; button_two_text_size_tablet=&#8221;&#8221; button_two_text_size_phone=&#8221;18px&#8221; button_two_text_size_last_edited=&#8221;on|phone&#8221; global_colors_info=&#8221;{}&#8221; button_one_bg_color__hover_enabled=&#8221;on|hover&#8221; button_one_bg_color__hover=&#8221;#00C6FF&#8221; button_one_bg_enable_color__hover=&#8221;on&#8221; button_one_border_color__hover_enabled=&#8221;on|hover&#8221; button_one_border_color__hover=&#8221;#00C6FF&#8221; button_two_bg_color__hover_enabled=&#8221;on|hover&#8221; button_two_bg_color__hover=&#8221;#0072FF&#8221; button_two_bg_enable_color__hover=&#8221;on&#8221; button_two_border_color__hover_enabled=&#8221;on|hover&#8221; button_two_border_color__hover=&#8221;#0072FF&#8221;][\/et_pb_fullwidth_header][\/et_pb_section][et_pb_section fb_built=&#8221;1&#8243; _builder_version=&#8221;4.27.4&#8243; _module_preset=&#8221;default&#8221; background_color=&#8221;#F6F8FA&#8221; locked=&#8221;off&#8221; global_colors_info=&#8221;{}&#8221;][et_pb_row column_structure=&#8221;3_5,2_5&#8243; module_class=&#8221;boxe-polygonne&#8221; _builder_version=&#8221;4.27.4&#8243; _module_preset=&#8221;default&#8221; background_color=&#8221;#FFFFFF&#8221; background_enable_image=&#8221;off&#8221; z_index=&#8221;2&#8243; width=&#8221;100%&#8221; max_width=&#8221;1290px&#8221; custom_margin=&#8221;-80px|auto|0px|auto|false|true&#8221; custom_margin_tablet=&#8221;-80px|auto|0px|auto|false|true&#8221; custom_margin_phone=&#8221;|0px||0px|false|true&#8221; custom_margin_last_edited=&#8221;on|phone&#8221; custom_padding=&#8221;0px||0px||true|false&#8221; global_colors_info=&#8221;{}&#8221;][et_pb_column type=&#8221;3_5&#8243; _builder_version=&#8221;4.27.4&#8243; _module_preset=&#8221;default&#8221; background_image=&#8221;https:\/\/calfeutrage-elite.com\/wp-content\/uploads\/2024\/07\/pattern.webp&#8221; custom_padding=&#8221;98px|30px|50px|120px|false|false&#8221; custom_padding_tablet=&#8221;98px|100px|50px|120px|false|false&#8221; custom_padding_phone=&#8221;98px|50px|50px|50px|false|false&#8221; custom_padding_last_edited=&#8221;on|phone&#8221; global_colors_info=&#8221;{}&#8221;][et_pb_image src=&#8221;https:\/\/calfeutrage-elite.com\/wp-content\/uploads\/2025\/02\/Banniere-home.jpg&#8221; title_text=&#8221;Banniere-home&#8221; _builder_version=&#8221;4.27.4&#8243; _module_preset=&#8221;default&#8221; global_colors_info=&#8221;{}&#8221;][\/et_pb_image][et_pb_text _builder_version=&#8221;4.27.4&#8243; _module_preset=&#8221;default&#8221; text_text_color=&#8221;#000000&#8243; text_font_size=&#8221;18px&#8221; global_colors_info=&#8221;{}&#8221;]<\/p>\n<p><span>Calfeutrage \u00c9lite is a company specializing in <\/span><a href=\"https:\/\/calfeutrage-elite.com\/en\/photos\/\">caulking door and window seals<\/a><span>, to ensure better insulation of buildings. For more than 10 years, the methods implemented by the company have made it possible to reduce the   <\/span><a href=\"https:\/\/calfeutrage-elite.com\/en\/air-infiltration\/\">Air<span> <\/span><\/a><a href=\"https:\/\/calfeutrage-elite.com\/en\/water-infiltration\/\">and water infiltration through the frames<\/a><span>, to increase the comfort of housing. Calfeutrage \u00c9lite doesn&#8217;t just replace your defective door and window seals, it also works on   <\/span><a href=\"https:\/\/calfeutrage-elite.com\/joints-de-maconnerie\/\">Masonry joints<\/a><span>, an essential complement to guarantee you a real seal<\/span><\/p>\n<p>[\/et_pb_text][et_pb_text _builder_version=&#8221;4.27.4&#8243; _module_preset=&#8221;default&#8221; header_2_font=&#8221;&#8211;et_global_heading_font|700|||||||&#8221; header_2_text_color=&#8221;#000000&#8243; header_2_font_size=&#8221;50px&#8221; header_2_letter_spacing=&#8221;-1px&#8221; locked=&#8221;off&#8221; global_colors_info=&#8221;{}&#8221;]<\/p>\n<h2>Renovating your existing caulking<\/h2>\n<p>[\/et_pb_text][et_pb_text _builder_version=&#8221;4.27.4&#8243; _module_preset=&#8221;default&#8221; text_text_color=&#8221;#000000&#8243; text_font_size=&#8221;18px&#8221; global_colors_info=&#8221;{}&#8221;]<\/p>\n<p><span>If you notice cracks or peels on the frames of your doors and windows, it is probably time to consider replacing <\/span><a href=\"https:\/\/calfeutrage-elite.com\/f-a-q\/\">the original caulking<\/a><span>, to limit water and air infiltration into your home, which can potentially <\/span><a href=\"https:\/\/calfeutrage-elite.com\/f-a-q\/\">create fogging on the windows<\/a><span>  but also real damage. Thanks to professional tools and rigorous working methods, the company&#8217;s professionals remove your old caulking that has become dilapidated, in a clean and neat way, and prepare the surfaces for further work.  They then make a new insulation of your doors and windows for you thanks to sealant seals.<\/span><\/p>\n<p>[\/et_pb_text][et_pb_text _builder_version=&#8221;4.27.4&#8243; _module_preset=&#8221;default&#8221; header_2_font=&#8221;&#8211;et_global_heading_font|700|||||||&#8221; header_2_text_color=&#8221;#000000&#8243; header_2_font_size=&#8221;50px&#8221; header_2_letter_spacing=&#8221;-1px&#8221; locked=&#8221;off&#8221; global_colors_info=&#8221;{}&#8221;]<\/p>\n<h2>Added value with masonry joints<br \/>\n<\/h2>\n<p>[\/et_pb_text][et_pb_text _builder_version=&#8221;4.27.4&#8243; _module_preset=&#8221;default&#8221; text_text_color=&#8221;#000000&#8243; text_font_size=&#8221;18px&#8221; global_colors_info=&#8221;{}&#8221;]Replacing door and window seals that have become permeable is not enough to insulate a home from water and air infiltration. Masonry work around the huts is necessary. Elite Caulking combines its caulking know-how with real masonry skills. Repair of mortar joints around doors and windows, replacement of lintels, replacement of waterproofing membranes on masonry structures, etc. The company supports you in recommending masonry work to guarantee the insulation of your building, regardless of its height.[\/et_pb_text][et_pb_text _builder_version=&#8221;4.27.4&#8243; _module_preset=&#8221;default&#8221; header_text_color=&#8221;#000000&#8243; header_2_font=&#8221;&#8211;et_global_heading_font|700|||||||&#8221; header_2_text_color=&#8221;#000000&#8243; header_2_font_size=&#8221;50px&#8221; header_2_letter_spacing=&#8221;-1px&#8221; header_3_font=&#8221;|700|||||||&#8221; header_3_text_color=&#8221;#000000&#8243; header_3_font_size=&#8221;34px&#8221; locked=&#8221;off&#8221; global_colors_info=&#8221;{}&#8221;]<\/p>\n<h3>Caulking<\/h3>\n<p>[\/et_pb_text][et_pb_text _builder_version=&#8221;4.27.4&#8243; _module_preset=&#8221;default&#8221; text_text_color=&#8221;#000000&#8243; text_font_size=&#8221;18px&#8221; locked=&#8221;off&#8221; global_colors_info=&#8221;{}&#8221;]<\/p>\n<p><a href=\"https:\/\/calfeutrage-elite.com\/en\/\" target=\"_blank\" rel=\"noopener noreferrer\">Caulking windows and doors<\/a><span>. Solve your problems  <\/span><a href=\"https:\/\/calfeutrage-elite.com\/en\/thermography-infiltrations\/\" target=\"_blank\" rel=\"noopener noreferrer\">air infiltration, water infiltration<\/a><span> and <\/span><a href=\"http:\/\/abasprixextermination.com\/articles-infestations\/calfeutrer-contre-insectes-et-rongeurs\" target=\"_blank\" rel=\"noopener noreferrer\">insect intrusion<\/a><span>  by replacing your old, dry or cracked caulk. All the answers to your questions about the   <\/span><a href=\"https:\/\/calfeutrage-elite.com\/en\/caulking-info\/\">North Shore Caulking<\/a><\/p>\n<ul><\/ul>\n<p>[\/et_pb_text][et_pb_text _builder_version=&#8221;4.27.4&#8243; _module_preset=&#8221;default&#8221; header_text_color=&#8221;#000000&#8243; header_2_font=&#8221;&#8211;et_global_heading_font|700|||||||&#8221; header_2_text_color=&#8221;#000000&#8243; header_2_font_size=&#8221;50px&#8221; header_2_letter_spacing=&#8221;-1px&#8221; header_3_font=&#8221;|700|||||||&#8221; header_3_text_color=&#8221;#000000&#8243; header_3_font_size=&#8221;34px&#8221; locked=&#8221;off&#8221; global_colors_info=&#8221;{}&#8221;]<\/p>\n<h3>Energy savings<br \/>\n<\/h3>\n<p>[\/et_pb_text][et_pb_text _builder_version=&#8221;4.27.4&#8243; _module_preset=&#8221;default&#8221; text_text_color=&#8221;#000000&#8243; text_font_size=&#8221;18px&#8221; locked=&#8221;off&#8221; global_colors_info=&#8221;{}&#8221;]<\/p>\n<p><a href=\"https:\/\/calfeutrage-elite.com\/vitres-thermos\/\" rel=\"noreferrer\">Changing the Thermos windows<\/a><span>. Extend the life of your doors and windows. Keep your home looking its best. Maximize the market value of your property. See how  <\/span><a href=\"https:\/\/calfeutrage-elite.com\/en\/profitable-investment\/\" target=\"_blank\" rel=\"noopener noreferrer\">Changing the seals can be cost-effective<\/a><\/p>\n<ul><\/ul>\n<p>[\/et_pb_text][et_pb_text _builder_version=&#8221;4.27.4&#8243; _module_preset=&#8221;default&#8221; header_text_color=&#8221;#000000&#8243; header_2_font=&#8221;&#8211;et_global_heading_font|700|||||||&#8221; header_2_text_color=&#8221;#000000&#8243; header_2_font_size=&#8221;50px&#8221; header_2_letter_spacing=&#8221;-1px&#8221; header_3_font=&#8221;|700|||||||&#8221; header_3_text_color=&#8221;#000000&#8243; header_3_font_size=&#8221;34px&#8221; locked=&#8221;off&#8221; global_colors_info=&#8221;{}&#8221;]<\/p>\n<h3>Masonry seals<br \/>\n<\/h3>\n<p>[\/et_pb_text][et_pb_text _builder_version=&#8221;4.27.4&#8243; _module_preset=&#8221;default&#8221; text_text_color=&#8221;#000000&#8243; text_font_size=&#8221;18px&#8221; locked=&#8221;off&#8221; global_colors_info=&#8221;{}&#8221;]<\/p>\n<p><span>The waterproofing of your building&#8217;s envelope is not only limited to caulking work, it also concerns masonry works. the <\/span><a href=\"https:\/\/calfeutrage-elite.com\/joints-de-maconnerie\/\">Caulking and masonry<\/a><span> are intimately related and their repair is often joint.<\/span><\/p>\n<p>[\/et_pb_text][et_pb_text _builder_version=&#8221;4.27.4&#8243; _module_preset=&#8221;default&#8221; text_text_color=&#8221;#000000&#8243; text_font_size=&#8221;18px&#8221; custom_margin=&#8221;||||false|false&#8221; custom_padding=&#8221;1px||||false|false&#8221; locked=&#8221;off&#8221; global_colors_info=&#8221;{}&#8221;]<\/p>\n<div class=\"msg-box-icon pngfix\">To request a quote, use the contact form below or call<span> <\/span><strong><a href=\"tel:56149103548\">514 910 ELIT (3548).<\/a><\/strong><\/div>\n<div class=\"msg-box-icon pngfix\">\n<div class=\"wpcf7 js\" id=\"wpcf7-f2692-p2687-o1\" lang=\"fr-CA\" dir=\"ltr\" data-wpcf7-id=\"2692\"><\/div>\n<\/div>\n<p>[\/et_pb_text][et_pb_text _builder_version=&#8221;4.27.4&#8243; _module_preset=&#8221;default&#8221; text_text_color=&#8221;#000000&#8243; text_font_size=&#8221;18px&#8221; custom_margin=&#8221;||||false|false&#8221; custom_padding=&#8221;||||false|false&#8221; locked=&#8221;off&#8221; global_colors_info=&#8221;{}&#8221;]<\/p>\n<p><a href=\"https:\/\/calfeutrage-elite.com\/soumission\/\"><strong>Here is the Contact Form<\/strong><\/a><\/p>\n<p>[\/et_pb_text][et_pb_blurb use_icon=&#8221;on&#8221; font_icon=&#8221;&#xf07c;||fa||400&#8243; icon_color=&#8221;#00C6FF&#8221; icon_placement=&#8221;left&#8221; image_icon_width=&#8221;33px&#8221; _builder_version=&#8221;4.27.4&#8243; _module_preset=&#8221;default&#8221; body_font=&#8221;|600|||||||&#8221; body_text_color=&#8221;#00C6FF&#8221; body_font_size=&#8221;18px&#8221; body_line_height=&#8221;2.3em&#8221; custom_margin=&#8221;||0px|||&#8221; locked=&#8221;off&#8221; global_colors_info=&#8221;{}&#8221;]<a href=\"https:\/\/calfeutrage-elite.com\/blog\/\">Info Caulking Greater Montreal<\/a>[\/et_pb_blurb][\/et_pb_column][et_pb_column type=&#8221;2_5&#8243; _builder_version=&#8221;4.27.4&#8243; _module_preset=&#8221;default&#8221; background_color=&#8221;#F6F8FA&#8221; background_enable_image=&#8221;off&#8221; custom_padding=&#8221;98px|30px|50px|120px|false|false&#8221; custom_padding_tablet=&#8221;98px|100px|50px|120px|false|false&#8221; custom_padding_phone=&#8221;98px|50px|50px|50px|false|false&#8221; custom_padding_last_edited=&#8221;on|phone&#8221; global_colors_info=&#8221;{}&#8221;][et_pb_blurb use_icon=&#8221;on&#8221; font_icon=&#8221;&#xe090;||divi||400&#8243; icon_color=&#8221;#00c6ff&#8221; icon_placement=&#8221;left&#8221; image_icon_width=&#8221;25px&#8221; _builder_version=&#8221;4.27.4&#8243; _module_preset=&#8221;default&#8221; header_text_color=&#8221;#FFFFFF&#8221; body_font=&#8221;Nunito Sans|700|||||||&#8221; body_text_align=&#8221;left&#8221; body_text_color=&#8221;#ffffff&#8221; body_font_size=&#8221;25px&#8221; body_line_height=&#8221;1.4em&#8221; image_icon_custom_margin=&#8221;5px||||false|false&#8221; custom_padding=&#8221;0px|0px|0px|0px|true|true&#8221; icon_font_size=&#8221;21px&#8221; locked=&#8221;off&#8221; global_colors_info=&#8221;{}&#8221;]<\/p>\n<p><a href=\"tel:450-473-3548\">450-473-3548<\/a><\/p>\n<p>[\/et_pb_blurb][et_pb_sidebar _builder_version=&#8221;4.27.4&#8243; _module_preset=&#8221;default&#8221; hover_enabled=&#8221;0&#8243; global_colors_info=&#8221;{}&#8221; area=&#8221;et_pb_widget_area_1&#8243; sticky_enabled=&#8221;0&#8243;][\/et_pb_sidebar][\/et_pb_column][\/et_pb_row][\/et_pb_section][et_pb_section fb_built=&#8221;1&#8243; module_class=&#8221;bg-attachment-fixed &#8221; _builder_version=&#8221;4.27.2&#8243; _module_preset=&#8221;default&#8221; use_background_color_gradient=&#8221;on&#8221; background_color_gradient_stops=&#8221;rgba(0,114,255,0.66) 0%|rgba(0,198,255,0.64) 100%&#8221; background_color_gradient_overlays_image=&#8221;on&#8221; background_image=&#8221;https:\/\/calfeutrage-elite.com\/wp-content\/uploads\/2024\/10\/Calfeutrage-4-scaled.jpg&#8221; background_position=&#8221;bottom_center&#8221; custom_padding=&#8221;100px||100px||true|false&#8221; locked=&#8221;off&#8221; global_colors_info=&#8221;{}&#8221;][et_pb_row _builder_version=&#8221;4.27.4&#8243; _module_preset=&#8221;default&#8221; width=&#8221;100%&#8221; max_width=&#8221;1310px&#8221; custom_padding=&#8221;|100px||100px|false|true&#8221; global_colors_info=&#8221;{}&#8221;][et_pb_column type=&#8221;4_4&#8243; module_class=&#8221;btn-line&#8221; _builder_version=&#8221;4.27.0&#8243; _module_preset=&#8221;default&#8221; global_colors_info=&#8221;{}&#8221;][et_pb_text _builder_version=&#8221;4.27.4&#8243; _module_preset=&#8221;default&#8221; header_3_font=&#8221;&#8211;et_global_heading_font|800||on|||||&#8221; header_3_text_align=&#8221;left&#8221; header_3_text_color=&#8221;#FFFFFF&#8221; header_3_font_size=&#8221;25px&#8221; header_3_line_height=&#8221;1.2em&#8221; text_orientation=&#8221;center&#8221; locked=&#8221;off&#8221; global_colors_info=&#8221;{}&#8221;]<\/p>\n<h3>Do you need to renovate your caulking?<\/h3>\n<p>[\/et_pb_text][et_pb_text _builder_version=&#8221;4.27.4&#8243; _module_preset=&#8221;default&#8221; text_font=&#8221;|600|||||||&#8221; text_text_color=&#8221;#FFFFFF&#8221; text_font_size=&#8221;18px&#8221; global_colors_info=&#8221;{}&#8221;]<\/p>\n<p>Request a quote, it&#8217;s fast and free.<\/p>\n<p>[\/et_pb_text][et_pb_button button_url=&#8221;@ET-DC@eyJkeW5hbWljIjp0cnVlLCJjb250ZW50IjoicG9zdF9saW5rX3VybF9wYWdlIiwic2V0dGluZ3MiOnsicG9zdF9pZCI6IjI2IiwiZW5hYmxlX2h0bWwiOiJvZmYifX0=@&#8221; button_text=&#8221;Contact&#8221; button_alignment=&#8221;left&#8221; _builder_version=&#8221;4.27.4&#8243; _dynamic_attributes=&#8221;button_url&#8221; _module_preset=&#8221;default&#8221; custom_button=&#8221;on&#8221; button_text_color=&#8221;#FFFFFF&#8221; button_bg_color=&#8221;RGBA(255,255,255,0)&#8221; button_border_width=&#8221;0px&#8221; button_border_radius=&#8221;0px&#8221; button_font=&#8221;&#8211;et_global_body_font|800||on|||||&#8221; button_use_icon=&#8221;off&#8221; custom_padding=&#8221;|0px||0px|false|true&#8221; locked=&#8221;off&#8221; global_colors_info=&#8221;{}&#8221; button_bg_color__hover_enabled=&#8221;on|desktop&#8221; button_bg_color__hover=&#8221;RGBA(255,255,255,0)&#8221;][\/et_pb_button][\/et_pb_column][\/et_pb_row][\/et_pb_section]<\/p>\n","protected":false},"excerpt":{"rendered":"<p>Calfeutrage \u00c9lite is a company specializing in caulking door and window seals, to ensure better insulation of buildings. For more than 10 years, the methods implemented by the company have made it possible to reduce the Air and water infiltration through the frames, to increase the comfort of housing. Calfeutrage \u00c9lite doesn&#8217;t just replace your [&hellip;]<\/p>\n","protected":false},"author":1,"featured_media":0,"parent":0,"menu_order":0,"comment_status":"closed","ping_status":"closed","template":"","meta":{"_et_pb_use_builder":"on","_et_pb_old_content":"","_et_gb_content_width":"","footnotes":""},"class_list":["post-3758","page","type-page","status-publish","hentry"],"yoast_head":"<!-- This site is optimized with the Yoast SEO plugin v26.3 - https:\/\/yoast.com\/wordpress\/plugins\/seo\/ -->\n<title>Caulking company in Sainte Th\u00e9rese<\/title>\n<meta name=\"description\" content=\"Caulking windows, homes, houses, condos, residential buildings, high-rise buildings... our caulking company in Sainte-Th\u00e9r\u00e8se intervenes quickly to caulk the windows with quality and efficient sealants. Contact our office for a caulking quote...\" \/>\n<meta name=\"robots\" content=\"index, follow, max-snippet:-1, max-image-preview:large, max-video-preview:-1\" \/>\n<link rel=\"canonical\" href=\"https:\/\/calfeutrage-elite.com\/en\/caulking-st-therese-north-shore\/\" \/>\n<meta property=\"og:locale\" content=\"en_US\" \/>\n<meta property=\"og:type\" content=\"article\" \/>\n<meta property=\"og:title\" content=\"Caulking company in Sainte Th\u00e9rese\" \/>\n<meta property=\"og:description\" content=\"Caulking windows, homes, houses, condos, residential buildings, high-rise buildings... our caulking company in Sainte-Th\u00e9r\u00e8se intervenes quickly to caulk the windows with quality and efficient sealants. Contact our office for a caulking quote...\" \/>\n<meta property=\"og:url\" content=\"https:\/\/calfeutrage-elite.com\/en\/caulking-st-therese-north-shore\/\" \/>\n<meta property=\"og:site_name\" content=\"Calfeutrage elite\" \/>\n<meta property=\"article:modified_time\" content=\"2025-04-24T16:14:51+00:00\" \/>\n<meta name=\"twitter:card\" content=\"summary_large_image\" \/>\n<meta name=\"twitter:label1\" content=\"Est. reading time\" \/>\n\t<meta name=\"twitter:data1\" content=\"9 minutes\" \/>\n<script type=\"application\/ld+json\" class=\"yoast-schema-graph\">{\"@context\":\"https:\/\/schema.org\",\"@graph\":[{\"@type\":\"WebPage\",\"@id\":\"https:\/\/calfeutrage-elite.com\/en\/caulking-st-therese-north-shore\/\",\"url\":\"https:\/\/calfeutrage-elite.com\/en\/caulking-st-therese-north-shore\/\",\"name\":\"Caulking company in Sainte Th\u00e9rese\",\"isPartOf\":{\"@id\":\"https:\/\/calfeutrage-elite.com\/en\/#website\"},\"datePublished\":\"2025-03-07T15:58:01+00:00\",\"dateModified\":\"2025-04-24T16:14:51+00:00\",\"description\":\"Caulking windows, homes, houses, condos, residential buildings, high-rise buildings... our caulking company in Sainte-Th\u00e9r\u00e8se intervenes quickly to caulk the windows with quality and efficient sealants. Contact our office for a caulking quote...\",\"breadcrumb\":{\"@id\":\"https:\/\/calfeutrage-elite.com\/en\/caulking-st-therese-north-shore\/#breadcrumb\"},\"inLanguage\":\"en-CA\",\"potentialAction\":[{\"@type\":\"ReadAction\",\"target\":[\"https:\/\/calfeutrage-elite.com\/en\/caulking-st-therese-north-shore\/\"]}]},{\"@type\":\"BreadcrumbList\",\"@id\":\"https:\/\/calfeutrage-elite.com\/en\/caulking-st-therese-north-shore\/#breadcrumb\",\"itemListElement\":[{\"@type\":\"ListItem\",\"position\":1,\"name\":\"Home\",\"item\":\"https:\/\/calfeutrage-elite.com\/en\/\"},{\"@type\":\"ListItem\",\"position\":2,\"name\":\"Caulking St. Therese, North Shore\"}]},{\"@type\":\"WebSite\",\"@id\":\"https:\/\/calfeutrage-elite.com\/en\/#website\",\"url\":\"https:\/\/calfeutrage-elite.com\/en\/\",\"name\":\"Calfeutrage elite\",\"description\":\"L&#039;\u00e9lite du calfeutrage \u00e0 Montr\u00e9al\",\"potentialAction\":[{\"@type\":\"SearchAction\",\"target\":{\"@type\":\"EntryPoint\",\"urlTemplate\":\"https:\/\/calfeutrage-elite.com\/en\/?s={search_term_string}\"},\"query-input\":{\"@type\":\"PropertyValueSpecification\",\"valueRequired\":true,\"valueName\":\"search_term_string\"}}],\"inLanguage\":\"en-CA\"}]}<\/script>\n<!-- \/ Yoast SEO plugin. -->","yoast_head_json":{"title":"Caulking company in Sainte Th\u00e9rese","description":"Caulking windows, homes, houses, condos, residential buildings, high-rise buildings... our caulking company in Sainte-Th\u00e9r\u00e8se intervenes quickly to caulk the windows with quality and efficient sealants. Contact our office for a caulking quote...","robots":{"index":"index","follow":"follow","max-snippet":"max-snippet:-1","max-image-preview":"max-image-preview:large","max-video-preview":"max-video-preview:-1"},"canonical":"https:\/\/calfeutrage-elite.com\/en\/caulking-st-therese-north-shore\/","og_locale":"en_US","og_type":"article","og_title":"Caulking company in Sainte Th\u00e9rese","og_description":"Caulking windows, homes, houses, condos, residential buildings, high-rise buildings... our caulking company in Sainte-Th\u00e9r\u00e8se intervenes quickly to caulk the windows with quality and efficient sealants. Contact our office for a caulking quote...","og_url":"https:\/\/calfeutrage-elite.com\/en\/caulking-st-therese-north-shore\/","og_site_name":"Calfeutrage elite","article_modified_time":"2025-04-24T16:14:51+00:00","twitter_card":"summary_large_image","twitter_misc":{"Est. reading time":"9 minutes"},"schema":{"@context":"https:\/\/schema.org","@graph":[{"@type":"WebPage","@id":"https:\/\/calfeutrage-elite.com\/en\/caulking-st-therese-north-shore\/","url":"https:\/\/calfeutrage-elite.com\/en\/caulking-st-therese-north-shore\/","name":"Caulking company in Sainte Th\u00e9rese","isPartOf":{"@id":"https:\/\/calfeutrage-elite.com\/en\/#website"},"datePublished":"2025-03-07T15:58:01+00:00","dateModified":"2025-04-24T16:14:51+00:00","description":"Caulking windows, homes, houses, condos, residential buildings, high-rise buildings... our caulking company in Sainte-Th\u00e9r\u00e8se intervenes quickly to caulk the windows with quality and efficient sealants. Contact our office for a caulking quote...","breadcrumb":{"@id":"https:\/\/calfeutrage-elite.com\/en\/caulking-st-therese-north-shore\/#breadcrumb"},"inLanguage":"en-CA","potentialAction":[{"@type":"ReadAction","target":["https:\/\/calfeutrage-elite.com\/en\/caulking-st-therese-north-shore\/"]}]},{"@type":"BreadcrumbList","@id":"https:\/\/calfeutrage-elite.com\/en\/caulking-st-therese-north-shore\/#breadcrumb","itemListElement":[{"@type":"ListItem","position":1,"name":"Home","item":"https:\/\/calfeutrage-elite.com\/en\/"},{"@type":"ListItem","position":2,"name":"Caulking St. Therese, North Shore"}]},{"@type":"WebSite","@id":"https:\/\/calfeutrage-elite.com\/en\/#website","url":"https:\/\/calfeutrage-elite.com\/en\/","name":"Calfeutrage elite","description":"L&#039;\u00e9lite du calfeutrage \u00e0 Montr\u00e9al","potentialAction":[{"@type":"SearchAction","target":{"@type":"EntryPoint","urlTemplate":"https:\/\/calfeutrage-elite.com\/en\/?s={search_term_string}"},"query-input":{"@type":"PropertyValueSpecification","valueRequired":true,"valueName":"search_term_string"}}],"inLanguage":"en-CA"}]}},"_links":{"self":[{"href":"https:\/\/calfeutrage-elite.com\/en\/wp-json\/wp\/v2\/pages\/3758","targetHints":{"allow":["GET"]}}],"collection":[{"href":"https:\/\/calfeutrage-elite.com\/en\/wp-json\/wp\/v2\/pages"}],"about":[{"href":"https:\/\/calfeutrage-elite.com\/en\/wp-json\/wp\/v2\/types\/page"}],"author":[{"embeddable":true,"href":"https:\/\/calfeutrage-elite.com\/en\/wp-json\/wp\/v2\/users\/1"}],"replies":[{"embeddable":true,"href":"https:\/\/calfeutrage-elite.com\/en\/wp-json\/wp\/v2\/comments?post=3758"}],"version-history":[{"count":5,"href":"https:\/\/calfeutrage-elite.com\/en\/wp-json\/wp\/v2\/pages\/3758\/revisions"}],"predecessor-version":[{"id":4994,"href":"https:\/\/calfeutrage-elite.com\/en\/wp-json\/wp\/v2\/pages\/3758\/revisions\/4994"}],"wp:attachment":[{"href":"https:\/\/calfeutrage-elite.com\/en\/wp-json\/wp\/v2\/media?parent=3758"}],"curies":[{"name":"wp","href":"https:\/\/api.w.org\/{rel}","templated":true}]}}