{"id":3773,"date":"2025-03-20T15:12:15","date_gmt":"2025-03-20T15:12:15","guid":{"rendered":"https:\/\/calfeutrage-elite.com\/is-it-easy-and-such-a-good-idea-faq\/"},"modified":"2025-03-20T15:12:15","modified_gmt":"2025-03-20T15:12:15","slug":"is-it-easy-and-such-a-good-idea-faq","status":"publish","type":"page","link":"https:\/\/calfeutrage-elite.com\/en\/is-it-easy-and-such-a-good-idea-faq\/","title":{"rendered":"Is it easy and such a good idea? (FAQ)"},"content":{"rendered":"","protected":false},"excerpt":{"rendered":"","protected":false},"author":1,"featured_media":0,"parent":0,"menu_order":0,"comment_status":"closed","ping_status":"closed","template":"","meta":{"_et_pb_use_builder":"on","_et_pb_old_content":"","_et_gb_content_width":"","footnotes":""},"class_list":["post-3773","page","type-page","status-publish","hentry"],"yoast_head":"<!-- This site is optimized with the Yoast SEO plugin v26.3 - https:\/\/yoast.com\/wordpress\/plugins\/seo\/ -->\n<title>Caulking doors and windows yourself requires application<\/title>\n<meta name=\"description\" content=\"Can I caulk my windows myself? Yes it is possible to caulk your windows but you have to follow a rigorous process if you want it to be efficient and last a long time. Our caulking experts give you tips on how to use the right techniques and answer your questions in FAQ caulking...\" \/>\n<meta name=\"robots\" content=\"index, follow, max-snippet:-1, max-image-preview:large, max-video-preview:-1\" \/>\n<link rel=\"canonical\" href=\"https:\/\/calfeutrage-elite.com\/en\/is-it-easy-and-such-a-good-idea-faq\/\" \/>\n<meta property=\"og:locale\" content=\"en_US\" \/>\n<meta property=\"og:type\" content=\"article\" \/>\n<meta property=\"og:title\" content=\"Caulking doors and windows yourself requires application\" \/>\n<meta property=\"og:description\" content=\"Can I caulk my windows myself? Yes it is possible to caulk your windows but you have to follow a rigorous process if you want it to be efficient and last a long time. Our caulking experts give you tips on how to use the right techniques and answer your questions in FAQ caulking...\" \/>\n<meta property=\"og:url\" content=\"https:\/\/calfeutrage-elite.com\/en\/is-it-easy-and-such-a-good-idea-faq\/\" \/>\n<meta property=\"og:site_name\" content=\"Calfeutrage elite\" \/>\n<meta name=\"twitter:card\" content=\"summary_large_image\" \/>\n<script type=\"application\/ld+json\" class=\"yoast-schema-graph\">{\"@context\":\"https:\/\/schema.org\",\"@graph\":[{\"@type\":\"WebPage\",\"@id\":\"https:\/\/calfeutrage-elite.com\/en\/is-it-easy-and-such-a-good-idea-faq\/\",\"url\":\"https:\/\/calfeutrage-elite.com\/en\/is-it-easy-and-such-a-good-idea-faq\/\",\"name\":\"Caulking doors and windows yourself requires application\",\"isPartOf\":{\"@id\":\"https:\/\/calfeutrage-elite.com\/en\/#website\"},\"datePublished\":\"2025-03-20T15:12:15+00:00\",\"description\":\"Can I caulk my windows myself? Yes it is possible to caulk your windows but you have to follow a rigorous process if you want it to be efficient and last a long time. Our caulking experts give you tips on how to use the right techniques and answer your questions in FAQ caulking...\",\"breadcrumb\":{\"@id\":\"https:\/\/calfeutrage-elite.com\/en\/is-it-easy-and-such-a-good-idea-faq\/#breadcrumb\"},\"inLanguage\":\"en-CA\",\"potentialAction\":[{\"@type\":\"ReadAction\",\"target\":[\"https:\/\/calfeutrage-elite.com\/en\/is-it-easy-and-such-a-good-idea-faq\/\"]}]},{\"@type\":\"BreadcrumbList\",\"@id\":\"https:\/\/calfeutrage-elite.com\/en\/is-it-easy-and-such-a-good-idea-faq\/#breadcrumb\",\"itemListElement\":[{\"@type\":\"ListItem\",\"position\":1,\"name\":\"Home\",\"item\":\"https:\/\/calfeutrage-elite.com\/en\/\"},{\"@type\":\"ListItem\",\"position\":2,\"name\":\"Is it easy and such a good idea? (FAQ)\"}]},{\"@type\":\"WebSite\",\"@id\":\"https:\/\/calfeutrage-elite.com\/en\/#website\",\"url\":\"https:\/\/calfeutrage-elite.com\/en\/\",\"name\":\"Calfeutrage elite\",\"description\":\"L&#039;\u00e9lite du calfeutrage \u00e0 Montr\u00e9al\",\"potentialAction\":[{\"@type\":\"SearchAction\",\"target\":{\"@type\":\"EntryPoint\",\"urlTemplate\":\"https:\/\/calfeutrage-elite.com\/en\/?s={search_term_string}\"},\"query-input\":{\"@type\":\"PropertyValueSpecification\",\"valueRequired\":true,\"valueName\":\"search_term_string\"}}],\"inLanguage\":\"en-CA\"}]}<\/script>\n<!-- \/ Yoast SEO plugin. -->","yoast_head_json":{"title":"Caulking doors and windows yourself requires application","description":"Can I caulk my windows myself? Yes it is possible to caulk your windows but you have to follow a rigorous process if you want it to be efficient and last a long time. Our caulking experts give you tips on how to use the right techniques and answer your questions in FAQ caulking...","robots":{"index":"index","follow":"follow","max-snippet":"max-snippet:-1","max-image-preview":"max-image-preview:large","max-video-preview":"max-video-preview:-1"},"canonical":"https:\/\/calfeutrage-elite.com\/en\/is-it-easy-and-such-a-good-idea-faq\/","og_locale":"en_US","og_type":"article","og_title":"Caulking doors and windows yourself requires application","og_description":"Can I caulk my windows myself? Yes it is possible to caulk your windows but you have to follow a rigorous process if you want it to be efficient and last a long time. Our caulking experts give you tips on how to use the right techniques and answer your questions in FAQ caulking...","og_url":"https:\/\/calfeutrage-elite.com\/en\/is-it-easy-and-such-a-good-idea-faq\/","og_site_name":"Calfeutrage elite","twitter_card":"summary_large_image","schema":{"@context":"https:\/\/schema.org","@graph":[{"@type":"WebPage","@id":"https:\/\/calfeutrage-elite.com\/en\/is-it-easy-and-such-a-good-idea-faq\/","url":"https:\/\/calfeutrage-elite.com\/en\/is-it-easy-and-such-a-good-idea-faq\/","name":"Caulking doors and windows yourself requires application","isPartOf":{"@id":"https:\/\/calfeutrage-elite.com\/en\/#website"},"datePublished":"2025-03-20T15:12:15+00:00","description":"Can I caulk my windows myself? Yes it is possible to caulk your windows but you have to follow a rigorous process if you want it to be efficient and last a long time. Our caulking experts give you tips on how to use the right techniques and answer your questions in FAQ caulking...","breadcrumb":{"@id":"https:\/\/calfeutrage-elite.com\/en\/is-it-easy-and-such-a-good-idea-faq\/#breadcrumb"},"inLanguage":"en-CA","potentialAction":[{"@type":"ReadAction","target":["https:\/\/calfeutrage-elite.com\/en\/is-it-easy-and-such-a-good-idea-faq\/"]}]},{"@type":"BreadcrumbList","@id":"https:\/\/calfeutrage-elite.com\/en\/is-it-easy-and-such-a-good-idea-faq\/#breadcrumb","itemListElement":[{"@type":"ListItem","position":1,"name":"Home","item":"https:\/\/calfeutrage-elite.com\/en\/"},{"@type":"ListItem","position":2,"name":"Is it easy and such a good idea? (FAQ)"}]},{"@type":"WebSite","@id":"https:\/\/calfeutrage-elite.com\/en\/#website","url":"https:\/\/calfeutrage-elite.com\/en\/","name":"Calfeutrage elite","description":"L&#039;\u00e9lite du calfeutrage \u00e0 Montr\u00e9al","potentialAction":[{"@type":"SearchAction","target":{"@type":"EntryPoint","urlTemplate":"https:\/\/calfeutrage-elite.com\/en\/?s={search_term_string}"},"query-input":{"@type":"PropertyValueSpecification","valueRequired":true,"valueName":"search_term_string"}}],"inLanguage":"en-CA"}]}},"_links":{"self":[{"href":"https:\/\/calfeutrage-elite.com\/en\/wp-json\/wp\/v2\/pages\/3773","targetHints":{"allow":["GET"]}}],"collection":[{"href":"https:\/\/calfeutrage-elite.com\/en\/wp-json\/wp\/v2\/pages"}],"about":[{"href":"https:\/\/calfeutrage-elite.com\/en\/wp-json\/wp\/v2\/types\/page"}],"author":[{"embeddable":true,"href":"https:\/\/calfeutrage-elite.com\/en\/wp-json\/wp\/v2\/users\/1"}],"replies":[{"embeddable":true,"href":"https:\/\/calfeutrage-elite.com\/en\/wp-json\/wp\/v2\/comments?post=3773"}],"version-history":[{"count":0,"href":"https:\/\/calfeutrage-elite.com\/en\/wp-json\/wp\/v2\/pages\/3773\/revisions"}],"wp:attachment":[{"href":"https:\/\/calfeutrage-elite.com\/en\/wp-json\/wp\/v2\/media?parent=3773"}],"curies":[{"name":"wp","href":"https:\/\/api.w.org\/{rel}","templated":true}]}}