{"id":3774,"date":"2025-02-25T15:17:49","date_gmt":"2025-02-25T20:17:49","guid":{"rendered":"https:\/\/calfeutrage-elite.com\/employment\/"},"modified":"2025-04-23T03:55:11","modified_gmt":"2025-04-23T07:55:11","slug":"employment","status":"publish","type":"page","link":"https:\/\/calfeutrage-elite.com\/en\/employment\/","title":{"rendered":"Employment"},"content":{"rendered":"<p>[et_pb_section fb_built=&#8221;1&#8243; fullwidth=&#8221;on&#8221; _builder_version=&#8221;4.27.2&#8243; _module_preset=&#8221;default&#8221; global_colors_info=&#8221;{}&#8221;][et_pb_fullwidth_header title=&#8221;Caulking jobs in Laval, caulking jobs&#8221; background_overlay_color=&#8221;rgba(0,0,0,0.42)&#8221; _builder_version=&#8221;4.27.4&#8243; _module_preset=&#8221;default&#8221; title_font=&#8221;&#8211;et_global_heading_font|700|||||||&#8221; title_text_color=&#8221;#FFFFFF&#8221; title_font_size=&#8221;64px&#8221; title_line_height=&#8221;1.5em&#8221; content_font=&#8221;&#8211;et_global_body_font|600|||||||&#8221; content_text_align=&#8221;left&#8221; content_text_color=&#8221;#FFFFFF&#8221; content_font_size=&#8221;20px&#8221; content_line_height=&#8221;1.8em&#8221; subhead_text_color=&#8221;#FFFFFF&#8221; subhead_font_size=&#8221;19px&#8221; background_enable_color=&#8221;off&#8221; use_background_color_gradient=&#8221;on&#8221; background_color_gradient_stops=&#8221;rgba(0,0,0,0.42) 0%|rgba(0,0,0,0.42) 100%&#8221; background_color_gradient_overlays_image=&#8221;on&#8221; background_image=&#8221;https:\/\/calfeutrage-elite.com\/wp-content\/uploads\/2025\/02\/emploi-calfeutrage1.jpg&#8221; background_position=&#8221;bottom_center&#8221; background_vertical_offset=&#8221;18%&#8221; background_enable_video_mp4=&#8221;off&#8221; custom_button_one=&#8221;on&#8221; button_one_text_color=&#8221;#FFFFFF&#8221; button_one_bg_color=&#8221;#0072FF&#8221; button_one_border_color=&#8221;#0072FF&#8221; button_one_use_icon=&#8221;off&#8221; button_one_custom_padding=&#8221;|30px||30px|false|true&#8221; custom_button_two=&#8221;on&#8221; button_two_text_color=&#8221;#FFFFFF&#8221; button_two_bg_color=&#8221;#00C6FF&#8221; button_two_border_color=&#8221;#00C6FF&#8221; button_two_use_icon=&#8221;off&#8221; button_two_custom_padding=&#8221;|30px||30px|false|true&#8221; custom_padding=&#8221;8%|0%|8%|0%|true|true&#8221; title_font_size_tablet=&#8221;64px&#8221; title_font_size_phone=&#8221;40px&#8221; title_font_size_last_edited=&#8221;on|phone&#8221; content_font_size_tablet=&#8221;20px&#8221; content_font_size_phone=&#8221;18px&#8221; content_font_size_last_edited=&#8221;on|phone&#8221; button_one_text_size_tablet=&#8221;&#8221; button_one_text_size_phone=&#8221;18px&#8221; button_one_text_size_last_edited=&#8221;on|phone&#8221; button_two_text_size_tablet=&#8221;&#8221; button_two_text_size_phone=&#8221;18px&#8221; button_two_text_size_last_edited=&#8221;on|phone&#8221; global_colors_info=&#8221;{}&#8221; button_one_bg_color__hover_enabled=&#8221;on|hover&#8221; button_one_bg_color__hover=&#8221;#00C6FF&#8221; button_one_bg_enable_color__hover=&#8221;on&#8221; button_one_border_color__hover_enabled=&#8221;on|hover&#8221; button_one_border_color__hover=&#8221;#00C6FF&#8221; button_two_bg_color__hover_enabled=&#8221;on|hover&#8221; button_two_bg_color__hover=&#8221;#0072FF&#8221; button_two_bg_enable_color__hover=&#8221;on&#8221; button_two_border_color__hover_enabled=&#8221;on|hover&#8221; button_two_border_color__hover=&#8221;#0072FF&#8221;][\/et_pb_fullwidth_header][\/et_pb_section][et_pb_section fb_built=&#8221;1&#8243; _builder_version=&#8221;4.27.4&#8243; _module_preset=&#8221;default&#8221; background_color=&#8221;#F6F8FA&#8221; locked=&#8221;off&#8221; global_colors_info=&#8221;{}&#8221;][et_pb_row column_structure=&#8221;3_5,2_5&#8243; module_class=&#8221;boxe-polygonne&#8221; _builder_version=&#8221;4.27.4&#8243; _module_preset=&#8221;default&#8221; background_color=&#8221;#FFFFFF&#8221; background_enable_image=&#8221;off&#8221; z_index=&#8221;2&#8243; width=&#8221;100%&#8221; max_width=&#8221;1290px&#8221; custom_margin=&#8221;-80px|auto|0px|auto|false|true&#8221; custom_margin_tablet=&#8221;-80px|auto|0px|auto|false|true&#8221; custom_margin_phone=&#8221;|0px||0px|false|true&#8221; custom_margin_last_edited=&#8221;on|phone&#8221; custom_padding=&#8221;0px||0px||true|false&#8221; global_colors_info=&#8221;{}&#8221;][et_pb_column type=&#8221;3_5&#8243; _builder_version=&#8221;4.27.4&#8243; _module_preset=&#8221;default&#8221; background_image=&#8221;https:\/\/calfeutrage-elite.com\/wp-content\/uploads\/2024\/07\/pattern.webp&#8221; custom_padding=&#8221;98px|30px|50px|120px|false|false&#8221; custom_padding_tablet=&#8221;98px|100px|50px|120px|false|false&#8221; custom_padding_phone=&#8221;98px|50px|50px|50px|false|false&#8221; custom_padding_last_edited=&#8221;on|phone&#8221; global_colors_info=&#8221;{}&#8221;][et_pb_image src=&#8221;https:\/\/calfeutrage-elite.com\/wp-content\/uploads\/2025\/02\/emploi-calfeutrage1.jpg&#8221; title_text=&#8221;Employment-caulking1&#8243; align=&#8221;center&#8221; _builder_version=&#8221;4.27.4&#8243; _module_preset=&#8221;default&#8221; global_colors_info=&#8221;{}&#8221;][\/et_pb_image][et_pb_text _builder_version=&#8221;4.27.4&#8243; _module_preset=&#8221;default&#8221; header_2_font=&#8221;&#8211;et_global_heading_font|700|||||||&#8221; header_2_text_color=&#8221;#000000&#8243; header_2_font_size=&#8221;50px&#8221; header_2_letter_spacing=&#8221;-1px&#8221; locked=&#8221;off&#8221; global_colors_info=&#8221;{}&#8221;]<\/p>\n<h2>We are always looking for caulking workers<br \/>\n<\/h2>\n<p>[\/et_pb_text][et_pb_text _builder_version=&#8221;4.27.4&#8243; _module_preset=&#8221;default&#8221; text_text_color=&#8221;#000000&#8243; text_font_size=&#8221;18px&#8221; custom_padding=&#8221;0px||||false|false&#8221; global_colors_info=&#8221;{}&#8221;]<\/p>\n<p>You will travel with the service cars of <a href=\"https:\/\/calfeutrage-elite.com\/en\/\">the company Calfeutrage Elite<\/a> to carry out <a href=\"https:\/\/calfeutrage-elite.com\/contact\/\">caulking tasks in the Laval<\/a>, Montreal and North Shore region.<\/p>\n<p>You must have a valid driver&#8217;s license and be authorized to work safely on a ladder or with cherry pickers.<\/p>\n<p>Carrying out caulking work at customers&#8217; homes, you are resourceful, polite, efficient and respectful of personal hygiene in accordance with the standards. Your competence and experience in the field is a first-rate asset, but we also consider you to learn about our methods and the &#8220;home&#8221; work spirit. <\/p>\n<p>You are in good physical condition, and are able to work with a minimum of pressure.<\/p>\n<p>Apply via the <a href=\"https:\/\/calfeutrage-elite.com\/contact\/\">contact form<\/a> and explain your motivations.<br \/>Professional caulking sought:<\/p>\n<p>[\/et_pb_text][et_pb_text _builder_version=&#8221;4.27.4&#8243; _module_preset=&#8221;default&#8221; header_2_font=&#8221;&#8211;et_global_heading_font|700|||||||&#8221; header_2_text_color=&#8221;#000000&#8243; header_2_font_size=&#8221;50px&#8221; header_2_letter_spacing=&#8221;-1px&#8221; locked=&#8221;off&#8221; global_colors_info=&#8221;{}&#8221;]<\/p>\n<h2>  Hiring criteria<br \/>\n<\/h2>\n<p>[\/et_pb_text][et_pb_text _builder_version=&#8221;4.27.4&#8243; _module_preset=&#8221;default&#8221; text_text_color=&#8221;#000000&#8243; text_font_size=&#8221;18px&#8221; global_colors_info=&#8221;{}&#8221;]<\/p>\n<ul>\n<li>Experienced and knowledgeable<\/li>\n<li>Comfortable with all types of sealants and industry-recommended application techniques<\/li>\n<li>Knowledge of glazing an asset<\/li>\n<li>Bilingualism an asset<\/li>\n<li>Available on weekends during peak periods<\/li>\n<\/ul>\n<p>[\/et_pb_text][et_pb_text _builder_version=&#8221;4.27.4&#8243; _module_preset=&#8221;default&#8221; header_2_font=&#8221;&#8211;et_global_heading_font|700|||||||&#8221; header_2_text_color=&#8221;#000000&#8243; header_2_font_size=&#8221;50px&#8221; header_2_letter_spacing=&#8221;-1px&#8221; locked=&#8221;off&#8221; global_colors_info=&#8221;{}&#8221;]<\/p>\n<h2>  Apply today!<br \/>\n<\/h2>\n<p>[\/et_pb_text][et_pb_text _builder_version=&#8221;4.27.4&#8243; _module_preset=&#8221;default&#8221; text_text_color=&#8221;#000000&#8243; text_font_size=&#8221;18px&#8221; global_colors_info=&#8221;{}&#8221;]<\/p>\n<p><a href=\"Tel:514%20910%20(3548)\">514 910-ELIT (3548)<\/a><\/p>\n<p>[\/et_pb_text][et_pb_blurb use_icon=&#8221;on&#8221; font_icon=&#8221;&#xf07c;||fa||400&#8243; icon_color=&#8221;#00C6FF&#8221; icon_placement=&#8221;left&#8221; image_icon_width=&#8221;33px&#8221; disabled_on=&#8221;on|on|on&#8221; _builder_version=&#8221;4.27.4&#8243; _module_preset=&#8221;default&#8221; body_font=&#8221;|600|||||||&#8221; body_text_color=&#8221;#00C6FF&#8221; body_font_size=&#8221;18px&#8221; body_line_height=&#8221;2.3em&#8221; custom_margin=&#8221;||0px|||&#8221; disabled=&#8221;on&#8221; locked=&#8221;off&#8221; global_colors_info=&#8221;{}&#8221;]<\/p>\n<p><a href=\"https:\/\/calfeutrage-elite.com\/blog\/\">Info Caulking Greater Montreal<\/a><\/p>\n<p>[\/et_pb_blurb][\/et_pb_column][et_pb_column type=&#8221;2_5&#8243; _builder_version=&#8221;4.27.4&#8243; _module_preset=&#8221;default&#8221; background_color=&#8221;#F6F8FA&#8221; background_enable_image=&#8221;off&#8221; custom_padding=&#8221;98px|30px|50px|120px|false|false&#8221; custom_padding_tablet=&#8221;98px|100px|50px|120px|false|false&#8221; custom_padding_phone=&#8221;98px|50px|50px|50px|false|false&#8221; custom_padding_last_edited=&#8221;on|phone&#8221; global_colors_info=&#8221;{}&#8221;][et_pb_blurb use_icon=&#8221;on&#8221; font_icon=&#8221;&#xe090;||divi||400&#8243; icon_color=&#8221;#00c6ff&#8221; icon_placement=&#8221;left&#8221; image_icon_width=&#8221;25px&#8221; _builder_version=&#8221;4.27.4&#8243; _module_preset=&#8221;default&#8221; header_text_color=&#8221;#FFFFFF&#8221; body_font=&#8221;Nunito Sans|700|||||||&#8221; body_text_align=&#8221;left&#8221; body_text_color=&#8221;#ffffff&#8221; body_font_size=&#8221;25px&#8221; body_line_height=&#8221;1.4em&#8221; image_icon_custom_margin=&#8221;5px||||false|false&#8221; custom_padding=&#8221;0px|0px|0px|0px|true|true&#8221; icon_font_size=&#8221;21px&#8221; locked=&#8221;off&#8221; global_colors_info=&#8221;{}&#8221;]<\/p>\n<p><a href=\"tel:450-473-3548\">450-473-3548<\/a><\/p>\n<p>[\/et_pb_blurb][et_pb_sidebar area=&#8221;et_pb_widget_area_1&#8243; _builder_version=&#8221;4.27.4&#8243; _module_preset=&#8221;default&#8221; global_colors_info=&#8221;{}&#8221;][\/et_pb_sidebar][\/et_pb_column][\/et_pb_row][\/et_pb_section][et_pb_section fb_built=&#8221;1&#8243; module_class=&#8221;bg-attachment-fixed &#8221; _builder_version=&#8221;4.27.2&#8243; _module_preset=&#8221;default&#8221; use_background_color_gradient=&#8221;on&#8221; background_color_gradient_stops=&#8221;rgba(0,114,255,0.66) 0%|rgba(0,198,255,0.64) 100%&#8221; background_color_gradient_overlays_image=&#8221;on&#8221; background_image=&#8221;https:\/\/calfeutrage-elite.com\/wp-content\/uploads\/2024\/10\/Calfeutrage-4-scaled.jpg&#8221; background_position=&#8221;bottom_center&#8221; custom_padding=&#8221;100px||100px||true|false&#8221; locked=&#8221;off&#8221; global_colors_info=&#8221;{}&#8221;][et_pb_row _builder_version=&#8221;4.27.4&#8243; _module_preset=&#8221;default&#8221; width=&#8221;100%&#8221; max_width=&#8221;1310px&#8221; custom_padding=&#8221;|100px||100px|false|true&#8221; global_colors_info=&#8221;{}&#8221;][et_pb_column type=&#8221;4_4&#8243; module_class=&#8221;btn-line&#8221; _builder_version=&#8221;4.27.0&#8243; _module_preset=&#8221;default&#8221; global_colors_info=&#8221;{}&#8221;][et_pb_text _builder_version=&#8221;4.27.4&#8243; _module_preset=&#8221;default&#8221; header_3_font=&#8221;&#8211;et_global_heading_font|800||on|||||&#8221; header_3_text_align=&#8221;left&#8221; header_3_text_color=&#8221;#FFFFFF&#8221; header_3_font_size=&#8221;25px&#8221; header_3_line_height=&#8221;1.2em&#8221; text_orientation=&#8221;center&#8221; locked=&#8221;off&#8221; global_colors_info=&#8221;{}&#8221;]<\/p>\n<h3>Do you need to renovate your caulking?<\/h3>\n<p>[\/et_pb_text][et_pb_text _builder_version=&#8221;4.27.4&#8243; _module_preset=&#8221;default&#8221; text_font=&#8221;|600|||||||&#8221; text_text_color=&#8221;#FFFFFF&#8221; text_font_size=&#8221;18px&#8221; global_colors_info=&#8221;{}&#8221;]<\/p>\n<p>Request a quote, it&#8217;s fast and free.<\/p>\n<p>[\/et_pb_text][et_pb_button button_url=&#8221;@ET-DC@eyJkeW5hbWljIjp0cnVlLCJjb250ZW50IjoicG9zdF9saW5rX3VybF9wYWdlIiwic2V0dGluZ3MiOnsicG9zdF9pZCI6IjI2In19@&#8221; button_text=&#8221;Contact&#8221; button_alignment=&#8221;left&#8221; _builder_version=&#8221;4.27.4&#8243; _dynamic_attributes=&#8221;button_url&#8221; _module_preset=&#8221;default&#8221; custom_button=&#8221;on&#8221; button_text_color=&#8221;#FFFFFF&#8221; button_bg_color=&#8221;RGBA(255,255,255,0)&#8221; button_border_width=&#8221;0px&#8221; button_border_radius=&#8221;0px&#8221; button_font=&#8221;&#8211;et_global_body_font|800||on|||||&#8221; button_use_icon=&#8221;off&#8221; custom_padding=&#8221;|0px||0px|false|true&#8221; locked=&#8221;off&#8221; global_colors_info=&#8221;{}&#8221; button_bg_color__hover_enabled=&#8221;on|desktop&#8221; button_bg_color__hover=&#8221;RGBA(255,255,255,0)&#8221;][\/et_pb_button][\/et_pb_column][\/et_pb_row][\/et_pb_section]<\/p>\n","protected":false},"excerpt":{"rendered":"<p>We are always looking for caulking workers You will travel with the service cars of the company Calfeutrage Elite to carry out caulking tasks in the Laval, Montreal and North Shore region. You must have a valid driver&#8217;s license and be authorized to work safely on a ladder or with cherry pickers. Carrying out caulking [&hellip;]<\/p>\n","protected":false},"author":1,"featured_media":0,"parent":0,"menu_order":0,"comment_status":"closed","ping_status":"closed","template":"","meta":{"_et_pb_use_builder":"on","_et_pb_old_content":"","_et_gb_content_width":"","footnotes":""},"class_list":["post-3774","page","type-page","status-publish","hentry"],"yoast_head":"<!-- This site is optimized with the Yoast SEO plugin v26.3 - https:\/\/yoast.com\/wordpress\/plugins\/seo\/ -->\n<title>Use of window caulker, doors with the elite of caulking in Laval<\/title>\n<meta name=\"description\" content=\"A job as a caulking worker in Laval in one of the most beautiful companies specializing in the field. Apply now. Calfeutrage Elite is a renowned company that is looking for competent and motivated technicians. You can be trained by participating in in-house learning with our caulking team\" \/>\n<meta name=\"robots\" content=\"index, follow, max-snippet:-1, max-image-preview:large, max-video-preview:-1\" \/>\n<link rel=\"canonical\" href=\"https:\/\/calfeutrage-elite.com\/en\/employment\/\" \/>\n<meta property=\"og:locale\" content=\"en_US\" \/>\n<meta property=\"og:type\" content=\"article\" \/>\n<meta property=\"og:title\" content=\"Use of window caulker, doors with the elite of caulking in Laval\" \/>\n<meta property=\"og:description\" content=\"A job as a caulking worker in Laval in one of the most beautiful companies specializing in the field. Apply now. Calfeutrage Elite is a renowned company that is looking for competent and motivated technicians. You can be trained by participating in in-house learning with our caulking team\" \/>\n<meta property=\"og:url\" content=\"https:\/\/calfeutrage-elite.com\/en\/employment\/\" \/>\n<meta property=\"og:site_name\" content=\"Calfeutrage elite\" \/>\n<meta property=\"article:modified_time\" content=\"2025-04-23T07:55:11+00:00\" \/>\n<meta name=\"twitter:card\" content=\"summary_large_image\" \/>\n<meta name=\"twitter:label1\" content=\"Est. reading time\" \/>\n\t<meta name=\"twitter:data1\" content=\"7 minutes\" \/>\n<script type=\"application\/ld+json\" class=\"yoast-schema-graph\">{\"@context\":\"https:\/\/schema.org\",\"@graph\":[{\"@type\":\"WebPage\",\"@id\":\"https:\/\/calfeutrage-elite.com\/en\/employment\/\",\"url\":\"https:\/\/calfeutrage-elite.com\/en\/employment\/\",\"name\":\"Use of window caulker, doors with the elite of caulking in Laval\",\"isPartOf\":{\"@id\":\"https:\/\/calfeutrage-elite.com\/en\/#website\"},\"datePublished\":\"2025-02-25T20:17:49+00:00\",\"dateModified\":\"2025-04-23T07:55:11+00:00\",\"description\":\"A job as a caulking worker in Laval in one of the most beautiful companies specializing in the field. Apply now. Calfeutrage Elite is a renowned company that is looking for competent and motivated technicians. You can be trained by participating in in-house learning with our caulking team\",\"breadcrumb\":{\"@id\":\"https:\/\/calfeutrage-elite.com\/en\/employment\/#breadcrumb\"},\"inLanguage\":\"en-CA\",\"potentialAction\":[{\"@type\":\"ReadAction\",\"target\":[\"https:\/\/calfeutrage-elite.com\/en\/employment\/\"]}]},{\"@type\":\"BreadcrumbList\",\"@id\":\"https:\/\/calfeutrage-elite.com\/en\/employment\/#breadcrumb\",\"itemListElement\":[{\"@type\":\"ListItem\",\"position\":1,\"name\":\"Home\",\"item\":\"https:\/\/calfeutrage-elite.com\/en\/\"},{\"@type\":\"ListItem\",\"position\":2,\"name\":\"Employment\"}]},{\"@type\":\"WebSite\",\"@id\":\"https:\/\/calfeutrage-elite.com\/en\/#website\",\"url\":\"https:\/\/calfeutrage-elite.com\/en\/\",\"name\":\"Calfeutrage elite\",\"description\":\"L&#039;\u00e9lite du calfeutrage \u00e0 Montr\u00e9al\",\"potentialAction\":[{\"@type\":\"SearchAction\",\"target\":{\"@type\":\"EntryPoint\",\"urlTemplate\":\"https:\/\/calfeutrage-elite.com\/en\/?s={search_term_string}\"},\"query-input\":{\"@type\":\"PropertyValueSpecification\",\"valueRequired\":true,\"valueName\":\"search_term_string\"}}],\"inLanguage\":\"en-CA\"}]}<\/script>\n<!-- \/ Yoast SEO plugin. -->","yoast_head_json":{"title":"Use of window caulker, doors with the elite of caulking in Laval","description":"A job as a caulking worker in Laval in one of the most beautiful companies specializing in the field. Apply now. Calfeutrage Elite is a renowned company that is looking for competent and motivated technicians. You can be trained by participating in in-house learning with our caulking team","robots":{"index":"index","follow":"follow","max-snippet":"max-snippet:-1","max-image-preview":"max-image-preview:large","max-video-preview":"max-video-preview:-1"},"canonical":"https:\/\/calfeutrage-elite.com\/en\/employment\/","og_locale":"en_US","og_type":"article","og_title":"Use of window caulker, doors with the elite of caulking in Laval","og_description":"A job as a caulking worker in Laval in one of the most beautiful companies specializing in the field. Apply now. Calfeutrage Elite is a renowned company that is looking for competent and motivated technicians. You can be trained by participating in in-house learning with our caulking team","og_url":"https:\/\/calfeutrage-elite.com\/en\/employment\/","og_site_name":"Calfeutrage elite","article_modified_time":"2025-04-23T07:55:11+00:00","twitter_card":"summary_large_image","twitter_misc":{"Est. reading time":"7 minutes"},"schema":{"@context":"https:\/\/schema.org","@graph":[{"@type":"WebPage","@id":"https:\/\/calfeutrage-elite.com\/en\/employment\/","url":"https:\/\/calfeutrage-elite.com\/en\/employment\/","name":"Use of window caulker, doors with the elite of caulking in Laval","isPartOf":{"@id":"https:\/\/calfeutrage-elite.com\/en\/#website"},"datePublished":"2025-02-25T20:17:49+00:00","dateModified":"2025-04-23T07:55:11+00:00","description":"A job as a caulking worker in Laval in one of the most beautiful companies specializing in the field. Apply now. Calfeutrage Elite is a renowned company that is looking for competent and motivated technicians. You can be trained by participating in in-house learning with our caulking team","breadcrumb":{"@id":"https:\/\/calfeutrage-elite.com\/en\/employment\/#breadcrumb"},"inLanguage":"en-CA","potentialAction":[{"@type":"ReadAction","target":["https:\/\/calfeutrage-elite.com\/en\/employment\/"]}]},{"@type":"BreadcrumbList","@id":"https:\/\/calfeutrage-elite.com\/en\/employment\/#breadcrumb","itemListElement":[{"@type":"ListItem","position":1,"name":"Home","item":"https:\/\/calfeutrage-elite.com\/en\/"},{"@type":"ListItem","position":2,"name":"Employment"}]},{"@type":"WebSite","@id":"https:\/\/calfeutrage-elite.com\/en\/#website","url":"https:\/\/calfeutrage-elite.com\/en\/","name":"Calfeutrage elite","description":"L&#039;\u00e9lite du calfeutrage \u00e0 Montr\u00e9al","potentialAction":[{"@type":"SearchAction","target":{"@type":"EntryPoint","urlTemplate":"https:\/\/calfeutrage-elite.com\/en\/?s={search_term_string}"},"query-input":{"@type":"PropertyValueSpecification","valueRequired":true,"valueName":"search_term_string"}}],"inLanguage":"en-CA"}]}},"_links":{"self":[{"href":"https:\/\/calfeutrage-elite.com\/en\/wp-json\/wp\/v2\/pages\/3774","targetHints":{"allow":["GET"]}}],"collection":[{"href":"https:\/\/calfeutrage-elite.com\/en\/wp-json\/wp\/v2\/pages"}],"about":[{"href":"https:\/\/calfeutrage-elite.com\/en\/wp-json\/wp\/v2\/types\/page"}],"author":[{"embeddable":true,"href":"https:\/\/calfeutrage-elite.com\/en\/wp-json\/wp\/v2\/users\/1"}],"replies":[{"embeddable":true,"href":"https:\/\/calfeutrage-elite.com\/en\/wp-json\/wp\/v2\/comments?post=3774"}],"version-history":[{"count":3,"href":"https:\/\/calfeutrage-elite.com\/en\/wp-json\/wp\/v2\/pages\/3774\/revisions"}],"predecessor-version":[{"id":4846,"href":"https:\/\/calfeutrage-elite.com\/en\/wp-json\/wp\/v2\/pages\/3774\/revisions\/4846"}],"wp:attachment":[{"href":"https:\/\/calfeutrage-elite.com\/en\/wp-json\/wp\/v2\/media?parent=3774"}],"curies":[{"name":"wp","href":"https:\/\/api.w.org\/{rel}","templated":true}]}}