{"id":3776,"date":"2025-03-19T09:47:16","date_gmt":"2025-03-19T09:47:16","guid":{"rendered":"https:\/\/calfeutrage-elite.com\/guarantee-deposit-and-work-regulations-faq\/"},"modified":"2025-03-19T09:47:16","modified_gmt":"2025-03-19T09:47:16","slug":"guarantee-deposit-and-work-regulations-faq","status":"publish","type":"page","link":"https:\/\/calfeutrage-elite.com\/en\/guarantee-deposit-and-work-regulations-faq\/","title":{"rendered":"Guarantee deposit and work regulations (FAQ)"},"content":{"rendered":"","protected":false},"excerpt":{"rendered":"","protected":false},"author":1,"featured_media":0,"parent":0,"menu_order":0,"comment_status":"closed","ping_status":"closed","template":"","meta":{"_et_pb_use_builder":"on","_et_pb_old_content":"","_et_gb_content_width":"","footnotes":""},"class_list":["post-3776","page","type-page","status-publish","hentry"],"yoast_head":"<!-- This site is optimized with the Yoast SEO plugin v26.3 - https:\/\/yoast.com\/wordpress\/plugins\/seo\/ -->\n<title>FAQ: Security deposit and payment of the work<\/title>\n<meta name=\"description\" content=\"We require a settlement filing when we must commit on your behalf to reserve lifting equipment, confirm permit applications and signage. The work can be paid in cash, by cheque, Interac or by card. You can check out our FAQ security deposit and settlement works here...\" \/>\n<meta name=\"robots\" content=\"index, follow, max-snippet:-1, max-image-preview:large, max-video-preview:-1\" \/>\n<link rel=\"canonical\" href=\"https:\/\/calfeutrage-elite.com\/en\/guarantee-deposit-and-work-regulations-faq\/\" \/>\n<meta property=\"og:locale\" content=\"en_US\" \/>\n<meta property=\"og:type\" content=\"article\" \/>\n<meta property=\"og:title\" content=\"FAQ: Security deposit and payment of the work\" \/>\n<meta property=\"og:description\" content=\"We require a settlement filing when we must commit on your behalf to reserve lifting equipment, confirm permit applications and signage. The work can be paid in cash, by cheque, Interac or by card. You can check out our FAQ security deposit and settlement works here...\" \/>\n<meta property=\"og:url\" content=\"https:\/\/calfeutrage-elite.com\/en\/guarantee-deposit-and-work-regulations-faq\/\" \/>\n<meta property=\"og:site_name\" content=\"Calfeutrage elite\" \/>\n<meta name=\"twitter:card\" content=\"summary_large_image\" \/>\n<script type=\"application\/ld+json\" class=\"yoast-schema-graph\">{\"@context\":\"https:\/\/schema.org\",\"@graph\":[{\"@type\":\"WebPage\",\"@id\":\"https:\/\/calfeutrage-elite.com\/en\/guarantee-deposit-and-work-regulations-faq\/\",\"url\":\"https:\/\/calfeutrage-elite.com\/en\/guarantee-deposit-and-work-regulations-faq\/\",\"name\":\"FAQ: Security deposit and payment of the work\",\"isPartOf\":{\"@id\":\"https:\/\/calfeutrage-elite.com\/en\/#website\"},\"datePublished\":\"2025-03-19T09:47:16+00:00\",\"description\":\"We require a settlement filing when we must commit on your behalf to reserve lifting equipment, confirm permit applications and signage. The work can be paid in cash, by cheque, Interac or by card. You can check out our FAQ security deposit and settlement works here...\",\"breadcrumb\":{\"@id\":\"https:\/\/calfeutrage-elite.com\/en\/guarantee-deposit-and-work-regulations-faq\/#breadcrumb\"},\"inLanguage\":\"en-CA\",\"potentialAction\":[{\"@type\":\"ReadAction\",\"target\":[\"https:\/\/calfeutrage-elite.com\/en\/guarantee-deposit-and-work-regulations-faq\/\"]}]},{\"@type\":\"BreadcrumbList\",\"@id\":\"https:\/\/calfeutrage-elite.com\/en\/guarantee-deposit-and-work-regulations-faq\/#breadcrumb\",\"itemListElement\":[{\"@type\":\"ListItem\",\"position\":1,\"name\":\"Home\",\"item\":\"https:\/\/calfeutrage-elite.com\/en\/\"},{\"@type\":\"ListItem\",\"position\":2,\"name\":\"Guarantee deposit and work regulations (FAQ)\"}]},{\"@type\":\"WebSite\",\"@id\":\"https:\/\/calfeutrage-elite.com\/en\/#website\",\"url\":\"https:\/\/calfeutrage-elite.com\/en\/\",\"name\":\"Calfeutrage elite\",\"description\":\"L&#039;\u00e9lite du calfeutrage \u00e0 Montr\u00e9al\",\"potentialAction\":[{\"@type\":\"SearchAction\",\"target\":{\"@type\":\"EntryPoint\",\"urlTemplate\":\"https:\/\/calfeutrage-elite.com\/en\/?s={search_term_string}\"},\"query-input\":{\"@type\":\"PropertyValueSpecification\",\"valueRequired\":true,\"valueName\":\"search_term_string\"}}],\"inLanguage\":\"en-CA\"}]}<\/script>\n<!-- \/ Yoast SEO plugin. -->","yoast_head_json":{"title":"FAQ: Security deposit and payment of the work","description":"We require a settlement filing when we must commit on your behalf to reserve lifting equipment, confirm permit applications and signage. The work can be paid in cash, by cheque, Interac or by card. You can check out our FAQ security deposit and settlement works here...","robots":{"index":"index","follow":"follow","max-snippet":"max-snippet:-1","max-image-preview":"max-image-preview:large","max-video-preview":"max-video-preview:-1"},"canonical":"https:\/\/calfeutrage-elite.com\/en\/guarantee-deposit-and-work-regulations-faq\/","og_locale":"en_US","og_type":"article","og_title":"FAQ: Security deposit and payment of the work","og_description":"We require a settlement filing when we must commit on your behalf to reserve lifting equipment, confirm permit applications and signage. The work can be paid in cash, by cheque, Interac or by card. You can check out our FAQ security deposit and settlement works here...","og_url":"https:\/\/calfeutrage-elite.com\/en\/guarantee-deposit-and-work-regulations-faq\/","og_site_name":"Calfeutrage elite","twitter_card":"summary_large_image","schema":{"@context":"https:\/\/schema.org","@graph":[{"@type":"WebPage","@id":"https:\/\/calfeutrage-elite.com\/en\/guarantee-deposit-and-work-regulations-faq\/","url":"https:\/\/calfeutrage-elite.com\/en\/guarantee-deposit-and-work-regulations-faq\/","name":"FAQ: Security deposit and payment of the work","isPartOf":{"@id":"https:\/\/calfeutrage-elite.com\/en\/#website"},"datePublished":"2025-03-19T09:47:16+00:00","description":"We require a settlement filing when we must commit on your behalf to reserve lifting equipment, confirm permit applications and signage. The work can be paid in cash, by cheque, Interac or by card. You can check out our FAQ security deposit and settlement works here...","breadcrumb":{"@id":"https:\/\/calfeutrage-elite.com\/en\/guarantee-deposit-and-work-regulations-faq\/#breadcrumb"},"inLanguage":"en-CA","potentialAction":[{"@type":"ReadAction","target":["https:\/\/calfeutrage-elite.com\/en\/guarantee-deposit-and-work-regulations-faq\/"]}]},{"@type":"BreadcrumbList","@id":"https:\/\/calfeutrage-elite.com\/en\/guarantee-deposit-and-work-regulations-faq\/#breadcrumb","itemListElement":[{"@type":"ListItem","position":1,"name":"Home","item":"https:\/\/calfeutrage-elite.com\/en\/"},{"@type":"ListItem","position":2,"name":"Guarantee deposit and work regulations (FAQ)"}]},{"@type":"WebSite","@id":"https:\/\/calfeutrage-elite.com\/en\/#website","url":"https:\/\/calfeutrage-elite.com\/en\/","name":"Calfeutrage elite","description":"L&#039;\u00e9lite du calfeutrage \u00e0 Montr\u00e9al","potentialAction":[{"@type":"SearchAction","target":{"@type":"EntryPoint","urlTemplate":"https:\/\/calfeutrage-elite.com\/en\/?s={search_term_string}"},"query-input":{"@type":"PropertyValueSpecification","valueRequired":true,"valueName":"search_term_string"}}],"inLanguage":"en-CA"}]}},"_links":{"self":[{"href":"https:\/\/calfeutrage-elite.com\/en\/wp-json\/wp\/v2\/pages\/3776","targetHints":{"allow":["GET"]}}],"collection":[{"href":"https:\/\/calfeutrage-elite.com\/en\/wp-json\/wp\/v2\/pages"}],"about":[{"href":"https:\/\/calfeutrage-elite.com\/en\/wp-json\/wp\/v2\/types\/page"}],"author":[{"embeddable":true,"href":"https:\/\/calfeutrage-elite.com\/en\/wp-json\/wp\/v2\/users\/1"}],"replies":[{"embeddable":true,"href":"https:\/\/calfeutrage-elite.com\/en\/wp-json\/wp\/v2\/comments?post=3776"}],"version-history":[{"count":0,"href":"https:\/\/calfeutrage-elite.com\/en\/wp-json\/wp\/v2\/pages\/3776\/revisions"}],"wp:attachment":[{"href":"https:\/\/calfeutrage-elite.com\/en\/wp-json\/wp\/v2\/media?parent=3776"}],"curies":[{"name":"wp","href":"https:\/\/api.w.org\/{rel}","templated":true}]}}