{"id":3782,"date":"2025-02-03T17:29:11","date_gmt":"2025-02-03T22:29:11","guid":{"rendered":"https:\/\/calfeutrage-elite.com\/hd-infrared-camera-thermographic-inspection\/"},"modified":"2025-04-23T04:29:22","modified_gmt":"2025-04-23T08:29:22","slug":"hd-infrared-camera-thermographic-inspection","status":"publish","type":"page","link":"https:\/\/calfeutrage-elite.com\/en\/hd-infrared-camera-thermographic-inspection\/","title":{"rendered":"HD infrared camera thermographic inspection"},"content":{"rendered":"<p>[et_pb_section fb_built=&#8221;1&#8243; fullwidth=&#8221;on&#8221; _builder_version=&#8221;4.27.2&#8243; _module_preset=&#8221;default&#8221; global_colors_info=&#8221;{}&#8221;][et_pb_fullwidth_header title=&#8221;HD infrared camera thermographic inspection&#8221; background_overlay_color=&#8221;rgba(0,0,0,0.42)&#8221; _builder_version=&#8221;4.27.4&#8243; _module_preset=&#8221;default&#8221; title_font=&#8221;&#8211;et_global_heading_font|700|||||||&#8221; title_text_color=&#8221;#FFFFFF&#8221; title_font_size=&#8221;64px&#8221; title_line_height=&#8221;1.5em&#8221; content_font=&#8221;&#8211;et_global_body_font|600|||||||&#8221; content_text_align=&#8221;left&#8221; content_text_color=&#8221;#FFFFFF&#8221; content_font_size=&#8221;20px&#8221; content_line_height=&#8221;1.8em&#8221; background_enable_color=&#8221;off&#8221; use_background_color_gradient=&#8221;on&#8221; background_color_gradient_stops=&#8221;rgba(0,0,0,0.42) 0%|rgba(0,0,0,0.42) 100%&#8221; background_color_gradient_overlays_image=&#8221;on&#8221; background_image=&#8221;https:\/\/calfeutrage-elite.com\/wp-content\/uploads\/2025\/02\/thermographie-pro.jpg&#8221; background_position=&#8221;bottom_center&#8221; background_vertical_offset=&#8221;18%&#8221; background_enable_video_mp4=&#8221;off&#8221; custom_button_one=&#8221;on&#8221; button_one_text_color=&#8221;#FFFFFF&#8221; button_one_bg_color=&#8221;#0072FF&#8221; button_one_border_color=&#8221;#0072FF&#8221; button_one_use_icon=&#8221;off&#8221; button_one_custom_padding=&#8221;|30px||30px|false|true&#8221; custom_button_two=&#8221;on&#8221; button_two_text_color=&#8221;#FFFFFF&#8221; button_two_bg_color=&#8221;#00C6FF&#8221; button_two_border_color=&#8221;#00C6FF&#8221; button_two_use_icon=&#8221;off&#8221; button_two_custom_padding=&#8221;|30px||30px|false|true&#8221; custom_padding=&#8221;8%|0%|8%|0%|true|true&#8221; title_font_size_tablet=&#8221;64px&#8221; title_font_size_phone=&#8221;40px&#8221; title_font_size_last_edited=&#8221;on|phone&#8221; content_font_size_tablet=&#8221;20px&#8221; content_font_size_phone=&#8221;18px&#8221; content_font_size_last_edited=&#8221;on|phone&#8221; button_one_text_size_tablet=&#8221;&#8221; button_one_text_size_phone=&#8221;18px&#8221; button_one_text_size_last_edited=&#8221;on|phone&#8221; button_two_text_size_tablet=&#8221;&#8221; button_two_text_size_phone=&#8221;18px&#8221; button_two_text_size_last_edited=&#8221;on|phone&#8221; global_colors_info=&#8221;{}&#8221; button_one_bg_color__hover_enabled=&#8221;on|hover&#8221; button_one_bg_color__hover=&#8221;#00C6FF&#8221; button_one_bg_enable_color__hover=&#8221;on&#8221; button_one_border_color__hover_enabled=&#8221;on|hover&#8221; button_one_border_color__hover=&#8221;#00C6FF&#8221; button_two_bg_color__hover_enabled=&#8221;on|hover&#8221; button_two_bg_color__hover=&#8221;#0072FF&#8221; button_two_bg_enable_color__hover=&#8221;on&#8221; button_two_border_color__hover_enabled=&#8221;on|hover&#8221; button_two_border_color__hover=&#8221;#0072FF&#8221;][\/et_pb_fullwidth_header][\/et_pb_section][et_pb_section fb_built=&#8221;1&#8243; _builder_version=&#8221;4.27.4&#8243; _module_preset=&#8221;default&#8221; background_color=&#8221;#F6F8FA&#8221; locked=&#8221;off&#8221; global_colors_info=&#8221;{}&#8221;][et_pb_row column_structure=&#8221;3_5,2_5&#8243; module_class=&#8221;boxe-polygonne&#8221; _builder_version=&#8221;4.27.4&#8243; _module_preset=&#8221;default&#8221; background_color=&#8221;#FFFFFF&#8221; background_enable_image=&#8221;off&#8221; z_index=&#8221;2&#8243; width=&#8221;100%&#8221; max_width=&#8221;1290px&#8221; custom_margin=&#8221;-80px|auto|0px|auto|false|true&#8221; custom_margin_tablet=&#8221;-80px|auto|0px|auto|false|true&#8221; custom_margin_phone=&#8221;|0px||0px|false|true&#8221; custom_margin_last_edited=&#8221;on|phone&#8221; custom_padding=&#8221;0px||0px||true|false&#8221; global_colors_info=&#8221;{}&#8221;][et_pb_column type=&#8221;3_5&#8243; _builder_version=&#8221;4.27.4&#8243; _module_preset=&#8221;default&#8221; background_image=&#8221;https:\/\/calfeutrage-elite.com\/wp-content\/uploads\/2024\/07\/pattern.webp&#8221; custom_padding=&#8221;98px|30px|50px|120px|false|false&#8221; custom_padding_tablet=&#8221;98px|100px|50px|120px|false|false&#8221; custom_padding_phone=&#8221;98px|50px|50px|50px|false|false&#8221; custom_padding_last_edited=&#8221;on|phone&#8221; global_colors_info=&#8221;{}&#8221;][et_pb_text _builder_version=&#8221;4.27.4&#8243; _module_preset=&#8221;default&#8221; text_text_color=&#8221;#000000&#8243; text_font_size=&#8221;18px&#8221; global_colors_info=&#8221;{}&#8221;]<\/p>\n<p>Montreal, Laval. 2012<\/p>\n<ul>\n<li>Do you no longer tolerate nuisances due to<span> <\/span><a title=\"Air infiltration in the house\" href=\"#\">air<\/a><span> <\/span>and water infiltration that seem to come from the contours of doors and windows?<\/li>\n<li>Do you think that a professional<span> <\/span> infrared <a title=\"Thermography, air infiltration and water infiltration\" href=\"#\">thermography<\/a><span> <\/span>inspection is becoming necessary?<\/li>\n<\/ul>\n<p>For your comfort and health, have the sources of air and water infiltration detected in order to remedy them as soon as possible.<\/p>\n<p>The professional experience<span> <\/span><a href=\"https:\/\/calfeutrage-elite.com\/en\/\">of Caulking<\/a><span> <\/span>Elite combined with the information provided by<span> <\/span><strong>infrared thermography<\/strong><span> <\/span>brings superior efficiency in detecting weak points that cause air and water infiltration.<\/p>\n<p>[\/et_pb_text][et_pb_text _builder_version=&#8221;4.27.4&#8243; _module_preset=&#8221;default&#8221; header_2_font=&#8221;&#8211;et_global_heading_font|700|||||||&#8221; header_2_text_color=&#8221;#000000&#8243; header_2_font_size=&#8221;50px&#8221; header_2_letter_spacing=&#8221;-1px&#8221; locked=&#8221;off&#8221; global_colors_info=&#8221;{}&#8221;]<\/p>\n<h2>What is infrared thermography?<\/h2>\n<p>[\/et_pb_text][et_pb_text _builder_version=&#8221;4.27.4&#8243; _module_preset=&#8221;default&#8221; text_text_color=&#8221;#000000&#8243; text_font_size=&#8221;18px&#8221; global_colors_info=&#8221;{}&#8221;]<\/p>\n<div class=\"info\">\n<div class=\"msg-box-icon pngfix\">Infrared thermography is the process of capturing and analyzing thermal data from thermal imaging devices without physical contact.<\/div>\n<\/div>\n<p><strong>What does the infrared camera do during a building inspection?<\/strong><\/p>\n<p><img decoding=\"async\" class=\"size-full wp-image-790 alignright entered lazyloaded\" title=\"infiltration-water-montreal\" src=\"https:\/\/calfeutrage-elite.com\/wp-content\/uploads\/2025\/02\/infiltration-eau-montreal.jpg\" alt=\"water infiltration Montreal  \"><\/p>\n<p>The infrared camera can help, without having to open the walls, to detect:<\/p>\n<ul>\n<li>Air infiltration and exfiltration<\/li>\n<li>Water infiltration<\/li>\n<li>The failures of the insulation of the walls and thermos windows<\/li>\n<li>Moisture-infused materials<\/li>\n<li>The anomalies in the construction<\/li>\n<li>The presence of<a title=\"wasp nest in the house\" href=\"http:\/\/www.abatextermination.ca\/detruire-nid-de-guepes\/\" target=\"_blank\" rel=\"noopener noreferrer\">insects (nests of beps)<\/a>and pests<\/li>\n<\/ul>\n<p>[\/et_pb_text][et_pb_text _builder_version=&#8221;4.27.4&#8243; _module_preset=&#8221;default&#8221; header_2_font=&#8221;&#8211;et_global_heading_font|700|||||||&#8221; header_2_text_color=&#8221;#000000&#8243; header_2_font_size=&#8221;50px&#8221; header_2_letter_spacing=&#8221;-1px&#8221; locked=&#8221;off&#8221; global_colors_info=&#8221;{}&#8221;]<\/p>\n<h2>Why ITC professional accreditation?<br \/>\n<\/h2>\n<p>[\/et_pb_text][et_pb_text _builder_version=&#8221;4.27.4&#8243; _module_preset=&#8221;default&#8221; text_text_color=&#8221;#000000&#8243; text_font_size=&#8221;18px&#8221; global_colors_info=&#8221;{}&#8221;]<\/p>\n<p>A professional infrared thermography inspection must be carried out by a<span> <\/span><strong>thermographer trained and accredited<span> <\/span><\/strong>by an approved training organization such as the ITC (Infrared Training Center)<\/p>\n<p>The accredited thermograph has the appropriate training and documentation, and is officially accredited as a qualified and competent professional to perform an inspection using infrared camera.<\/p>\n<p>[\/et_pb_text][et_pb_text _builder_version=&#8221;4.27.4&#8243; _module_preset=&#8221;default&#8221; header_2_font=&#8221;&#8211;et_global_heading_font|700|||||||&#8221; header_2_text_color=&#8221;#000000&#8243; header_2_font_size=&#8221;50px&#8221; header_2_letter_spacing=&#8221;-1px&#8221; locked=&#8221;off&#8221; global_colors_info=&#8221;{}&#8221;]<\/p>\n<h2>How much does an infrared thermography inspection cost?<br \/>\n<\/h2>\n<p>[\/et_pb_text][et_pb_text _builder_version=&#8221;4.27.4&#8243; _module_preset=&#8221;default&#8221; text_text_color=&#8221;#000000&#8243; text_font_size=&#8221;18px&#8221; global_colors_info=&#8221;{}&#8221;]<\/p>\n<ul>\n<li>A minimum fee applies for infrared thermography inspections. They are affordable and accessible to all types of homes or buildings (residential, commercial and industrial)<\/li>\n<li>Rates are based on hourly rates. Fees include the duration and scope of inspections and the writing of reports with thermal imaging.<\/li>\n<\/ul>\n<p>It should be noted that the acquisition of these specialized equipment and vocational training involve an investment of several thousand dollars.<\/p>\n<p>[\/et_pb_text][et_pb_text _builder_version=&#8221;4.27.4&#8243; _module_preset=&#8221;default&#8221; header_2_font=&#8221;&#8211;et_global_heading_font|700|||||||&#8221; header_2_text_color=&#8221;#000000&#8243; header_2_font_size=&#8221;50px&#8221; header_2_letter_spacing=&#8221;-1px&#8221; locked=&#8221;off&#8221; global_colors_info=&#8221;{}&#8221;]<\/p>\n<h2>Preventive inspection<br \/>\n<\/h2>\n<p>[\/et_pb_text][et_pb_text _builder_version=&#8221;4.27.4&#8243; _module_preset=&#8221;default&#8221; text_text_color=&#8221;#000000&#8243; text_font_size=&#8221;18px&#8221; global_colors_info=&#8221;{}&#8221;]<\/p>\n<p>Be foresighted and don&#8217;t wait for infiltration problems. A preventative inspection will prevent you from unpleasant surprises.<\/p>\n<p>Keep in mind that air and water infiltrations are slowly and gradually created over the years.<\/p>\n<p>It is the annual variations in climate that place the most stress on the various building materials that make up your building. They do not react jointly or in the same way. These temperature variations combined with changes in humidity cause cracks that give way to air and water infiltration.<\/p>\n<p>It can take years before you realize that your home is experiencing infiltration because it happens without your knowledge, and it stays inside the walls for a long time before it is actually noticeable.<\/p>\n<p>Contact Caulking Elite for advice and recommendations from specialists<\/p>\n<p>&nbsp;<\/p>\n<\/p>\n<p><center><strong><a href=\"tel:450-473-3548\">450-473-3548<\/a><\/strong><\/center><\/p>\n<p>&nbsp;<\/p>\n<p><a href=\"https:\/\/calfeutrage-elite.com\/en\/\">Elite caulking in Laval, Montreal, North Shore , South Shore<\/a><\/p>\n<p>&nbsp;<\/p>\n<p>[\/et_pb_text][et_pb_image src=&#8221;https:\/\/calfeutrage-elite.com\/wp-content\/uploads\/2025\/02\/certificat-thermographie.jpg&#8221; title_text=&#8221;certificate-thermography&#8221; _builder_version=&#8221;4.27.4&#8243; _module_preset=&#8221;default&#8221; global_colors_info=&#8221;{}&#8221;][\/et_pb_image][\/et_pb_column][et_pb_column type=&#8221;2_5&#8243; _builder_version=&#8221;4.27.4&#8243; _module_preset=&#8221;default&#8221; background_color=&#8221;#F6F8FA&#8221; background_enable_image=&#8221;off&#8221; custom_padding=&#8221;98px|30px|50px|120px|false|false&#8221; custom_padding_tablet=&#8221;98px|100px|50px|120px|false|false&#8221; custom_padding_phone=&#8221;98px|50px|50px|50px|false|false&#8221; custom_padding_last_edited=&#8221;on|phone&#8221; global_colors_info=&#8221;{}&#8221;][et_pb_blurb use_icon=&#8221;on&#8221; font_icon=&#8221;&#xe090;||divi||400&#8243; icon_color=&#8221;#00c6ff&#8221; icon_placement=&#8221;left&#8221; image_icon_width=&#8221;25px&#8221; _builder_version=&#8221;4.27.4&#8243; _module_preset=&#8221;default&#8221; header_text_color=&#8221;#FFFFFF&#8221; body_font=&#8221;Nunito Sans|700|||||||&#8221; body_text_align=&#8221;left&#8221; body_text_color=&#8221;#ffffff&#8221; body_font_size=&#8221;25px&#8221; body_line_height=&#8221;1.4em&#8221; image_icon_custom_margin=&#8221;5px||||false|false&#8221; custom_padding=&#8221;0px|0px|0px|0px|true|true&#8221; icon_font_size=&#8221;21px&#8221; locked=&#8221;off&#8221; global_colors_info=&#8221;{}&#8221;]<\/p>\n<p><a href=\"tel:450-473-3548\">450-473-3548<\/a><\/p>\n<p>[\/et_pb_blurb][et_pb_sidebar _builder_version=&#8221;4.27.4&#8243; _module_preset=&#8221;default&#8221; global_colors_info=&#8221;{}&#8221;][\/et_pb_sidebar][\/et_pb_column][\/et_pb_row][\/et_pb_section][et_pb_section fb_built=&#8221;1&#8243; module_class=&#8221;bg-attachment-fixed &#8221; _builder_version=&#8221;4.27.2&#8243; _module_preset=&#8221;default&#8221; use_background_color_gradient=&#8221;on&#8221; background_color_gradient_stops=&#8221;rgba(0,114,255,0.66) 0%|rgba(0,198,255,0.64) 100%&#8221; background_color_gradient_overlays_image=&#8221;on&#8221; background_image=&#8221;https:\/\/calfeutrage-elite.com\/wp-content\/uploads\/2024\/10\/Calfeutrage-4-scaled.jpg&#8221; background_position=&#8221;bottom_center&#8221; custom_padding=&#8221;100px||100px||true|false&#8221; locked=&#8221;off&#8221; global_colors_info=&#8221;{}&#8221;][et_pb_row _builder_version=&#8221;4.27.4&#8243; _module_preset=&#8221;default&#8221; width=&#8221;100%&#8221; max_width=&#8221;1310px&#8221; custom_padding=&#8221;|100px||100px|false|true&#8221; global_colors_info=&#8221;{}&#8221;][et_pb_column type=&#8221;4_4&#8243; module_class=&#8221;btn-line&#8221; _builder_version=&#8221;4.27.0&#8243; _module_preset=&#8221;default&#8221; global_colors_info=&#8221;{}&#8221;][et_pb_text _builder_version=&#8221;4.27.4&#8243; _module_preset=&#8221;default&#8221; header_3_font=&#8221;&#8211;et_global_heading_font|800||on|||||&#8221; header_3_text_align=&#8221;left&#8221; header_3_text_color=&#8221;#FFFFFF&#8221; header_3_font_size=&#8221;25px&#8221; header_3_line_height=&#8221;1.2em&#8221; text_orientation=&#8221;center&#8221; locked=&#8221;off&#8221; global_colors_info=&#8221;{}&#8221;]<\/p>\n<h3>Do you need to renovate your caulking?<\/h3>\n<p>[\/et_pb_text][et_pb_text _builder_version=&#8221;4.27.4&#8243; _module_preset=&#8221;default&#8221; text_font=&#8221;|600|||||||&#8221; text_text_color=&#8221;#FFFFFF&#8221; text_font_size=&#8221;18px&#8221; global_colors_info=&#8221;{}&#8221;]<\/p>\n<p>Request a quote, it&#8217;s fast and free.<\/p>\n<p>[\/et_pb_text][et_pb_button button_url=&#8221;@ET-DC@eyJkeW5hbWljIjp0cnVlLCJjb250ZW50IjoicG9zdF9saW5rX3VybF9wYWdlIiwic2V0dGluZ3MiOnsicG9zdF9pZCI6IjI2In19@&#8221; button_text=&#8221;Contact&#8221; button_alignment=&#8221;left&#8221; _builder_version=&#8221;4.27.4&#8243; _dynamic_attributes=&#8221;button_url&#8221; _module_preset=&#8221;default&#8221; custom_button=&#8221;on&#8221; button_text_color=&#8221;#FFFFFF&#8221; button_bg_color=&#8221;RGBA(255,255,255,0)&#8221; button_border_width=&#8221;0px&#8221; button_border_radius=&#8221;0px&#8221; button_font=&#8221;&#8211;et_global_body_font|800||on|||||&#8221; button_use_icon=&#8221;off&#8221; custom_padding=&#8221;|0px||0px|false|true&#8221; locked=&#8221;off&#8221; global_colors_info=&#8221;{}&#8221; button_bg_color__hover_enabled=&#8221;on|desktop&#8221; button_bg_color__hover=&#8221;RGBA(255,255,255,0)&#8221;][\/et_pb_button][\/et_pb_column][\/et_pb_row][\/et_pb_section]<\/p>\n","protected":false},"excerpt":{"rendered":"<p>Montreal, Laval. 2012 Do you no longer tolerate nuisances due to air and water infiltration that seem to come from the contours of doors and windows? Do you think that a professional infrared thermography inspection is becoming necessary? For your comfort and health, have the sources of air and water infiltration detected in order to [&hellip;]<\/p>\n","protected":false},"author":1,"featured_media":0,"parent":0,"menu_order":0,"comment_status":"closed","ping_status":"closed","template":"","meta":{"_et_pb_use_builder":"on","_et_pb_old_content":"","_et_gb_content_width":"","footnotes":""},"class_list":["post-3782","page","type-page","status-publish","hentry"],"yoast_head":"<!-- This site is optimized with the Yoast SEO plugin v26.3 - https:\/\/yoast.com\/wordpress\/plugins\/seo\/ -->\n<title>Montreal Thermographic Inspection and ITC Accreditation<\/title>\n<meta name=\"description\" content=\"Thermographic inspection in Montreal with an ITC certified inspector. An infrared thermography inspection can detect air and water infiltration before it is too late. This method is reliable and carried out by experts. For more information, contact our Elite Calfing office in Montreal...\" \/>\n<meta name=\"robots\" content=\"index, follow, max-snippet:-1, max-image-preview:large, max-video-preview:-1\" \/>\n<link rel=\"canonical\" href=\"https:\/\/calfeutrage-elite.com\/en\/hd-infrared-camera-thermographic-inspection\/\" \/>\n<meta property=\"og:locale\" content=\"en_US\" \/>\n<meta property=\"og:type\" content=\"article\" \/>\n<meta property=\"og:title\" content=\"Montreal Thermographic Inspection and ITC Accreditation\" \/>\n<meta property=\"og:description\" content=\"Thermographic inspection in Montreal with an ITC certified inspector. An infrared thermography inspection can detect air and water infiltration before it is too late. This method is reliable and carried out by experts. For more information, contact our Elite Calfing office in Montreal...\" \/>\n<meta property=\"og:url\" content=\"https:\/\/calfeutrage-elite.com\/en\/hd-infrared-camera-thermographic-inspection\/\" \/>\n<meta property=\"og:site_name\" content=\"Calfeutrage elite\" \/>\n<meta property=\"article:modified_time\" content=\"2025-04-23T08:29:22+00:00\" \/>\n<meta name=\"twitter:card\" content=\"summary_large_image\" \/>\n<meta name=\"twitter:label1\" content=\"Est. reading time\" \/>\n\t<meta name=\"twitter:data1\" content=\"8 minutes\" \/>\n<script type=\"application\/ld+json\" class=\"yoast-schema-graph\">{\"@context\":\"https:\/\/schema.org\",\"@graph\":[{\"@type\":\"WebPage\",\"@id\":\"https:\/\/calfeutrage-elite.com\/en\/hd-infrared-camera-thermographic-inspection\/\",\"url\":\"https:\/\/calfeutrage-elite.com\/en\/hd-infrared-camera-thermographic-inspection\/\",\"name\":\"Montreal Thermographic Inspection and ITC Accreditation\",\"isPartOf\":{\"@id\":\"https:\/\/calfeutrage-elite.com\/en\/#website\"},\"primaryImageOfPage\":{\"@id\":\"https:\/\/calfeutrage-elite.com\/en\/hd-infrared-camera-thermographic-inspection\/#primaryimage\"},\"image\":{\"@id\":\"https:\/\/calfeutrage-elite.com\/en\/hd-infrared-camera-thermographic-inspection\/#primaryimage\"},\"thumbnailUrl\":\"https:\/\/calfeutrage-elite.com\/wp-content\/uploads\/2025\/02\/infiltration-eau-montreal.jpg\",\"datePublished\":\"2025-02-03T22:29:11+00:00\",\"dateModified\":\"2025-04-23T08:29:22+00:00\",\"description\":\"Thermographic inspection in Montreal with an ITC certified inspector. An infrared thermography inspection can detect air and water infiltration before it is too late. This method is reliable and carried out by experts. For more information, contact our Elite Calfing office in Montreal...\",\"breadcrumb\":{\"@id\":\"https:\/\/calfeutrage-elite.com\/en\/hd-infrared-camera-thermographic-inspection\/#breadcrumb\"},\"inLanguage\":\"en-CA\",\"potentialAction\":[{\"@type\":\"ReadAction\",\"target\":[\"https:\/\/calfeutrage-elite.com\/en\/hd-infrared-camera-thermographic-inspection\/\"]}]},{\"@type\":\"ImageObject\",\"inLanguage\":\"en-CA\",\"@id\":\"https:\/\/calfeutrage-elite.com\/en\/hd-infrared-camera-thermographic-inspection\/#primaryimage\",\"url\":\"https:\/\/calfeutrage-elite.com\/wp-content\/uploads\/2025\/02\/infiltration-eau-montreal.jpg\",\"contentUrl\":\"https:\/\/calfeutrage-elite.com\/wp-content\/uploads\/2025\/02\/infiltration-eau-montreal.jpg\"},{\"@type\":\"BreadcrumbList\",\"@id\":\"https:\/\/calfeutrage-elite.com\/en\/hd-infrared-camera-thermographic-inspection\/#breadcrumb\",\"itemListElement\":[{\"@type\":\"ListItem\",\"position\":1,\"name\":\"Home\",\"item\":\"https:\/\/calfeutrage-elite.com\/en\/\"},{\"@type\":\"ListItem\",\"position\":2,\"name\":\"HD infrared camera thermographic inspection\"}]},{\"@type\":\"WebSite\",\"@id\":\"https:\/\/calfeutrage-elite.com\/en\/#website\",\"url\":\"https:\/\/calfeutrage-elite.com\/en\/\",\"name\":\"Calfeutrage elite\",\"description\":\"L&#039;\u00e9lite du calfeutrage \u00e0 Montr\u00e9al\",\"potentialAction\":[{\"@type\":\"SearchAction\",\"target\":{\"@type\":\"EntryPoint\",\"urlTemplate\":\"https:\/\/calfeutrage-elite.com\/en\/?s={search_term_string}\"},\"query-input\":{\"@type\":\"PropertyValueSpecification\",\"valueRequired\":true,\"valueName\":\"search_term_string\"}}],\"inLanguage\":\"en-CA\"}]}<\/script>\n<!-- \/ Yoast SEO plugin. -->","yoast_head_json":{"title":"Montreal Thermographic Inspection and ITC Accreditation","description":"Thermographic inspection in Montreal with an ITC certified inspector. An infrared thermography inspection can detect air and water infiltration before it is too late. This method is reliable and carried out by experts. For more information, contact our Elite Calfing office in Montreal...","robots":{"index":"index","follow":"follow","max-snippet":"max-snippet:-1","max-image-preview":"max-image-preview:large","max-video-preview":"max-video-preview:-1"},"canonical":"https:\/\/calfeutrage-elite.com\/en\/hd-infrared-camera-thermographic-inspection\/","og_locale":"en_US","og_type":"article","og_title":"Montreal Thermographic Inspection and ITC Accreditation","og_description":"Thermographic inspection in Montreal with an ITC certified inspector. An infrared thermography inspection can detect air and water infiltration before it is too late. This method is reliable and carried out by experts. For more information, contact our Elite Calfing office in Montreal...","og_url":"https:\/\/calfeutrage-elite.com\/en\/hd-infrared-camera-thermographic-inspection\/","og_site_name":"Calfeutrage elite","article_modified_time":"2025-04-23T08:29:22+00:00","twitter_card":"summary_large_image","twitter_misc":{"Est. reading time":"8 minutes"},"schema":{"@context":"https:\/\/schema.org","@graph":[{"@type":"WebPage","@id":"https:\/\/calfeutrage-elite.com\/en\/hd-infrared-camera-thermographic-inspection\/","url":"https:\/\/calfeutrage-elite.com\/en\/hd-infrared-camera-thermographic-inspection\/","name":"Montreal Thermographic Inspection and ITC Accreditation","isPartOf":{"@id":"https:\/\/calfeutrage-elite.com\/en\/#website"},"primaryImageOfPage":{"@id":"https:\/\/calfeutrage-elite.com\/en\/hd-infrared-camera-thermographic-inspection\/#primaryimage"},"image":{"@id":"https:\/\/calfeutrage-elite.com\/en\/hd-infrared-camera-thermographic-inspection\/#primaryimage"},"thumbnailUrl":"https:\/\/calfeutrage-elite.com\/wp-content\/uploads\/2025\/02\/infiltration-eau-montreal.jpg","datePublished":"2025-02-03T22:29:11+00:00","dateModified":"2025-04-23T08:29:22+00:00","description":"Thermographic inspection in Montreal with an ITC certified inspector. An infrared thermography inspection can detect air and water infiltration before it is too late. This method is reliable and carried out by experts. For more information, contact our Elite Calfing office in Montreal...","breadcrumb":{"@id":"https:\/\/calfeutrage-elite.com\/en\/hd-infrared-camera-thermographic-inspection\/#breadcrumb"},"inLanguage":"en-CA","potentialAction":[{"@type":"ReadAction","target":["https:\/\/calfeutrage-elite.com\/en\/hd-infrared-camera-thermographic-inspection\/"]}]},{"@type":"ImageObject","inLanguage":"en-CA","@id":"https:\/\/calfeutrage-elite.com\/en\/hd-infrared-camera-thermographic-inspection\/#primaryimage","url":"https:\/\/calfeutrage-elite.com\/wp-content\/uploads\/2025\/02\/infiltration-eau-montreal.jpg","contentUrl":"https:\/\/calfeutrage-elite.com\/wp-content\/uploads\/2025\/02\/infiltration-eau-montreal.jpg"},{"@type":"BreadcrumbList","@id":"https:\/\/calfeutrage-elite.com\/en\/hd-infrared-camera-thermographic-inspection\/#breadcrumb","itemListElement":[{"@type":"ListItem","position":1,"name":"Home","item":"https:\/\/calfeutrage-elite.com\/en\/"},{"@type":"ListItem","position":2,"name":"HD infrared camera thermographic inspection"}]},{"@type":"WebSite","@id":"https:\/\/calfeutrage-elite.com\/en\/#website","url":"https:\/\/calfeutrage-elite.com\/en\/","name":"Calfeutrage elite","description":"L&#039;\u00e9lite du calfeutrage \u00e0 Montr\u00e9al","potentialAction":[{"@type":"SearchAction","target":{"@type":"EntryPoint","urlTemplate":"https:\/\/calfeutrage-elite.com\/en\/?s={search_term_string}"},"query-input":{"@type":"PropertyValueSpecification","valueRequired":true,"valueName":"search_term_string"}}],"inLanguage":"en-CA"}]}},"_links":{"self":[{"href":"https:\/\/calfeutrage-elite.com\/en\/wp-json\/wp\/v2\/pages\/3782","targetHints":{"allow":["GET"]}}],"collection":[{"href":"https:\/\/calfeutrage-elite.com\/en\/wp-json\/wp\/v2\/pages"}],"about":[{"href":"https:\/\/calfeutrage-elite.com\/en\/wp-json\/wp\/v2\/types\/page"}],"author":[{"embeddable":true,"href":"https:\/\/calfeutrage-elite.com\/en\/wp-json\/wp\/v2\/users\/1"}],"replies":[{"embeddable":true,"href":"https:\/\/calfeutrage-elite.com\/en\/wp-json\/wp\/v2\/comments?post=3782"}],"version-history":[{"count":2,"href":"https:\/\/calfeutrage-elite.com\/en\/wp-json\/wp\/v2\/pages\/3782\/revisions"}],"predecessor-version":[{"id":4883,"href":"https:\/\/calfeutrage-elite.com\/en\/wp-json\/wp\/v2\/pages\/3782\/revisions\/4883"}],"wp:attachment":[{"href":"https:\/\/calfeutrage-elite.com\/en\/wp-json\/wp\/v2\/media?parent=3782"}],"curies":[{"name":"wp","href":"https:\/\/api.w.org\/{rel}","templated":true}]}}