{"id":3837,"date":"2025-02-24T18:40:34","date_gmt":"2025-02-24T23:40:34","guid":{"rendered":"https:\/\/calfeutrage-elite.com\/sonneborn-np1-sealer\/"},"modified":"2025-04-24T11:57:06","modified_gmt":"2025-04-24T15:57:06","slug":"sonneborn-np1-sealer","status":"publish","type":"page","link":"https:\/\/calfeutrage-elite.com\/en\/sonneborn-np1-sealer\/","title":{"rendered":"Sonneborn NP1 Sealer"},"content":{"rendered":"<p>[et_pb_section fb_built=&#8221;1&#8243; fullwidth=&#8221;on&#8221; _builder_version=&#8221;4.27.4&#8243; _module_preset=&#8221;default&#8221; global_colors_info=&#8221;{}&#8221;][et_pb_fullwidth_header title=&#8221;Sonneborn NP1 Sealer&#8221; subhead=&#8221;The Sonneborn Np1 has been developed to produce very durable waterproof caulking joints, has one of the lowest shrinking factors on the market and is therefore perfectly suited to all climates.&#8221; background_overlay_color=&#8221;rgba(0,0,0,0.42)&#8221; _builder_version=&#8221;4.27.4&#8243; _module_preset=&#8221;default&#8221; title_font=&#8221;&#8211;et_global_heading_font|700|||||||&#8221; title_text_color=&#8221;#FFFFFF&#8221; title_font_size=&#8221;64px&#8221; title_line_height=&#8221;1.5em&#8221; content_font=&#8221;&#8211;et_global_body_font|600|||||||&#8221; content_text_align=&#8221;left&#8221; content_text_color=&#8221;#FFFFFF&#8221; content_font_size=&#8221;20px&#8221; content_line_height=&#8221;1.8em&#8221; subhead_text_color=&#8221;#FFFFFF&#8221; subhead_font_size=&#8221;19px&#8221; background_enable_color=&#8221;off&#8221; use_background_color_gradient=&#8221;on&#8221; background_color_gradient_stops=&#8221;rgba(0,0,0,0.42) 0%|rgba(0,0,0,0.42) 100%&#8221; background_color_gradient_overlays_image=&#8221;on&#8221; background_image=&#8221;https:\/\/calfeutrage-elite.com\/wp-content\/uploads\/2025\/02\/scellant-adfast.jpg&#8221; background_position=&#8221;bottom_center&#8221; background_vertical_offset=&#8221;18%&#8221; background_enable_video_mp4=&#8221;off&#8221; custom_button_one=&#8221;on&#8221; button_one_text_color=&#8221;#FFFFFF&#8221; button_one_bg_color=&#8221;#0072FF&#8221; button_one_border_color=&#8221;#0072FF&#8221; button_one_use_icon=&#8221;off&#8221; button_one_custom_padding=&#8221;|30px||30px|false|true&#8221; custom_button_two=&#8221;on&#8221; button_two_text_color=&#8221;#FFFFFF&#8221; button_two_bg_color=&#8221;#00C6FF&#8221; button_two_border_color=&#8221;#00C6FF&#8221; button_two_use_icon=&#8221;off&#8221; button_two_custom_padding=&#8221;|30px||30px|false|true&#8221; custom_padding=&#8221;8%|0%|8%|0%|true|true&#8221; title_font_size_tablet=&#8221;64px&#8221; title_font_size_phone=&#8221;40px&#8221; title_font_size_last_edited=&#8221;on|phone&#8221; content_font_size_tablet=&#8221;20px&#8221; content_font_size_phone=&#8221;18px&#8221; content_font_size_last_edited=&#8221;on|phone&#8221; button_one_text_size_tablet=&#8221;&#8221; button_one_text_size_phone=&#8221;18px&#8221; button_one_text_size_last_edited=&#8221;on|phone&#8221; button_two_text_size_tablet=&#8221;&#8221; button_two_text_size_phone=&#8221;18px&#8221; button_two_text_size_last_edited=&#8221;on|phone&#8221; global_colors_info=&#8221;{}&#8221; button_one_bg_color__hover_enabled=&#8221;on|hover&#8221; button_one_bg_color__hover=&#8221;#00C6FF&#8221; button_one_bg_enable_color__hover=&#8221;on&#8221; button_one_border_color__hover_enabled=&#8221;on|hover&#8221; button_one_border_color__hover=&#8221;#00C6FF&#8221; button_two_bg_color__hover_enabled=&#8221;on|hover&#8221; button_two_bg_color__hover=&#8221;#0072FF&#8221; button_two_bg_enable_color__hover=&#8221;on&#8221; button_two_border_color__hover_enabled=&#8221;on|hover&#8221; button_two_border_color__hover=&#8221;#0072FF&#8221;][\/et_pb_fullwidth_header][\/et_pb_section][et_pb_section fb_built=&#8221;1&#8243; _builder_version=&#8221;4.27.4&#8243; _module_preset=&#8221;default&#8221; background_color=&#8221;#F6F8FA&#8221; locked=&#8221;off&#8221; global_colors_info=&#8221;{}&#8221;][et_pb_row column_structure=&#8221;3_5,2_5&#8243; module_class=&#8221;boxe-polygonne&#8221; _builder_version=&#8221;4.27.4&#8243; _module_preset=&#8221;default&#8221; background_color=&#8221;#FFFFFF&#8221; background_enable_image=&#8221;off&#8221; z_index=&#8221;2&#8243; width=&#8221;100%&#8221; max_width=&#8221;1290px&#8221; custom_margin=&#8221;-80px|auto|0px|auto|false|true&#8221; custom_margin_tablet=&#8221;-80px|auto|0px|auto|false|true&#8221; custom_margin_phone=&#8221;|0px||0px|false|true&#8221; custom_margin_last_edited=&#8221;on|phone&#8221; custom_padding=&#8221;0px||0px||true|false&#8221; global_colors_info=&#8221;{}&#8221;][et_pb_column type=&#8221;3_5&#8243; _builder_version=&#8221;4.27.4&#8243; _module_preset=&#8221;default&#8221; background_image=&#8221;https:\/\/calfeutrage-elite.com\/wp-content\/uploads\/2024\/07\/pattern.webp&#8221; custom_padding=&#8221;98px|30px|50px|120px|false|false&#8221; custom_padding_tablet=&#8221;98px|100px|50px|120px|false|false&#8221; custom_padding_phone=&#8221;98px|50px|50px|50px|false|false&#8221; custom_padding_last_edited=&#8221;on|phone&#8221; global_colors_info=&#8221;{}&#8221;][et_pb_text _builder_version=&#8221;4.27.4&#8243; _module_preset=&#8221;default&#8221; text_text_color=&#8221;#000000&#8243; text_font_size=&#8221;18px&#8221; global_colors_info=&#8221;{}&#8221;]Sonneborn NP1 is a high-performance polyurethane sealant for caulking doors and windows[\/et_pb_text][et_pb_text _builder_version=&#8221;4.27.4&#8243; _module_preset=&#8221;default&#8221; header_2_font=&#8221;&#8211;et_global_heading_font|700|||||||&#8221; header_2_text_color=&#8221;#000000&#8243; header_2_font_size=&#8221;50px&#8221; header_2_letter_spacing=&#8221;-1px&#8221; locked=&#8221;off&#8221; global_colors_info=&#8221;{}&#8221;]<\/p>\n<h2>A caulking sealant at the top<br \/>\n<\/h2>\n<p>[\/et_pb_text][et_pb_text _builder_version=&#8221;4.27.4&#8243; _module_preset=&#8221;default&#8221; text_text_color=&#8221;#000000&#8243; text_font_size=&#8221;18px&#8221; global_colors_info=&#8221;{}&#8221;]Developed to produce durable waterproof seals, Sonneborn&#8217;s NP1 sealer has one of the weakest shrinking factors. It is therefore perfect for all climates.<\/p>\n<p>Drying less quickly than most sealants, it provides more time for the application and shaping of caulking joints. This greatly improves the aesthetics of the joints.[\/et_pb_text][et_pb_text _builder_version=&#8221;4.27.4&#8243; _module_preset=&#8221;default&#8221; header_2_font=&#8221;&#8211;et_global_heading_font|700|||||||&#8221; header_2_text_color=&#8221;#000000&#8243; header_2_font_size=&#8221;50px&#8221; header_2_letter_spacing=&#8221;-1px&#8221; locked=&#8221;off&#8221; global_colors_info=&#8221;{}&#8221;]<\/p>\n<h2>Sonneborn&#8217;s NP1 an almost odourless sealant.<br \/>\n<\/h2>\n<p>[\/et_pb_text][et_pb_text _builder_version=&#8221;4.27.4&#8243; _module_preset=&#8221;default&#8221; text_text_color=&#8221;#000000&#8243; text_font_size=&#8221;18px&#8221; global_colors_info=&#8221;{}&#8221;]Very little odorous and non-toxic, it is perfect for indoor and outdoor uses. It adheres properly to the frames of windows and cladding of aluminum, wood or vinyl not to mention concrete and masonry. It is also approved for application in food preparation and handling areas.<\/p>\n<p>Its high performance allows the application of joints with a maximum width of 1-1\/2 inches and a maximum depth of 1\/2 inch.<\/p>\n<p>Available in several colours, the NP1 sealant blends with most substrates.[\/et_pb_text][et_pb_text _builder_version=&#8221;4.27.4&#8243; _module_preset=&#8221;default&#8221; header_2_font=&#8221;&#8211;et_global_heading_font|700|||||||&#8221; header_2_text_color=&#8221;#000000&#8243; header_2_font_size=&#8221;50px&#8221; header_2_letter_spacing=&#8221;-1px&#8221; header_3_font=&#8221;|700|||||||&#8221; header_3_text_color=&#8221;#000000&#8243; header_3_font_size=&#8221;34px&#8221; locked=&#8221;off&#8221; global_colors_info=&#8221;{}&#8221;]<\/p>\n<h3>NP1 terms of employment:<br \/>\n<\/h3>\n<p>[\/et_pb_text][et_pb_text _builder_version=&#8221;4.27.4&#8243; _module_preset=&#8221;default&#8221; text_text_color=&#8221;#000000&#8243; text_font_size=&#8221;18px&#8221; global_colors_info=&#8221;{}&#8221;]<a href=\"https:\/\/calfeutrage-elite.com\/wp-content\/uploads\/2025\/02\/scellant-sonneborn-calfeutrage-laval.gif\" rel=\"attachment wp-att-435\"><img loading=\"lazy\" decoding=\"async\" class=\"alignright size-full wp-image-435 entered lazyloaded\" title=\"sealant-sonneborn-caulking-laval\" src=\"https:\/\/calfeutrage-elite.com\/wp-content\/uploads\/2025\/02\/scellant-sonneborn-calfeutrage-laval.gif\" alt=\"\" width=\"200\" height=\"185\" data-lazy-src=\"https:\/\/calfeutrage-elite.com\/wp-content\/uploads\/2011\/04\/scellant-sonneborn-calfeutrage-laval.gif\" data-ll-status=\"loaded\"><\/a><\/p>\n<ul>\n<li>Expansion joints<\/li>\n<li>Curtain walls<\/li>\n<li>Front panels<\/li>\n<li>Roof edges<\/li>\n<li>Parapets<\/li>\n<li>Aluminium, wood and vinyl door frames, windows and siding<\/li>\n<li>Concrete and masonry<\/li>\n<li>It can be applied to temperatures below freezing<\/li>\n<\/ul>\n<p>[\/et_pb_text][et_pb_text _builder_version=&#8221;4.27.4&#8243; _module_preset=&#8221;default&#8221; header_2_font=&#8221;&#8211;et_global_heading_font|700|||||||&#8221; header_2_text_color=&#8221;#000000&#8243; header_2_font_size=&#8221;50px&#8221; header_2_letter_spacing=&#8221;-1px&#8221; locked=&#8221;off&#8221; global_colors_info=&#8221;{}&#8221;]<\/p>\n<h2>Elite Caulking Loves Sonneborn Sealant<br \/>\n<\/h2>\n<p>[\/et_pb_text][et_pb_text _builder_version=&#8221;4.27.4&#8243; _module_preset=&#8221;default&#8221; text_text_color=&#8221;#000000&#8243; text_font_size=&#8221;18px&#8221; global_colors_info=&#8221;{}&#8221;]<\/p>\n<p>Window caulking:<\/p>\n<ul>\n<li>It speeds up the application and makes the joints cleaner<\/li>\n<li>It can be painted<\/li>\n<li>It offers excellent flexibility to keep dynamic seals watertight<\/li>\n<li>It&#8217;s available in ULTRA BLANC for a durable and durable hue<\/li>\n<\/ul>\n<p>[message type=&#8221;\u201dinfo\u201d&#8221;]The laying of caulking remains a professional job Call <strong>514 910 ELIT (3548)<\/strong> . Free quote! Answer in the day Use contact <a href=\"https:\/\/calfeutrage-elite.com\/contact\/\">form<\/a>[\/message]<br \/><strong>Read also<\/strong><\/p>\n<ul>\n<li><a href=\"https:\/\/calfeutrage-elite.com\/f-a-q\/\">When should sealants be changed?<\/a><\/li>\n<li><a href=\"https:\/\/calfeutrage-elite.com\/en\/profitable-investment\/\">Changing sealants pays off<\/a><\/li>\n<li>Know <a href=\"https:\/\/calfeutrage-elite.com\/en\/adfasts-adseal-4580-sealants\/\">Adfast Sealants<\/a><\/li>\n<\/ul>\n<p>[\/et_pb_text][et_pb_blurb use_icon=&#8221;on&#8221; font_icon=&#8221;&#xf07c;||fa||400&#8243; icon_color=&#8221;#00C6FF&#8221; icon_placement=&#8221;left&#8221; image_icon_width=&#8221;33px&#8221; _builder_version=&#8221;4.27.4&#8243; _module_preset=&#8221;default&#8221; body_font=&#8221;|600|||||||&#8221; body_text_color=&#8221;#00C6FF&#8221; body_font_size=&#8221;18px&#8221; body_line_height=&#8221;2.3em&#8221; locked=&#8221;off&#8221; global_colors_info=&#8221;{}&#8221;]<\/p>\n<p><a href=\"https:\/\/calfeutrage-elite.com\/en\/sealants\/\" rel=\"category tag\">Produit scellant<\/a><\/p>\n<p>[\/et_pb_blurb][et_pb_text _builder_version=&#8221;4.27.4&#8243; _module_preset=&#8221;default&#8221; header_2_font=&#8221;&#8211;et_global_heading_font|700|||||||&#8221; header_2_text_color=&#8221;#000000&#8243; header_2_font_size=&#8221;50px&#8221; header_2_letter_spacing=&#8221;-1px&#8221; header_3_font=&#8221;|700|||||||&#8221; header_3_text_color=&#8221;#000000&#8243; header_3_font_size=&#8221;34px&#8221; locked=&#8221;off&#8221; global_colors_info=&#8221;{}&#8221;]<\/p>\n<h3>Trackbacks<br \/>\n<\/h3>\n<p>[\/et_pb_text][et_pb_text _builder_version=&#8221;4.27.4&#8243; _module_preset=&#8221;default&#8221; text_text_color=&#8221;#000000&#8243; text_font_size=&#8221;18px&#8221; global_colors_info=&#8221;{}&#8221;]<\/p>\n<p><a href=\"https:\/\/calfeutrage-elite.com\/en\/\">Caulking in Laval and Greater Montreal | caulking Elite<\/a> says:<br \/>16 March 2012 at 8 h 54 min<br \/>[\u2026] such inconveniences, it is imperative to call in professionals, using sealants of exceptional quality while a thermographic inspection is often full of [&#8230;]<\/p>\n<p>[\/et_pb_text][\/et_pb_column][et_pb_column type=&#8221;2_5&#8243; _builder_version=&#8221;4.27.4&#8243; _module_preset=&#8221;default&#8221; background_color=&#8221;#F6F8FA&#8221; background_enable_image=&#8221;off&#8221; custom_padding=&#8221;98px|30px|50px|120px|false|false&#8221; custom_padding_tablet=&#8221;98px|100px|50px|120px|false|false&#8221; custom_padding_phone=&#8221;98px|50px|50px|50px|false|false&#8221; custom_padding_last_edited=&#8221;on|phone&#8221; global_colors_info=&#8221;{}&#8221;][et_pb_blurb use_icon=&#8221;on&#8221; font_icon=&#8221;&#xe090;||divi||400&#8243; icon_color=&#8221;#00c6ff&#8221; icon_placement=&#8221;left&#8221; image_icon_width=&#8221;25px&#8221; _builder_version=&#8221;4.27.4&#8243; _module_preset=&#8221;default&#8221; header_text_color=&#8221;#FFFFFF&#8221; body_font=&#8221;Nunito Sans|700|||||||&#8221; body_text_align=&#8221;left&#8221; body_text_color=&#8221;#ffffff&#8221; body_font_size=&#8221;25px&#8221; body_line_height=&#8221;1.4em&#8221; image_icon_custom_margin=&#8221;5px||||false|false&#8221; custom_padding=&#8221;0px|0px|0px|0px|true|true&#8221; icon_font_size=&#8221;21px&#8221; locked=&#8221;off&#8221; global_colors_info=&#8221;{}&#8221;]<\/p>\n<p><a href=\"tel:450-473-3548\">450-473-3548<\/a><\/p>\n<p>[\/et_pb_blurb][et_pb_sidebar _builder_version=&#8221;4.27.4&#8243; _module_preset=&#8221;default&#8221; global_colors_info=&#8221;{}&#8221;][\/et_pb_sidebar][\/et_pb_column][\/et_pb_row][\/et_pb_section][et_pb_section fb_built=&#8221;1&#8243; module_class=&#8221;bg-attachment-fixed &#8221; _builder_version=&#8221;4.27.2&#8243; _module_preset=&#8221;default&#8221; use_background_color_gradient=&#8221;on&#8221; background_color_gradient_stops=&#8221;rgba(0,114,255,0.66) 0%|rgba(0,198,255,0.64) 100%&#8221; background_color_gradient_overlays_image=&#8221;on&#8221; background_image=&#8221;https:\/\/calfeutrage-elite.com\/wp-content\/uploads\/2024\/10\/Calfeutrage-4-scaled.jpg&#8221; background_position=&#8221;bottom_center&#8221; custom_padding=&#8221;100px||100px||true|false&#8221; locked=&#8221;off&#8221; global_colors_info=&#8221;{}&#8221;][et_pb_row _builder_version=&#8221;4.27.4&#8243; _module_preset=&#8221;default&#8221; width=&#8221;100%&#8221; max_width=&#8221;1310px&#8221; custom_padding=&#8221;|100px||100px|false|true&#8221; global_colors_info=&#8221;{}&#8221;][et_pb_column type=&#8221;4_4&#8243; module_class=&#8221;btn-line&#8221; _builder_version=&#8221;4.27.0&#8243; _module_preset=&#8221;default&#8221; global_colors_info=&#8221;{}&#8221;][et_pb_text _builder_version=&#8221;4.27.4&#8243; _module_preset=&#8221;default&#8221; header_3_font=&#8221;&#8211;et_global_heading_font|800||on|||||&#8221; header_3_text_align=&#8221;left&#8221; header_3_text_color=&#8221;#FFFFFF&#8221; header_3_font_size=&#8221;25px&#8221; header_3_line_height=&#8221;1.2em&#8221; text_orientation=&#8221;center&#8221; locked=&#8221;off&#8221; global_colors_info=&#8221;{}&#8221;]<\/p>\n<h3>Do you need to renovate your caulking?<\/h3>\n<p>[\/et_pb_text][et_pb_text _builder_version=&#8221;4.27.4&#8243; _module_preset=&#8221;default&#8221; text_font=&#8221;|600|||||||&#8221; text_text_color=&#8221;#FFFFFF&#8221; text_font_size=&#8221;18px&#8221; global_colors_info=&#8221;{}&#8221;]<\/p>\n<p>Request a quote, it&#8217;s fast and free.<\/p>\n<p>[\/et_pb_text][et_pb_button button_url=&#8221;@ET-DC@eyJkeW5hbWljIjp0cnVlLCJjb250ZW50IjoicG9zdF9saW5rX3VybF9wYWdlIiwic2V0dGluZ3MiOnsicG9zdF9pZCI6IjI2IiwiZW5hYmxlX2h0bWwiOiJvZmYifX0=@&#8221; button_text=&#8221;Contact&#8221; button_alignment=&#8221;left&#8221; _builder_version=&#8221;4.27.4&#8243; _dynamic_attributes=&#8221;button_url&#8221; _module_preset=&#8221;default&#8221; custom_button=&#8221;on&#8221; button_text_color=&#8221;#FFFFFF&#8221; button_bg_color=&#8221;RGBA(255,255,255,0)&#8221; button_border_width=&#8221;0px&#8221; button_border_radius=&#8221;0px&#8221; button_font=&#8221;&#8211;et_global_body_font|800||on|||||&#8221; button_use_icon=&#8221;off&#8221; custom_padding=&#8221;|0px||0px|false|true&#8221; locked=&#8221;off&#8221; global_colors_info=&#8221;{}&#8221; button_bg_color__hover_enabled=&#8221;on|desktop&#8221; button_bg_color__hover=&#8221;RGBA(255,255,255,0)&#8221;][\/et_pb_button][\/et_pb_column][\/et_pb_row][\/et_pb_section]<\/p>\n","protected":false},"excerpt":{"rendered":"<p>Sonneborn NP1 is a high-performance polyurethane sealant for caulking doors and windowsA caulking sealant at the top Developed to produce durable waterproof seals, Sonneborn&#8217;s NP1 sealer has one of the weakest shrinking factors. It is therefore perfect for all climates. Drying less quickly than most sealants, it provides more time for the application and shaping [&hellip;]<\/p>\n","protected":false},"author":1,"featured_media":0,"parent":0,"menu_order":0,"comment_status":"closed","ping_status":"closed","template":"","meta":{"_et_pb_use_builder":"on","_et_pb_old_content":"","_et_gb_content_width":"","footnotes":""},"class_list":["post-3837","page","type-page","status-publish","hentry"],"yoast_head":"<!-- This site is optimized with the Yoast SEO plugin v26.3 - https:\/\/yoast.com\/wordpress\/plugins\/seo\/ -->\n<title>Sonneborn NP1 Sealer - Calfeutrage elite<\/title>\n<meta name=\"robots\" content=\"index, follow, max-snippet:-1, max-image-preview:large, max-video-preview:-1\" \/>\n<link rel=\"canonical\" href=\"https:\/\/calfeutrage-elite.com\/en\/sonneborn-np1-sealer\/\" \/>\n<meta property=\"og:locale\" content=\"en_US\" \/>\n<meta property=\"og:type\" content=\"article\" \/>\n<meta property=\"og:title\" content=\"Sonneborn NP1 Sealer - Calfeutrage elite\" \/>\n<meta property=\"og:description\" content=\"Sonneborn NP1 is a high-performance polyurethane sealant for caulking doors and windowsA caulking sealant at the top Developed to produce durable waterproof seals, Sonneborn&#039;s NP1 sealer has one of the weakest shrinking factors. It is therefore perfect for all climates. Drying less quickly than most sealants, it provides more time for the application and shaping [&hellip;]\" \/>\n<meta property=\"og:url\" content=\"https:\/\/calfeutrage-elite.com\/en\/sonneborn-np1-sealer\/\" \/>\n<meta property=\"og:site_name\" content=\"Calfeutrage elite\" \/>\n<meta property=\"article:modified_time\" content=\"2025-04-24T15:57:06+00:00\" \/>\n<meta name=\"twitter:card\" content=\"summary_large_image\" \/>\n<meta name=\"twitter:label1\" content=\"Est. reading time\" \/>\n\t<meta name=\"twitter:data1\" content=\"8 minutes\" \/>\n<script type=\"application\/ld+json\" class=\"yoast-schema-graph\">{\"@context\":\"https:\/\/schema.org\",\"@graph\":[{\"@type\":\"WebPage\",\"@id\":\"https:\/\/calfeutrage-elite.com\/en\/sonneborn-np1-sealer\/\",\"url\":\"https:\/\/calfeutrage-elite.com\/en\/sonneborn-np1-sealer\/\",\"name\":\"Sonneborn NP1 Sealer - Calfeutrage elite\",\"isPartOf\":{\"@id\":\"https:\/\/calfeutrage-elite.com\/en\/#website\"},\"primaryImageOfPage\":{\"@id\":\"https:\/\/calfeutrage-elite.com\/en\/sonneborn-np1-sealer\/#primaryimage\"},\"image\":{\"@id\":\"https:\/\/calfeutrage-elite.com\/en\/sonneborn-np1-sealer\/#primaryimage\"},\"thumbnailUrl\":\"https:\/\/calfeutrage-elite.com\/wp-content\/uploads\/2025\/02\/scellant-sonneborn-calfeutrage-laval.gif\",\"datePublished\":\"2025-02-24T23:40:34+00:00\",\"dateModified\":\"2025-04-24T15:57:06+00:00\",\"breadcrumb\":{\"@id\":\"https:\/\/calfeutrage-elite.com\/en\/sonneborn-np1-sealer\/#breadcrumb\"},\"inLanguage\":\"en-CA\",\"potentialAction\":[{\"@type\":\"ReadAction\",\"target\":[\"https:\/\/calfeutrage-elite.com\/en\/sonneborn-np1-sealer\/\"]}]},{\"@type\":\"ImageObject\",\"inLanguage\":\"en-CA\",\"@id\":\"https:\/\/calfeutrage-elite.com\/en\/sonneborn-np1-sealer\/#primaryimage\",\"url\":\"https:\/\/calfeutrage-elite.com\/wp-content\/uploads\/2025\/02\/scellant-sonneborn-calfeutrage-laval.gif\",\"contentUrl\":\"https:\/\/calfeutrage-elite.com\/wp-content\/uploads\/2025\/02\/scellant-sonneborn-calfeutrage-laval.gif\"},{\"@type\":\"BreadcrumbList\",\"@id\":\"https:\/\/calfeutrage-elite.com\/en\/sonneborn-np1-sealer\/#breadcrumb\",\"itemListElement\":[{\"@type\":\"ListItem\",\"position\":1,\"name\":\"Home\",\"item\":\"https:\/\/calfeutrage-elite.com\/en\/\"},{\"@type\":\"ListItem\",\"position\":2,\"name\":\"Sonneborn NP1 Sealer\"}]},{\"@type\":\"WebSite\",\"@id\":\"https:\/\/calfeutrage-elite.com\/en\/#website\",\"url\":\"https:\/\/calfeutrage-elite.com\/en\/\",\"name\":\"Calfeutrage elite\",\"description\":\"L&#039;\u00e9lite du calfeutrage \u00e0 Montr\u00e9al\",\"potentialAction\":[{\"@type\":\"SearchAction\",\"target\":{\"@type\":\"EntryPoint\",\"urlTemplate\":\"https:\/\/calfeutrage-elite.com\/en\/?s={search_term_string}\"},\"query-input\":{\"@type\":\"PropertyValueSpecification\",\"valueRequired\":true,\"valueName\":\"search_term_string\"}}],\"inLanguage\":\"en-CA\"}]}<\/script>\n<!-- \/ Yoast SEO plugin. -->","yoast_head_json":{"title":"Sonneborn NP1 Sealer - Calfeutrage elite","robots":{"index":"index","follow":"follow","max-snippet":"max-snippet:-1","max-image-preview":"max-image-preview:large","max-video-preview":"max-video-preview:-1"},"canonical":"https:\/\/calfeutrage-elite.com\/en\/sonneborn-np1-sealer\/","og_locale":"en_US","og_type":"article","og_title":"Sonneborn NP1 Sealer - Calfeutrage elite","og_description":"Sonneborn NP1 is a high-performance polyurethane sealant for caulking doors and windowsA caulking sealant at the top Developed to produce durable waterproof seals, Sonneborn's NP1 sealer has one of the weakest shrinking factors. It is therefore perfect for all climates. Drying less quickly than most sealants, it provides more time for the application and shaping [&hellip;]","og_url":"https:\/\/calfeutrage-elite.com\/en\/sonneborn-np1-sealer\/","og_site_name":"Calfeutrage elite","article_modified_time":"2025-04-24T15:57:06+00:00","twitter_card":"summary_large_image","twitter_misc":{"Est. reading time":"8 minutes"},"schema":{"@context":"https:\/\/schema.org","@graph":[{"@type":"WebPage","@id":"https:\/\/calfeutrage-elite.com\/en\/sonneborn-np1-sealer\/","url":"https:\/\/calfeutrage-elite.com\/en\/sonneborn-np1-sealer\/","name":"Sonneborn NP1 Sealer - Calfeutrage elite","isPartOf":{"@id":"https:\/\/calfeutrage-elite.com\/en\/#website"},"primaryImageOfPage":{"@id":"https:\/\/calfeutrage-elite.com\/en\/sonneborn-np1-sealer\/#primaryimage"},"image":{"@id":"https:\/\/calfeutrage-elite.com\/en\/sonneborn-np1-sealer\/#primaryimage"},"thumbnailUrl":"https:\/\/calfeutrage-elite.com\/wp-content\/uploads\/2025\/02\/scellant-sonneborn-calfeutrage-laval.gif","datePublished":"2025-02-24T23:40:34+00:00","dateModified":"2025-04-24T15:57:06+00:00","breadcrumb":{"@id":"https:\/\/calfeutrage-elite.com\/en\/sonneborn-np1-sealer\/#breadcrumb"},"inLanguage":"en-CA","potentialAction":[{"@type":"ReadAction","target":["https:\/\/calfeutrage-elite.com\/en\/sonneborn-np1-sealer\/"]}]},{"@type":"ImageObject","inLanguage":"en-CA","@id":"https:\/\/calfeutrage-elite.com\/en\/sonneborn-np1-sealer\/#primaryimage","url":"https:\/\/calfeutrage-elite.com\/wp-content\/uploads\/2025\/02\/scellant-sonneborn-calfeutrage-laval.gif","contentUrl":"https:\/\/calfeutrage-elite.com\/wp-content\/uploads\/2025\/02\/scellant-sonneborn-calfeutrage-laval.gif"},{"@type":"BreadcrumbList","@id":"https:\/\/calfeutrage-elite.com\/en\/sonneborn-np1-sealer\/#breadcrumb","itemListElement":[{"@type":"ListItem","position":1,"name":"Home","item":"https:\/\/calfeutrage-elite.com\/en\/"},{"@type":"ListItem","position":2,"name":"Sonneborn NP1 Sealer"}]},{"@type":"WebSite","@id":"https:\/\/calfeutrage-elite.com\/en\/#website","url":"https:\/\/calfeutrage-elite.com\/en\/","name":"Calfeutrage elite","description":"L&#039;\u00e9lite du calfeutrage \u00e0 Montr\u00e9al","potentialAction":[{"@type":"SearchAction","target":{"@type":"EntryPoint","urlTemplate":"https:\/\/calfeutrage-elite.com\/en\/?s={search_term_string}"},"query-input":{"@type":"PropertyValueSpecification","valueRequired":true,"valueName":"search_term_string"}}],"inLanguage":"en-CA"}]}},"_links":{"self":[{"href":"https:\/\/calfeutrage-elite.com\/en\/wp-json\/wp\/v2\/pages\/3837","targetHints":{"allow":["GET"]}}],"collection":[{"href":"https:\/\/calfeutrage-elite.com\/en\/wp-json\/wp\/v2\/pages"}],"about":[{"href":"https:\/\/calfeutrage-elite.com\/en\/wp-json\/wp\/v2\/types\/page"}],"author":[{"embeddable":true,"href":"https:\/\/calfeutrage-elite.com\/en\/wp-json\/wp\/v2\/users\/1"}],"replies":[{"embeddable":true,"href":"https:\/\/calfeutrage-elite.com\/en\/wp-json\/wp\/v2\/comments?post=3837"}],"version-history":[{"count":7,"href":"https:\/\/calfeutrage-elite.com\/en\/wp-json\/wp\/v2\/pages\/3837\/revisions"}],"predecessor-version":[{"id":4976,"href":"https:\/\/calfeutrage-elite.com\/en\/wp-json\/wp\/v2\/pages\/3837\/revisions\/4976"}],"wp:attachment":[{"href":"https:\/\/calfeutrage-elite.com\/en\/wp-json\/wp\/v2\/media?parent=3837"}],"curies":[{"name":"wp","href":"https:\/\/api.w.org\/{rel}","templated":true}]}}