{"id":3854,"date":"2025-03-20T15:37:59","date_gmt":"2025-03-20T15:37:59","guid":{"rendered":"https:\/\/calfeutrage-elite.com\/what-steps-and-deadlines-a-pro-caulking-company-faq\/"},"modified":"2025-03-20T15:37:59","modified_gmt":"2025-03-20T15:37:59","slug":"what-steps-and-deadlines-a-pro-caulking-company-faq","status":"publish","type":"page","link":"https:\/\/calfeutrage-elite.com\/en\/what-steps-and-deadlines-a-pro-caulking-company-faq\/","title":{"rendered":"What steps and deadlines a pro caulking company (FAQ)"},"content":{"rendered":"","protected":false},"excerpt":{"rendered":"","protected":false},"author":1,"featured_media":0,"parent":0,"menu_order":0,"comment_status":"closed","ping_status":"closed","template":"","meta":{"_et_pb_use_builder":"on","_et_pb_old_content":"","_et_gb_content_width":"","footnotes":""},"class_list":["post-3854","page","type-page","status-publish","hentry"],"yoast_head":"<!-- This site is optimized with the Yoast SEO plugin v26.3 - https:\/\/yoast.com\/wordpress\/plugins\/seo\/ -->\n<title>Deadlines and steps applied by a pro caulking company<\/title>\n<meta name=\"description\" content=\"A caulking company must meet deadlines and steps in the process of changing window sealants (renewing caulking). The deadlines depend on the size of the site, the difficulties, the implementation of construction equipment, the work at heights... Check out our FAQ here...\" \/>\n<meta name=\"robots\" content=\"index, follow, max-snippet:-1, max-image-preview:large, max-video-preview:-1\" \/>\n<link rel=\"canonical\" href=\"https:\/\/calfeutrage-elite.com\/en\/what-steps-and-deadlines-a-pro-caulking-company-faq\/\" \/>\n<meta property=\"og:locale\" content=\"en_US\" \/>\n<meta property=\"og:type\" content=\"article\" \/>\n<meta property=\"og:title\" content=\"Deadlines and steps applied by a pro caulking company\" \/>\n<meta property=\"og:description\" content=\"A caulking company must meet deadlines and steps in the process of changing window sealants (renewing caulking). The deadlines depend on the size of the site, the difficulties, the implementation of construction equipment, the work at heights... Check out our FAQ here...\" \/>\n<meta property=\"og:url\" content=\"https:\/\/calfeutrage-elite.com\/en\/what-steps-and-deadlines-a-pro-caulking-company-faq\/\" \/>\n<meta property=\"og:site_name\" content=\"Calfeutrage elite\" \/>\n<meta name=\"twitter:card\" content=\"summary_large_image\" \/>\n<script type=\"application\/ld+json\" class=\"yoast-schema-graph\">{\"@context\":\"https:\/\/schema.org\",\"@graph\":[{\"@type\":\"WebPage\",\"@id\":\"https:\/\/calfeutrage-elite.com\/en\/what-steps-and-deadlines-a-pro-caulking-company-faq\/\",\"url\":\"https:\/\/calfeutrage-elite.com\/en\/what-steps-and-deadlines-a-pro-caulking-company-faq\/\",\"name\":\"Deadlines and steps applied by a pro caulking company\",\"isPartOf\":{\"@id\":\"https:\/\/calfeutrage-elite.com\/en\/#website\"},\"datePublished\":\"2025-03-20T15:37:59+00:00\",\"description\":\"A caulking company must meet deadlines and steps in the process of changing window sealants (renewing caulking). The deadlines depend on the size of the site, the difficulties, the implementation of construction equipment, the work at heights... Check out our FAQ here...\",\"breadcrumb\":{\"@id\":\"https:\/\/calfeutrage-elite.com\/en\/what-steps-and-deadlines-a-pro-caulking-company-faq\/#breadcrumb\"},\"inLanguage\":\"en-CA\",\"potentialAction\":[{\"@type\":\"ReadAction\",\"target\":[\"https:\/\/calfeutrage-elite.com\/en\/what-steps-and-deadlines-a-pro-caulking-company-faq\/\"]}]},{\"@type\":\"BreadcrumbList\",\"@id\":\"https:\/\/calfeutrage-elite.com\/en\/what-steps-and-deadlines-a-pro-caulking-company-faq\/#breadcrumb\",\"itemListElement\":[{\"@type\":\"ListItem\",\"position\":1,\"name\":\"Home\",\"item\":\"https:\/\/calfeutrage-elite.com\/en\/\"},{\"@type\":\"ListItem\",\"position\":2,\"name\":\"What steps and deadlines a pro caulking company (FAQ)\"}]},{\"@type\":\"WebSite\",\"@id\":\"https:\/\/calfeutrage-elite.com\/en\/#website\",\"url\":\"https:\/\/calfeutrage-elite.com\/en\/\",\"name\":\"Calfeutrage elite\",\"description\":\"L&#039;\u00e9lite du calfeutrage \u00e0 Montr\u00e9al\",\"potentialAction\":[{\"@type\":\"SearchAction\",\"target\":{\"@type\":\"EntryPoint\",\"urlTemplate\":\"https:\/\/calfeutrage-elite.com\/en\/?s={search_term_string}\"},\"query-input\":{\"@type\":\"PropertyValueSpecification\",\"valueRequired\":true,\"valueName\":\"search_term_string\"}}],\"inLanguage\":\"en-CA\"}]}<\/script>\n<!-- \/ Yoast SEO plugin. -->","yoast_head_json":{"title":"Deadlines and steps applied by a pro caulking company","description":"A caulking company must meet deadlines and steps in the process of changing window sealants (renewing caulking). The deadlines depend on the size of the site, the difficulties, the implementation of construction equipment, the work at heights... Check out our FAQ here...","robots":{"index":"index","follow":"follow","max-snippet":"max-snippet:-1","max-image-preview":"max-image-preview:large","max-video-preview":"max-video-preview:-1"},"canonical":"https:\/\/calfeutrage-elite.com\/en\/what-steps-and-deadlines-a-pro-caulking-company-faq\/","og_locale":"en_US","og_type":"article","og_title":"Deadlines and steps applied by a pro caulking company","og_description":"A caulking company must meet deadlines and steps in the process of changing window sealants (renewing caulking). The deadlines depend on the size of the site, the difficulties, the implementation of construction equipment, the work at heights... Check out our FAQ here...","og_url":"https:\/\/calfeutrage-elite.com\/en\/what-steps-and-deadlines-a-pro-caulking-company-faq\/","og_site_name":"Calfeutrage elite","twitter_card":"summary_large_image","schema":{"@context":"https:\/\/schema.org","@graph":[{"@type":"WebPage","@id":"https:\/\/calfeutrage-elite.com\/en\/what-steps-and-deadlines-a-pro-caulking-company-faq\/","url":"https:\/\/calfeutrage-elite.com\/en\/what-steps-and-deadlines-a-pro-caulking-company-faq\/","name":"Deadlines and steps applied by a pro caulking company","isPartOf":{"@id":"https:\/\/calfeutrage-elite.com\/en\/#website"},"datePublished":"2025-03-20T15:37:59+00:00","description":"A caulking company must meet deadlines and steps in the process of changing window sealants (renewing caulking). The deadlines depend on the size of the site, the difficulties, the implementation of construction equipment, the work at heights... Check out our FAQ here...","breadcrumb":{"@id":"https:\/\/calfeutrage-elite.com\/en\/what-steps-and-deadlines-a-pro-caulking-company-faq\/#breadcrumb"},"inLanguage":"en-CA","potentialAction":[{"@type":"ReadAction","target":["https:\/\/calfeutrage-elite.com\/en\/what-steps-and-deadlines-a-pro-caulking-company-faq\/"]}]},{"@type":"BreadcrumbList","@id":"https:\/\/calfeutrage-elite.com\/en\/what-steps-and-deadlines-a-pro-caulking-company-faq\/#breadcrumb","itemListElement":[{"@type":"ListItem","position":1,"name":"Home","item":"https:\/\/calfeutrage-elite.com\/en\/"},{"@type":"ListItem","position":2,"name":"What steps and deadlines a pro caulking company (FAQ)"}]},{"@type":"WebSite","@id":"https:\/\/calfeutrage-elite.com\/en\/#website","url":"https:\/\/calfeutrage-elite.com\/en\/","name":"Calfeutrage elite","description":"L&#039;\u00e9lite du calfeutrage \u00e0 Montr\u00e9al","potentialAction":[{"@type":"SearchAction","target":{"@type":"EntryPoint","urlTemplate":"https:\/\/calfeutrage-elite.com\/en\/?s={search_term_string}"},"query-input":{"@type":"PropertyValueSpecification","valueRequired":true,"valueName":"search_term_string"}}],"inLanguage":"en-CA"}]}},"_links":{"self":[{"href":"https:\/\/calfeutrage-elite.com\/en\/wp-json\/wp\/v2\/pages\/3854","targetHints":{"allow":["GET"]}}],"collection":[{"href":"https:\/\/calfeutrage-elite.com\/en\/wp-json\/wp\/v2\/pages"}],"about":[{"href":"https:\/\/calfeutrage-elite.com\/en\/wp-json\/wp\/v2\/types\/page"}],"author":[{"embeddable":true,"href":"https:\/\/calfeutrage-elite.com\/en\/wp-json\/wp\/v2\/users\/1"}],"replies":[{"embeddable":true,"href":"https:\/\/calfeutrage-elite.com\/en\/wp-json\/wp\/v2\/comments?post=3854"}],"version-history":[{"count":0,"href":"https:\/\/calfeutrage-elite.com\/en\/wp-json\/wp\/v2\/pages\/3854\/revisions"}],"wp:attachment":[{"href":"https:\/\/calfeutrage-elite.com\/en\/wp-json\/wp\/v2\/media?parent=3854"}],"curies":[{"name":"wp","href":"https:\/\/api.w.org\/{rel}","templated":true}]}}