{"id":3870,"date":"2025-02-24T18:54:13","date_gmt":"2025-02-24T23:54:13","guid":{"rendered":"https:\/\/calfeutrage-elite.com\/mulco-sealant\/"},"modified":"2025-04-24T11:56:22","modified_gmt":"2025-04-24T15:56:22","slug":"mulco-sealant","status":"publish","type":"page","link":"https:\/\/calfeutrage-elite.com\/en\/mulco-sealant\/","title":{"rendered":"Mulco Sealant"},"content":{"rendered":"<p>[et_pb_section fb_built=&#8221;1&#8243; fullwidth=&#8221;on&#8221; _builder_version=&#8221;4.27.4&#8243; _module_preset=&#8221;default&#8221; global_colors_info=&#8221;{}&#8221;][et_pb_fullwidth_header title=&#8221;For expert caulking of your windows&#8221; subhead=&#8221;Mulco&apos;s Supra Expert is a high-end thermoplastic polymer rubber-based caulking sealant. It dries by evaporating the solvent and its durability is one of the best on the market. It is perfectly suited to Quebec&apos;s harsh climatic conditions.&#8221; background_overlay_color=&#8221;rgba(0,0,0,0.42)&#8221; _builder_version=&#8221;4.27.4&#8243; _module_preset=&#8221;default&#8221; title_font=&#8221;&#8211;et_global_heading_font|700|||||||&#8221; title_text_color=&#8221;#FFFFFF&#8221; title_font_size=&#8221;64px&#8221; title_line_height=&#8221;1.5em&#8221; content_font=&#8221;&#8211;et_global_body_font|600|||||||&#8221; content_text_align=&#8221;left&#8221; content_text_color=&#8221;#FFFFFF&#8221; content_font_size=&#8221;20px&#8221; content_line_height=&#8221;1.8em&#8221; subhead_text_color=&#8221;#FFFFFF&#8221; subhead_font_size=&#8221;19px&#8221; background_enable_color=&#8221;off&#8221; use_background_color_gradient=&#8221;on&#8221; background_color_gradient_stops=&#8221;rgba(0,0,0,0.42) 0%|rgba(0,0,0,0.42) 100%&#8221; background_color_gradient_overlays_image=&#8221;on&#8221; background_image=&#8221;https:\/\/calfeutrage-elite.com\/wp-content\/uploads\/2025\/02\/Banniere-home.jpg&#8221; background_position=&#8221;bottom_center&#8221; background_vertical_offset=&#8221;18%&#8221; background_enable_video_mp4=&#8221;off&#8221; custom_button_one=&#8221;on&#8221; button_one_text_color=&#8221;#FFFFFF&#8221; button_one_bg_color=&#8221;#0072FF&#8221; button_one_border_color=&#8221;#0072FF&#8221; button_one_use_icon=&#8221;off&#8221; button_one_custom_padding=&#8221;|30px||30px|false|true&#8221; custom_button_two=&#8221;on&#8221; button_two_text_color=&#8221;#FFFFFF&#8221; button_two_bg_color=&#8221;#00C6FF&#8221; button_two_border_color=&#8221;#00C6FF&#8221; button_two_use_icon=&#8221;off&#8221; button_two_custom_padding=&#8221;|30px||30px|false|true&#8221; custom_padding=&#8221;8%|0%|8%|0%|true|true&#8221; title_font_size_tablet=&#8221;64px&#8221; title_font_size_phone=&#8221;40px&#8221; title_font_size_last_edited=&#8221;on|phone&#8221; content_font_size_tablet=&#8221;20px&#8221; content_font_size_phone=&#8221;18px&#8221; content_font_size_last_edited=&#8221;on|phone&#8221; button_one_text_size_tablet=&#8221;&#8221; button_one_text_size_phone=&#8221;18px&#8221; button_one_text_size_last_edited=&#8221;on|phone&#8221; button_two_text_size_tablet=&#8221;&#8221; button_two_text_size_phone=&#8221;18px&#8221; button_two_text_size_last_edited=&#8221;on|phone&#8221; global_colors_info=&#8221;{}&#8221; button_one_bg_color__hover_enabled=&#8221;on|hover&#8221; button_one_bg_color__hover=&#8221;#00C6FF&#8221; button_one_bg_enable_color__hover=&#8221;on&#8221; button_one_border_color__hover_enabled=&#8221;on|hover&#8221; button_one_border_color__hover=&#8221;#00C6FF&#8221; button_two_bg_color__hover_enabled=&#8221;on|hover&#8221; button_two_bg_color__hover=&#8221;#0072FF&#8221; button_two_bg_enable_color__hover=&#8221;on&#8221; button_two_border_color__hover_enabled=&#8221;on|hover&#8221; button_two_border_color__hover=&#8221;#0072FF&#8221;][\/et_pb_fullwidth_header][\/et_pb_section][et_pb_section fb_built=&#8221;1&#8243; _builder_version=&#8221;4.27.4&#8243; _module_preset=&#8221;default&#8221; background_color=&#8221;#F6F8FA&#8221; locked=&#8221;off&#8221; global_colors_info=&#8221;{}&#8221;][et_pb_row column_structure=&#8221;3_5,2_5&#8243; module_class=&#8221;boxe-polygonne&#8221; _builder_version=&#8221;4.27.4&#8243; _module_preset=&#8221;default&#8221; background_color=&#8221;#FFFFFF&#8221; background_enable_image=&#8221;off&#8221; z_index=&#8221;2&#8243; width=&#8221;100%&#8221; max_width=&#8221;1290px&#8221; custom_margin=&#8221;-80px|auto|0px|auto|false|true&#8221; custom_margin_tablet=&#8221;-80px|auto|0px|auto|false|true&#8221; custom_margin_phone=&#8221;|0px||0px|false|true&#8221; custom_margin_last_edited=&#8221;on|phone&#8221; custom_padding=&#8221;0px||0px||true|false&#8221; global_colors_info=&#8221;{}&#8221;][et_pb_column type=&#8221;3_5&#8243; _builder_version=&#8221;4.27.4&#8243; _module_preset=&#8221;default&#8221; background_image=&#8221;https:\/\/calfeutrage-elite.com\/wp-content\/uploads\/2024\/07\/pattern.webp&#8221; custom_padding=&#8221;98px|30px|50px|120px|false|false&#8221; custom_padding_tablet=&#8221;98px|100px|50px|120px|false|false&#8221; custom_padding_phone=&#8221;98px|50px|50px|50px|false|false&#8221; custom_padding_last_edited=&#8221;on|phone&#8221; global_colors_info=&#8221;{}&#8221;][et_pb_text _builder_version=&#8221;4.27.4&#8243; _module_preset=&#8221;default&#8221; text_text_color=&#8221;#000000&#8243; text_font_size=&#8221;18px&#8221; global_colors_info=&#8221;{}&#8221;]<\/p>\n<p>Your <strong>caulking expert<\/strong> on the<a href=\"https:\/\/calfeutrage-elite.com\/en\/caulking-info\/\"> North Shore<\/a> and Greater Montreal uses different sealants depending on the context of the site. The parameters help us select the most suitable between <a href=\"https:\/\/calfeutrage-elite.com\/en\/sealants-silicone-or-polyurethane\/\">silicone or polyurethane<\/a>. The criterion of the <a href=\"https:\/\/calfeutrage-elite.com\/f-a-q\/\">necessary colours<\/a> also comes into play and the supporting materials are taken into consideration. <a href=\"https:\/\/calfeutrage-elite.com\/en\/sonneborn-np1-sealer\/\">Sonneborn<\/a>, Mulco and most often <a href=\"https:\/\/calfeutrage-elite.com\/en\/adfasts-adseal-4580-sealants\/\">Adseal from Adfast<\/a> are our best references. <\/p>\n<p>[\/et_pb_text][et_pb_image src=&#8221;https:\/\/calfeutrage-elite.com\/wp-content\/uploads\/2025\/02\/Banniere-home.jpg&#8221; title_text=&#8221;Banniere-home&#8221; _builder_version=&#8221;4.27.4&#8243; _module_preset=&#8221;default&#8221; global_colors_info=&#8221;{}&#8221;][\/et_pb_image][et_pb_text _builder_version=&#8221;4.27.4&#8243; _module_preset=&#8221;default&#8221; text_text_color=&#8221;#000000&#8243; text_font_size=&#8221;18px&#8221; global_colors_info=&#8221;{}&#8221;]<\/p>\n<p>Consult our page &#8220;<a href=\"https:\/\/calfeutrage-elite.com\/en\/photos\/\">caulking windows in pictures<\/a>&#8221; and appreciate the meticulousness of our work in all its details.<\/p>\n<p>Whether your project is <a href=\"https:\/\/calfeutrage-elite.com\/en\/?page_id=3770\">a complex of apartments or small condos<\/a>, a commercial establishment or a residential building, the work is the same for our specialized workers who work in compliance with <a href=\"https:\/\/calfeutrage-elite.com\/en\/compliance-with-csst-regulations\/\">the laws on work at height<\/a>.<\/p>\n<p>[\/et_pb_text][et_pb_text _builder_version=&#8221;4.27.4&#8243; _module_preset=&#8221;default&#8221; header_2_font=&#8221;&#8211;et_global_heading_font|700|||||||&#8221; header_2_text_color=&#8221;#000000&#8243; header_2_font_size=&#8221;50px&#8221; header_2_letter_spacing=&#8221;-1px&#8221; locked=&#8221;off&#8221; global_colors_info=&#8221;{}&#8221;]<\/p>\n<h2>Mulco Sealing: all colors caulking windows<br \/>\n<\/h2>\n<p>[\/et_pb_text][et_pb_text _builder_version=&#8221;4.27.4&#8243; _module_preset=&#8221;default&#8221; text_text_color=&#8221;#000000&#8243; text_font_size=&#8221;18px&#8221; global_colors_info=&#8221;{}&#8221;]Caulking experts use Mulco&#8217;s Supra Expert because it is a caulking sealant based on high-end thermoplastic polymer rubbers.<\/p>\n<p>It dries by evaporating the solvent and its durability is among the best on the market. It is perfectly suited to Quebec&#8217;s harsh climatic conditions.<\/p>\n<p>Designed to seal two perpendicular surfaces, caulking professionals use it for window seals, door seals and exterior siding. When drying, a film forms on which dust does not adhere, which makes it easier to maintain its beautiful, smooth and elegant appearance. <\/p>\n<p>A wide range of shades make Mulco sealant a product suitable for all modern cabinets.[\/et_pb_text][et_pb_text _builder_version=&#8221;4.27.4&#8243; _module_preset=&#8221;default&#8221; header_2_font=&#8221;&#8211;et_global_heading_font|700|||||||&#8221; header_2_text_color=&#8221;#000000&#8243; header_2_font_size=&#8221;50px&#8221; header_2_letter_spacing=&#8221;-1px&#8221; locked=&#8221;off&#8221; global_colors_info=&#8221;{}&#8221;]<\/p>\n<h2>The choice of building professionals<br \/>\n<\/h2>\n<p>[\/et_pb_text][et_pb_text _builder_version=&#8221;4.27.4&#8243; _module_preset=&#8221;default&#8221; text_text_color=&#8221;#000000&#8243; text_font_size=&#8221;18px&#8221; global_colors_info=&#8221;{}&#8221;]<\/p>\n<p><span><strong>Conditions of Employment:<\/strong><\/span><\/p>\n<p>Free of air bubbles, its adhesion is perfect to the most diverse materials used in the construction industry:<a href=\"https:\/\/calfeutrage-elite.com\/wp-content\/uploads\/2025\/02\/mulco-scellant-calfeutrage-fenetre.jpg\" data-featherlight=\"image\"><img loading=\"lazy\" decoding=\"async\" class=\"alignright size-full wp-image-352 entered lazyloaded\" title=\"mulco-sealing-caulking-window\" src=\"https:\/\/calfeutrage-elite.com\/wp-content\/uploads\/2011\/04\/mulco-scellant-calfeutrage-fenetre.jpg\" alt=\"Super expert pro Mulco window caulking sealer\" width=\"146\" height=\"192\" data-lazy-src=\"https:\/\/calfeutrage-elite.com\/wp-content\/uploads\/2011\/04\/mulco-scellant-calfeutrage-fenetre.jpg\" data-ll-status=\"loaded\"><\/a><\/p>\n<ul class=\"list-4\">\n<li>Steel<\/li>\n<li>Painted or dyed wood.<\/li>\n<li>Concrete.<\/li>\n<li>Masonry.<\/li>\n<li>Glass.<\/li>\n<li>Glass fiber.<\/li>\n<li>Vinyl<\/li>\n<li>Natural, painted or anodized aluminium.<\/li>\n<\/ul>\n<p><span>[message type=&#8221;\u201derroneous\u201d&#8221;]However, it is not designed to work with:  [\/message]<\/span><\/p>\n<ul class=\"list-3\">\n<li>Asphalt\/tar surfaces<\/li>\n<li>Styrofoam.<\/li>\n<li>The Teflon.<\/li>\n<li>Polyethylenes, polypropylenes.<\/li>\n<li>Recycled plastics.<\/li>\n<\/ul>\n<p>[\/et_pb_text][et_pb_text _builder_version=&#8221;4.27.4&#8243; _module_preset=&#8221;default&#8221; header_2_font=&#8221;&#8211;et_global_heading_font|700|||||||&#8221; header_2_text_color=&#8221;#000000&#8243; header_2_font_size=&#8221;50px&#8221; header_2_letter_spacing=&#8221;-1px&#8221; header_3_font=&#8221;|700|||||||&#8221; header_3_text_color=&#8221;#000000&#8243; header_3_font_size=&#8221;34px&#8221; locked=&#8221;off&#8221; global_colors_info=&#8221;{}&#8221;]<\/p>\n<h3>Benefits for caulking joints<br \/>\n<\/h3>\n<p>[\/et_pb_text][et_pb_text _builder_version=&#8221;4.27.4&#8243; _module_preset=&#8221;default&#8221; text_text_color=&#8221;#000000&#8243; text_font_size=&#8221;18px&#8221; global_colors_info=&#8221;{}&#8221;]This top-of-the-range sealant can be painted 24 hours after installation, but the paint will have to follow the elasticity of the Mulco Supra Expert or it will eventually appear cracked. Its elasticity is maintained above -35\u00b0, it does not sag, resists ultraviolet rays and absorbs temperature changes without any problems.[\/et_pb_text][et_pb_text _builder_version=&#8221;4.27.4&#8243; _module_preset=&#8221;default&#8221; header_2_font=&#8221;&#8211;et_global_heading_font|700|||||||&#8221; header_2_text_color=&#8221;#000000&#8243; header_2_font_size=&#8221;50px&#8221; header_2_letter_spacing=&#8221;-1px&#8221; header_3_font=&#8221;|700|||||||&#8221; header_3_text_color=&#8221;#000000&#8243; header_3_font_size=&#8221;34px&#8221; locked=&#8221;off&#8221; global_colors_info=&#8221;{}&#8221;]<\/p>\n<h3>More information<br \/>\n<\/h3>\n<p>[\/et_pb_text][et_pb_text _builder_version=&#8221;4.27.4&#8243; _module_preset=&#8221;default&#8221; text_text_color=&#8221;#000000&#8243; text_font_size=&#8221;18px&#8221; global_colors_info=&#8221;{}&#8221;]<\/p>\n<p>The seal will be carefully prepared, cleaned and perfectly dry, drying depends on climatic conditions (relative humidity \/ventilation). This sealing sealing seal does not contain silicone, it will be kept out of the reach of children.<br \/>[message type=&#8221;\u201dinfo\u201d&#8221;]Are you hesitant to caulk your windows yourself? Call<strong> 514 910 ELIT (3548)<\/strong> Our quote is free! You can also use our <a href=\"https:\/\/calfeutrage-elite.com\/contact\/\">contact form<\/a>[\/message] <a href=\"https:\/\/calfeutrage-elite.com\/en\/\">Elite Cauldration, Laval, Montreal South shore and north shore<\/a><\/p>\n<p>[\/et_pb_text][et_pb_blurb use_icon=&#8221;on&#8221; font_icon=&#8221;&#xf07c;||fa||400&#8243; icon_color=&#8221;#00C6FF&#8221; icon_placement=&#8221;left&#8221; image_icon_width=&#8221;33px&#8221; _builder_version=&#8221;4.27.4&#8243; _module_preset=&#8221;default&#8221; body_font=&#8221;|600|||||||&#8221; body_text_color=&#8221;#00C6FF&#8221; body_font_size=&#8221;18px&#8221; body_line_height=&#8221;2.3em&#8221; locked=&#8221;off&#8221; global_colors_info=&#8221;{}&#8221;]<\/p>\n<p><a href=\"https:\/\/calfeutrage-elite.com\/en\/sealants\/\" rel=\"category tag\">Produit scellant<\/a><\/p>\n<p>[\/et_pb_blurb][\/et_pb_column][et_pb_column type=&#8221;2_5&#8243; _builder_version=&#8221;4.27.4&#8243; _module_preset=&#8221;default&#8221; background_color=&#8221;#F6F8FA&#8221; background_enable_image=&#8221;off&#8221; custom_padding=&#8221;98px|30px|50px|120px|false|false&#8221; custom_padding_tablet=&#8221;98px|100px|50px|120px|false|false&#8221; custom_padding_phone=&#8221;98px|50px|50px|50px|false|false&#8221; custom_padding_last_edited=&#8221;on|phone&#8221; global_colors_info=&#8221;{}&#8221;][et_pb_blurb use_icon=&#8221;on&#8221; font_icon=&#8221;&#xe090;||divi||400&#8243; icon_color=&#8221;#00c6ff&#8221; icon_placement=&#8221;left&#8221; image_icon_width=&#8221;25px&#8221; _builder_version=&#8221;4.27.4&#8243; _module_preset=&#8221;default&#8221; header_text_color=&#8221;#FFFFFF&#8221; body_font=&#8221;Nunito Sans|700|||||||&#8221; body_text_align=&#8221;left&#8221; body_text_color=&#8221;#ffffff&#8221; body_font_size=&#8221;25px&#8221; body_line_height=&#8221;1.4em&#8221; image_icon_custom_margin=&#8221;5px||||false|false&#8221; custom_padding=&#8221;0px|0px|0px|0px|true|true&#8221; icon_font_size=&#8221;21px&#8221; locked=&#8221;off&#8221; global_colors_info=&#8221;{}&#8221;]<\/p>\n<p><a href=\"tel:450-473-3548\">450-473-3548<\/a><\/p>\n<p>[\/et_pb_blurb][et_pb_sidebar _builder_version=&#8221;4.27.4&#8243; _module_preset=&#8221;default&#8221; global_colors_info=&#8221;{}&#8221;][\/et_pb_sidebar][\/et_pb_column][\/et_pb_row][\/et_pb_section][et_pb_section fb_built=&#8221;1&#8243; module_class=&#8221;bg-attachment-fixed &#8221; _builder_version=&#8221;4.27.2&#8243; _module_preset=&#8221;default&#8221; use_background_color_gradient=&#8221;on&#8221; background_color_gradient_stops=&#8221;rgba(0,114,255,0.66) 0%|rgba(0,198,255,0.64) 100%&#8221; background_color_gradient_overlays_image=&#8221;on&#8221; background_image=&#8221;https:\/\/calfeutrage-elite.com\/wp-content\/uploads\/2024\/10\/Calfeutrage-4-scaled.jpg&#8221; background_position=&#8221;bottom_center&#8221; custom_padding=&#8221;100px||100px||true|false&#8221; locked=&#8221;off&#8221; global_colors_info=&#8221;{}&#8221;][et_pb_row _builder_version=&#8221;4.27.4&#8243; _module_preset=&#8221;default&#8221; width=&#8221;100%&#8221; max_width=&#8221;1310px&#8221; custom_padding=&#8221;|100px||100px|false|true&#8221; global_colors_info=&#8221;{}&#8221;][et_pb_column type=&#8221;4_4&#8243; module_class=&#8221;btn-line&#8221; _builder_version=&#8221;4.27.0&#8243; _module_preset=&#8221;default&#8221; global_colors_info=&#8221;{}&#8221;][et_pb_text _builder_version=&#8221;4.27.4&#8243; _module_preset=&#8221;default&#8221; header_3_font=&#8221;&#8211;et_global_heading_font|800||on|||||&#8221; header_3_text_align=&#8221;left&#8221; header_3_text_color=&#8221;#FFFFFF&#8221; header_3_font_size=&#8221;25px&#8221; header_3_line_height=&#8221;1.2em&#8221; text_orientation=&#8221;center&#8221; locked=&#8221;off&#8221; global_colors_info=&#8221;{}&#8221;]<\/p>\n<h3>Do you need to renovate your caulking?<\/h3>\n<p>[\/et_pb_text][et_pb_text _builder_version=&#8221;4.27.4&#8243; _module_preset=&#8221;default&#8221; text_font=&#8221;|600|||||||&#8221; text_text_color=&#8221;#FFFFFF&#8221; text_font_size=&#8221;18px&#8221; global_colors_info=&#8221;{}&#8221;]<\/p>\n<p>Request a quote, it&#8217;s fast and free.<\/p>\n<p>[\/et_pb_text][et_pb_button button_url=&#8221;@ET-DC@eyJkeW5hbWljIjp0cnVlLCJjb250ZW50IjoicG9zdF9saW5rX3VybF9wYWdlIiwic2V0dGluZ3MiOnsicG9zdF9pZCI6IjI2IiwiZW5hYmxlX2h0bWwiOiJvZmYifX0=@&#8221; button_text=&#8221;Contact&#8221; button_alignment=&#8221;left&#8221; _builder_version=&#8221;4.27.4&#8243; _dynamic_attributes=&#8221;button_url&#8221; _module_preset=&#8221;default&#8221; custom_button=&#8221;on&#8221; button_text_color=&#8221;#FFFFFF&#8221; button_bg_color=&#8221;RGBA(255,255,255,0)&#8221; button_border_width=&#8221;0px&#8221; button_border_radius=&#8221;0px&#8221; button_font=&#8221;&#8211;et_global_body_font|800||on|||||&#8221; button_use_icon=&#8221;off&#8221; custom_padding=&#8221;|0px||0px|false|true&#8221; locked=&#8221;off&#8221; global_colors_info=&#8221;{}&#8221; button_bg_color__hover_enabled=&#8221;on|desktop&#8221; button_bg_color__hover=&#8221;RGBA(255,255,255,0)&#8221;][\/et_pb_button][\/et_pb_column][\/et_pb_row][\/et_pb_section]<\/p>\n","protected":false},"excerpt":{"rendered":"<p>Your caulking expert on the North Shore and Greater Montreal uses different sealants depending on the context of the site. The parameters help us select the most suitable between silicone or polyurethane. The criterion of the necessary colours also comes into play and the supporting materials are taken into consideration. Sonneborn, Mulco and most often [&hellip;]<\/p>\n","protected":false},"author":1,"featured_media":0,"parent":0,"menu_order":0,"comment_status":"closed","ping_status":"closed","template":"","meta":{"_et_pb_use_builder":"on","_et_pb_old_content":"","_et_gb_content_width":"","footnotes":""},"class_list":["post-3870","page","type-page","status-publish","hentry"],"yoast_head":"<!-- This site is optimized with the Yoast SEO plugin v26.3 - https:\/\/yoast.com\/wordpress\/plugins\/seo\/ -->\n<title>Mulco Sealant - Calfeutrage elite<\/title>\n<meta name=\"robots\" content=\"index, follow, max-snippet:-1, max-image-preview:large, max-video-preview:-1\" \/>\n<link rel=\"canonical\" href=\"https:\/\/calfeutrage-elite.com\/en\/mulco-sealant\/\" \/>\n<meta property=\"og:locale\" content=\"en_US\" \/>\n<meta property=\"og:type\" content=\"article\" \/>\n<meta property=\"og:title\" content=\"Mulco Sealant - Calfeutrage elite\" \/>\n<meta property=\"og:description\" content=\"Your caulking expert on the North Shore and Greater Montreal uses different sealants depending on the context of the site. The parameters help us select the most suitable between silicone or polyurethane. The criterion of the necessary colours also comes into play and the supporting materials are taken into consideration. Sonneborn, Mulco and most often [&hellip;]\" \/>\n<meta property=\"og:url\" content=\"https:\/\/calfeutrage-elite.com\/en\/mulco-sealant\/\" \/>\n<meta property=\"og:site_name\" content=\"Calfeutrage elite\" \/>\n<meta property=\"article:modified_time\" content=\"2025-04-24T15:56:22+00:00\" \/>\n<meta name=\"twitter:card\" content=\"summary_large_image\" \/>\n<meta name=\"twitter:label1\" content=\"Est. reading time\" \/>\n\t<meta name=\"twitter:data1\" content=\"9 minutes\" \/>\n<script type=\"application\/ld+json\" class=\"yoast-schema-graph\">{\"@context\":\"https:\/\/schema.org\",\"@graph\":[{\"@type\":\"WebPage\",\"@id\":\"https:\/\/calfeutrage-elite.com\/en\/mulco-sealant\/\",\"url\":\"https:\/\/calfeutrage-elite.com\/en\/mulco-sealant\/\",\"name\":\"Mulco Sealant - Calfeutrage elite\",\"isPartOf\":{\"@id\":\"https:\/\/calfeutrage-elite.com\/en\/#website\"},\"primaryImageOfPage\":{\"@id\":\"https:\/\/calfeutrage-elite.com\/en\/mulco-sealant\/#primaryimage\"},\"image\":{\"@id\":\"https:\/\/calfeutrage-elite.com\/en\/mulco-sealant\/#primaryimage\"},\"thumbnailUrl\":\"https:\/\/calfeutrage-elite.com\/wp-content\/uploads\/2011\/04\/mulco-scellant-calfeutrage-fenetre.jpg\",\"datePublished\":\"2025-02-24T23:54:13+00:00\",\"dateModified\":\"2025-04-24T15:56:22+00:00\",\"breadcrumb\":{\"@id\":\"https:\/\/calfeutrage-elite.com\/en\/mulco-sealant\/#breadcrumb\"},\"inLanguage\":\"en-CA\",\"potentialAction\":[{\"@type\":\"ReadAction\",\"target\":[\"https:\/\/calfeutrage-elite.com\/en\/mulco-sealant\/\"]}]},{\"@type\":\"ImageObject\",\"inLanguage\":\"en-CA\",\"@id\":\"https:\/\/calfeutrage-elite.com\/en\/mulco-sealant\/#primaryimage\",\"url\":\"https:\/\/calfeutrage-elite.com\/wp-content\/uploads\/2011\/04\/mulco-scellant-calfeutrage-fenetre.jpg\",\"contentUrl\":\"https:\/\/calfeutrage-elite.com\/wp-content\/uploads\/2011\/04\/mulco-scellant-calfeutrage-fenetre.jpg\"},{\"@type\":\"BreadcrumbList\",\"@id\":\"https:\/\/calfeutrage-elite.com\/en\/mulco-sealant\/#breadcrumb\",\"itemListElement\":[{\"@type\":\"ListItem\",\"position\":1,\"name\":\"Home\",\"item\":\"https:\/\/calfeutrage-elite.com\/en\/\"},{\"@type\":\"ListItem\",\"position\":2,\"name\":\"Mulco Sealant\"}]},{\"@type\":\"WebSite\",\"@id\":\"https:\/\/calfeutrage-elite.com\/en\/#website\",\"url\":\"https:\/\/calfeutrage-elite.com\/en\/\",\"name\":\"Calfeutrage elite\",\"description\":\"L&#039;\u00e9lite du calfeutrage \u00e0 Montr\u00e9al\",\"potentialAction\":[{\"@type\":\"SearchAction\",\"target\":{\"@type\":\"EntryPoint\",\"urlTemplate\":\"https:\/\/calfeutrage-elite.com\/en\/?s={search_term_string}\"},\"query-input\":{\"@type\":\"PropertyValueSpecification\",\"valueRequired\":true,\"valueName\":\"search_term_string\"}}],\"inLanguage\":\"en-CA\"}]}<\/script>\n<!-- \/ Yoast SEO plugin. -->","yoast_head_json":{"title":"Mulco Sealant - Calfeutrage elite","robots":{"index":"index","follow":"follow","max-snippet":"max-snippet:-1","max-image-preview":"max-image-preview:large","max-video-preview":"max-video-preview:-1"},"canonical":"https:\/\/calfeutrage-elite.com\/en\/mulco-sealant\/","og_locale":"en_US","og_type":"article","og_title":"Mulco Sealant - Calfeutrage elite","og_description":"Your caulking expert on the North Shore and Greater Montreal uses different sealants depending on the context of the site. The parameters help us select the most suitable between silicone or polyurethane. The criterion of the necessary colours also comes into play and the supporting materials are taken into consideration. Sonneborn, Mulco and most often [&hellip;]","og_url":"https:\/\/calfeutrage-elite.com\/en\/mulco-sealant\/","og_site_name":"Calfeutrage elite","article_modified_time":"2025-04-24T15:56:22+00:00","twitter_card":"summary_large_image","twitter_misc":{"Est. reading time":"9 minutes"},"schema":{"@context":"https:\/\/schema.org","@graph":[{"@type":"WebPage","@id":"https:\/\/calfeutrage-elite.com\/en\/mulco-sealant\/","url":"https:\/\/calfeutrage-elite.com\/en\/mulco-sealant\/","name":"Mulco Sealant - Calfeutrage elite","isPartOf":{"@id":"https:\/\/calfeutrage-elite.com\/en\/#website"},"primaryImageOfPage":{"@id":"https:\/\/calfeutrage-elite.com\/en\/mulco-sealant\/#primaryimage"},"image":{"@id":"https:\/\/calfeutrage-elite.com\/en\/mulco-sealant\/#primaryimage"},"thumbnailUrl":"https:\/\/calfeutrage-elite.com\/wp-content\/uploads\/2011\/04\/mulco-scellant-calfeutrage-fenetre.jpg","datePublished":"2025-02-24T23:54:13+00:00","dateModified":"2025-04-24T15:56:22+00:00","breadcrumb":{"@id":"https:\/\/calfeutrage-elite.com\/en\/mulco-sealant\/#breadcrumb"},"inLanguage":"en-CA","potentialAction":[{"@type":"ReadAction","target":["https:\/\/calfeutrage-elite.com\/en\/mulco-sealant\/"]}]},{"@type":"ImageObject","inLanguage":"en-CA","@id":"https:\/\/calfeutrage-elite.com\/en\/mulco-sealant\/#primaryimage","url":"https:\/\/calfeutrage-elite.com\/wp-content\/uploads\/2011\/04\/mulco-scellant-calfeutrage-fenetre.jpg","contentUrl":"https:\/\/calfeutrage-elite.com\/wp-content\/uploads\/2011\/04\/mulco-scellant-calfeutrage-fenetre.jpg"},{"@type":"BreadcrumbList","@id":"https:\/\/calfeutrage-elite.com\/en\/mulco-sealant\/#breadcrumb","itemListElement":[{"@type":"ListItem","position":1,"name":"Home","item":"https:\/\/calfeutrage-elite.com\/en\/"},{"@type":"ListItem","position":2,"name":"Mulco Sealant"}]},{"@type":"WebSite","@id":"https:\/\/calfeutrage-elite.com\/en\/#website","url":"https:\/\/calfeutrage-elite.com\/en\/","name":"Calfeutrage elite","description":"L&#039;\u00e9lite du calfeutrage \u00e0 Montr\u00e9al","potentialAction":[{"@type":"SearchAction","target":{"@type":"EntryPoint","urlTemplate":"https:\/\/calfeutrage-elite.com\/en\/?s={search_term_string}"},"query-input":{"@type":"PropertyValueSpecification","valueRequired":true,"valueName":"search_term_string"}}],"inLanguage":"en-CA"}]}},"_links":{"self":[{"href":"https:\/\/calfeutrage-elite.com\/en\/wp-json\/wp\/v2\/pages\/3870","targetHints":{"allow":["GET"]}}],"collection":[{"href":"https:\/\/calfeutrage-elite.com\/en\/wp-json\/wp\/v2\/pages"}],"about":[{"href":"https:\/\/calfeutrage-elite.com\/en\/wp-json\/wp\/v2\/types\/page"}],"author":[{"embeddable":true,"href":"https:\/\/calfeutrage-elite.com\/en\/wp-json\/wp\/v2\/users\/1"}],"replies":[{"embeddable":true,"href":"https:\/\/calfeutrage-elite.com\/en\/wp-json\/wp\/v2\/comments?post=3870"}],"version-history":[{"count":6,"href":"https:\/\/calfeutrage-elite.com\/en\/wp-json\/wp\/v2\/pages\/3870\/revisions"}],"predecessor-version":[{"id":4973,"href":"https:\/\/calfeutrage-elite.com\/en\/wp-json\/wp\/v2\/pages\/3870\/revisions\/4973"}],"wp:attachment":[{"href":"https:\/\/calfeutrage-elite.com\/en\/wp-json\/wp\/v2\/media?parent=3870"}],"curies":[{"name":"wp","href":"https:\/\/api.w.org\/{rel}","templated":true}]}}