{"id":3883,"date":"2025-03-20T15:44:12","date_gmt":"2025-03-20T15:44:12","guid":{"rendered":"https:\/\/calfeutrage-elite.com\/quotes-evaluations-quotes\/"},"modified":"2025-03-20T15:44:12","modified_gmt":"2025-03-20T15:44:12","slug":"quotes-evaluations-quotes","status":"publish","type":"page","link":"https:\/\/calfeutrage-elite.com\/en\/quotes-evaluations-quotes\/","title":{"rendered":"Quotes Evaluations Quotes"},"content":{"rendered":"","protected":false},"excerpt":{"rendered":"","protected":false},"author":1,"featured_media":0,"parent":0,"menu_order":0,"comment_status":"closed","ping_status":"closed","template":"","meta":{"_et_pb_use_builder":"on","_et_pb_old_content":"","_et_gb_content_width":"","footnotes":""},"class_list":["post-3883","page","type-page","status-publish","hentry"],"yoast_head":"<!-- This site is optimized with the Yoast SEO plugin v26.3 - https:\/\/yoast.com\/wordpress\/plugins\/seo\/ -->\n<title>How are caulk submissions made?<\/title>\n<meta name=\"description\" content=\"Everything you need to know about caulking submissions. Does the customer have to be present during an estimate of caulking work? Can the quote be made by phone? When do we have to pay? Answers and arguments on our FAQ questions\/answers explained by our caulking experts in Montreal.\" \/>\n<meta name=\"robots\" content=\"index, follow, max-snippet:-1, max-image-preview:large, max-video-preview:-1\" \/>\n<link rel=\"canonical\" href=\"https:\/\/calfeutrage-elite.com\/en\/quotes-evaluations-quotes\/\" \/>\n<meta property=\"og:locale\" content=\"en_US\" \/>\n<meta property=\"og:type\" content=\"article\" \/>\n<meta property=\"og:title\" content=\"How are caulk submissions made?\" \/>\n<meta property=\"og:description\" content=\"Everything you need to know about caulking submissions. Does the customer have to be present during an estimate of caulking work? Can the quote be made by phone? When do we have to pay? Answers and arguments on our FAQ questions\/answers explained by our caulking experts in Montreal.\" \/>\n<meta property=\"og:url\" content=\"https:\/\/calfeutrage-elite.com\/en\/quotes-evaluations-quotes\/\" \/>\n<meta property=\"og:site_name\" content=\"Calfeutrage elite\" \/>\n<meta name=\"twitter:card\" content=\"summary_large_image\" \/>\n<script type=\"application\/ld+json\" class=\"yoast-schema-graph\">{\"@context\":\"https:\/\/schema.org\",\"@graph\":[{\"@type\":\"WebPage\",\"@id\":\"https:\/\/calfeutrage-elite.com\/en\/quotes-evaluations-quotes\/\",\"url\":\"https:\/\/calfeutrage-elite.com\/en\/quotes-evaluations-quotes\/\",\"name\":\"How are caulk submissions made?\",\"isPartOf\":{\"@id\":\"https:\/\/calfeutrage-elite.com\/en\/#website\"},\"datePublished\":\"2025-03-20T15:44:12+00:00\",\"description\":\"Everything you need to know about caulking submissions. Does the customer have to be present during an estimate of caulking work? Can the quote be made by phone? When do we have to pay? Answers and arguments on our FAQ questions\/answers explained by our caulking experts in Montreal.\",\"breadcrumb\":{\"@id\":\"https:\/\/calfeutrage-elite.com\/en\/quotes-evaluations-quotes\/#breadcrumb\"},\"inLanguage\":\"en-CA\",\"potentialAction\":[{\"@type\":\"ReadAction\",\"target\":[\"https:\/\/calfeutrage-elite.com\/en\/quotes-evaluations-quotes\/\"]}]},{\"@type\":\"BreadcrumbList\",\"@id\":\"https:\/\/calfeutrage-elite.com\/en\/quotes-evaluations-quotes\/#breadcrumb\",\"itemListElement\":[{\"@type\":\"ListItem\",\"position\":1,\"name\":\"Home\",\"item\":\"https:\/\/calfeutrage-elite.com\/en\/\"},{\"@type\":\"ListItem\",\"position\":2,\"name\":\"Quotes Evaluations Quotes\"}]},{\"@type\":\"WebSite\",\"@id\":\"https:\/\/calfeutrage-elite.com\/en\/#website\",\"url\":\"https:\/\/calfeutrage-elite.com\/en\/\",\"name\":\"Calfeutrage elite\",\"description\":\"L&#039;\u00e9lite du calfeutrage \u00e0 Montr\u00e9al\",\"potentialAction\":[{\"@type\":\"SearchAction\",\"target\":{\"@type\":\"EntryPoint\",\"urlTemplate\":\"https:\/\/calfeutrage-elite.com\/en\/?s={search_term_string}\"},\"query-input\":{\"@type\":\"PropertyValueSpecification\",\"valueRequired\":true,\"valueName\":\"search_term_string\"}}],\"inLanguage\":\"en-CA\"}]}<\/script>\n<!-- \/ Yoast SEO plugin. -->","yoast_head_json":{"title":"How are caulk submissions made?","description":"Everything you need to know about caulking submissions. Does the customer have to be present during an estimate of caulking work? Can the quote be made by phone? When do we have to pay? Answers and arguments on our FAQ questions\/answers explained by our caulking experts in Montreal.","robots":{"index":"index","follow":"follow","max-snippet":"max-snippet:-1","max-image-preview":"max-image-preview:large","max-video-preview":"max-video-preview:-1"},"canonical":"https:\/\/calfeutrage-elite.com\/en\/quotes-evaluations-quotes\/","og_locale":"en_US","og_type":"article","og_title":"How are caulk submissions made?","og_description":"Everything you need to know about caulking submissions. Does the customer have to be present during an estimate of caulking work? Can the quote be made by phone? When do we have to pay? Answers and arguments on our FAQ questions\/answers explained by our caulking experts in Montreal.","og_url":"https:\/\/calfeutrage-elite.com\/en\/quotes-evaluations-quotes\/","og_site_name":"Calfeutrage elite","twitter_card":"summary_large_image","schema":{"@context":"https:\/\/schema.org","@graph":[{"@type":"WebPage","@id":"https:\/\/calfeutrage-elite.com\/en\/quotes-evaluations-quotes\/","url":"https:\/\/calfeutrage-elite.com\/en\/quotes-evaluations-quotes\/","name":"How are caulk submissions made?","isPartOf":{"@id":"https:\/\/calfeutrage-elite.com\/en\/#website"},"datePublished":"2025-03-20T15:44:12+00:00","description":"Everything you need to know about caulking submissions. Does the customer have to be present during an estimate of caulking work? Can the quote be made by phone? When do we have to pay? Answers and arguments on our FAQ questions\/answers explained by our caulking experts in Montreal.","breadcrumb":{"@id":"https:\/\/calfeutrage-elite.com\/en\/quotes-evaluations-quotes\/#breadcrumb"},"inLanguage":"en-CA","potentialAction":[{"@type":"ReadAction","target":["https:\/\/calfeutrage-elite.com\/en\/quotes-evaluations-quotes\/"]}]},{"@type":"BreadcrumbList","@id":"https:\/\/calfeutrage-elite.com\/en\/quotes-evaluations-quotes\/#breadcrumb","itemListElement":[{"@type":"ListItem","position":1,"name":"Home","item":"https:\/\/calfeutrage-elite.com\/en\/"},{"@type":"ListItem","position":2,"name":"Quotes Evaluations Quotes"}]},{"@type":"WebSite","@id":"https:\/\/calfeutrage-elite.com\/en\/#website","url":"https:\/\/calfeutrage-elite.com\/en\/","name":"Calfeutrage elite","description":"L&#039;\u00e9lite du calfeutrage \u00e0 Montr\u00e9al","potentialAction":[{"@type":"SearchAction","target":{"@type":"EntryPoint","urlTemplate":"https:\/\/calfeutrage-elite.com\/en\/?s={search_term_string}"},"query-input":{"@type":"PropertyValueSpecification","valueRequired":true,"valueName":"search_term_string"}}],"inLanguage":"en-CA"}]}},"_links":{"self":[{"href":"https:\/\/calfeutrage-elite.com\/en\/wp-json\/wp\/v2\/pages\/3883","targetHints":{"allow":["GET"]}}],"collection":[{"href":"https:\/\/calfeutrage-elite.com\/en\/wp-json\/wp\/v2\/pages"}],"about":[{"href":"https:\/\/calfeutrage-elite.com\/en\/wp-json\/wp\/v2\/types\/page"}],"author":[{"embeddable":true,"href":"https:\/\/calfeutrage-elite.com\/en\/wp-json\/wp\/v2\/users\/1"}],"replies":[{"embeddable":true,"href":"https:\/\/calfeutrage-elite.com\/en\/wp-json\/wp\/v2\/comments?post=3883"}],"version-history":[{"count":0,"href":"https:\/\/calfeutrage-elite.com\/en\/wp-json\/wp\/v2\/pages\/3883\/revisions"}],"wp:attachment":[{"href":"https:\/\/calfeutrage-elite.com\/en\/wp-json\/wp\/v2\/media?parent=3883"}],"curies":[{"name":"wp","href":"https:\/\/api.w.org\/{rel}","templated":true}]}}